{"id":844,"date":"2023-08-08T13:27:29","date_gmt":"2023-08-08T10:27:29","guid":{"rendered":"https:\/\/e-kalastus.ee\/toode\/noor-shimano-kairiki-mysterious-power-023mm-150m-green\/"},"modified":"2026-04-16T15:49:40","modified_gmt":"2026-04-16T12:49:40","slug":"noor-shimano-kairiki-mysterious-power-023mm-150m-green","status":"publish","type":"product","link":"https:\/\/e-kalastus.ee\/fi\/tuotteet\/shimano-kairiki-x8-mantis-green-punottusiima-023mm-150m\/","title":{"rendered":"Shimano Kairiki X8 Mantis Green 0.23mm\/22.50kg\/150m"},"content":{"rendered":"<p><\/p>\n<p><b>Kairikill\u00e4 on uusi ulkoasu ja se on nyt valmistettu uudella VT-rakennemenetelm\u00e4ll\u00e4, joka tarjoaa tasaisemman pinnan pidemmille heitoille.<\/b><\/p>\n<p>Uuden ulkoasun omaava <b>Kairiki SX8<\/b> tunnetaan nyt nimell\u00e4 <b>Kairiki 8<\/b> ja se on valmistettu <b>VT-rakennemenetelm\u00e4ll\u00e4<\/b>, joka luodaan kohdistamalla vahvaa j\u00e4nnityst\u00e4 vastakkaisiin suuntiin punontaprosessin aikana, antaen <b>punottusiimalle<\/b> tasaisemman pinnan ja paremman herkkyyden. <b>Siima<\/b> on my\u00f6s v\u00e4hemm\u00e4n meluisa kiitos tasaisemman pinnan, koska se aiheuttaa v\u00e4hemm\u00e4n kitkaa renkaiden v\u00e4lill\u00e4, minimoiden heittomelua.<\/p>\n<p><\/p>\n\n    <div class=\"xs_social_share_widget xs_share_url after_content \t\tmain_content  wslu-style-1 wslu-share-box-shaped wslu-fill-colored wslu-none wslu-share-horizontal wslu-theme-font-no wslu-main_content\">\n\n\t\t\n        <ul>\n\t\t\t        <\/ul>\n    <\/div>","protected":false},"excerpt":{"rendered":"<p>Punottu siima Kairiki X8 &#8211; 150 metri\u00e4 yleisk\u00e4ytt\u00f6ist\u00e4 siimaa. Valmistettu Japanissa!<\/p>\n","protected":false},"featured_media":70404,"template":"","meta":{"_uag_custom_page_level_css":""},"product_brand":[762],"product_cat":[1158],"product_tag":[],"class_list":{"0":"post-844","1":"product","2":"type-product","3":"status-publish","4":"has-post-thumbnail","6":"product_brand-shimano","7":"product_cat-noorid","8":"pa_brand-shimano","9":"pa_labimoot-0-21-0-25mm","11":"first","12":"outofstock","13":"taxable","14":"shipping-taxable","15":"purchasable","16":"product-type-simple"},"uagb_featured_image_src":{"full":["https:\/\/e-kalastus.b-cdn.net\/wp-content\/uploads\/2024\/07\/Unknown-282.jpg",225,225,false],"thumbnail":["https:\/\/e-kalastus.b-cdn.net\/wp-content\/uploads\/2024\/07\/Unknown-282-150x150.jpg",150,150,true],"medium":["https:\/\/e-kalastus.b-cdn.net\/wp-content\/uploads\/2024\/07\/Unknown-282-300x300.jpg",300,300,true],"medium_large":["https:\/\/e-kalastus.b-cdn.net\/wp-content\/uploads\/2024\/07\/Unknown-282-768x768.jpg",768,768,true],"large":["https:\/\/e-kalastus.b-cdn.net\/wp-content\/uploads\/2024\/07\/Unknown-282-800x800.jpg",800,800,true],"1536x1536":["https:\/\/e-kalastus.b-cdn.net\/wp-content\/uploads\/2024\/07\/Unknown-282.jpg",225,225,false],"2048x2048":["https:\/\/e-kalastus.b-cdn.net\/wp-content\/uploads\/2024\/07\/Unknown-282.jpg",225,225,false],"woocommerce_thumbnail":["https:\/\/e-kalastus.b-cdn.net\/wp-content\/uploads\/2024\/07\/Unknown-282-768x768.jpg",324,324,true],"woocommerce_single":["https:\/\/e-kalastus.b-cdn.net\/wp-content\/uploads\/2024\/07\/Unknown-282-768x768.jpg",416,416,true],"woocommerce_gallery_thumbnail":["https:\/\/e-kalastus.b-cdn.net\/wp-content\/uploads\/2024\/07\/Unknown-282-100x100.jpg",100,100,true]},"uagb_author_info":{"display_name":"adam.mrozek","author_link":"https:\/\/e-kalastus.ee\/fi\/author\/"},"uagb_comment_info":0,"uagb_excerpt":"Punottu siima Kairiki X8 - 150 metri\u00e4 yleisk\u00e4ytt\u00f6ist\u00e4 siimaa. Valmistettu Japanissa!","_links":{"self":[{"href":"https:\/\/e-kalastus.ee\/fi\/wp-json\/wp\/v2\/product\/844","targetHints":{"allow":["GET"]}}],"collection":[{"href":"https:\/\/e-kalastus.ee\/fi\/wp-json\/wp\/v2\/product"}],"about":[{"href":"https:\/\/e-kalastus.ee\/fi\/wp-json\/wp\/v2\/types\/product"}],"wp:featuredmedia":[{"embeddable":true,"href":"https:\/\/e-kalastus.ee\/fi\/wp-json\/wp\/v2\/media\/70404"}],"wp:attachment":[{"href":"https:\/\/e-kalastus.ee\/fi\/wp-json\/wp\/v2\/media?parent=844"}],"wp:term":[{"taxonomy":"product_brand","embeddable":true,"href":"https:\/\/e-kalastus.ee\/fi\/wp-json\/wp\/v2\/product_brand?post=844"},{"taxonomy":"product_cat","embeddable":true,"href":"https:\/\/e-kalastus.ee\/fi\/wp-json\/wp\/v2\/product_cat?post=844"},{"taxonomy":"product_tag","embeddable":true,"href":"https:\/\/e-kalastus.ee\/fi\/wp-json\/wp\/v2\/product_tag?post=844"}],"curies":[{"name":"wp","href":"https:\/\/api.w.org\/{rel}","templated":true}]}}