{"id":80592,"date":"2025-05-23T15:16:12","date_gmt":"2025-05-23T12:16:12","guid":{"rendered":"https:\/\/e-kalastus.ee\/toode\/noor-shimano-kairiki-x8-mantis-green-vt-method-0-28mm-304kg-150m\/"},"modified":"2026-03-30T15:34:46","modified_gmt":"2026-03-30T12:34:46","slug":"noor-shimano-kairiki-x8-mantis-green-vt-method-0-28mm-304kg-150m","status":"publish","type":"product","link":"https:\/\/e-kalastus.ee\/toode\/noor-shimano-kairiki-x8-mantis-green-vt-method-0-28mm-304kg-150m\/","title":{"rendered":"Shimano Kairiki X8 Mantis Green VT Method 0.28mm 30,4kg 150m"},"content":{"rendered":"<p><\/p>\n<p class=\"p1\" style=\"font-size: 13px;line-height: normal;margin: 0px\"><b>Kairikil on uus v\u00e4limus ja see on n\u00fc\u00fcd valmistatud uue VT-konstruktsiooni meetodi abil, mis annab sujuvama viimistluse pikematele visetele.<\/b><\/p>\n<p class=\"p1\" style=\"font-size: 13px;line-height: normal;margin: 0px\">Uue v\u00e4limusega&nbsp;<b>Kairiki SX8<\/b>&nbsp;on n\u00fc\u00fcd tuntud kui&nbsp;<b>Kairiki 8<\/b>&nbsp;ja see on valmistatud&nbsp;<b>VT-konstruktsiooni meetodi<\/b>&nbsp;abil, mis luuakse punumisprotsessi ajal vastasotstes tugeva pinge rakendamisel, andes&nbsp;<b>n\u00f6\u00f6rile<\/b>&nbsp;sujuvama viimistluse ja parema tundlikkuse.&nbsp;<b>N\u00f6\u00f6r<\/b>&nbsp;on t\u00e4nu sujuvamale viimistlusele ka v\u00e4hem m\u00fcra, kuna see tekitab r\u00f5ngaste vahel v\u00e4hem h\u00f5\u00f5rdumist, minimeerides viskem\u00fcra.<\/p>\n<p><\/p>\n\n    <div class=\"xs_social_share_widget xs_share_url after_content \t\tmain_content  wslu-style-1 wslu-share-box-shaped wslu-fill-colored wslu-none wslu-share-horizontal wslu-theme-font-no wslu-main_content\">\n\n\t\t\n        <ul>\n\t\t\t        <\/ul>\n    <\/div>","protected":false},"excerpt":{"rendered":"<p>Punutud  n\u00f6\u00f6r Kairiki X8 &#8211; 150 meetrit universaalset n\u00f6\u00f6ri. Valmistatud Jaapanis!<\/p>\n","protected":false},"featured_media":80591,"template":"","meta":{"_uag_custom_page_level_css":""},"product_brand":[762],"product_cat":[1158],"product_tag":[],"class_list":{"0":"post-80592","1":"product","2":"type-product","3":"status-publish","4":"has-post-thumbnail","6":"product_brand-shimano","7":"product_cat-noorid","8":"pa_brand-shimano","10":"first","11":"instock","12":"taxable","13":"shipping-taxable","14":"purchasable","15":"product-type-simple"},"uagb_featured_image_src":{"full":["https:\/\/e-kalastus.b-cdn.net\/wp-content\/uploads\/2025\/05\/image-40292.png",572,572,false],"thumbnail":["https:\/\/e-kalastus.b-cdn.net\/wp-content\/uploads\/2025\/05\/image-40292-150x150.png.jpg",150,150,true],"medium":["https:\/\/e-kalastus.b-cdn.net\/wp-content\/uploads\/2025\/05\/image-40292-300x300.png.jpg",300,300,true],"medium_large":["https:\/\/e-kalastus.b-cdn.net\/wp-content\/uploads\/2025\/05\/image-40292-768x768.png.jpg",768,768,true],"large":["https:\/\/e-kalastus.b-cdn.net\/wp-content\/uploads\/2025\/05\/image-40292-800x800.png.jpg",800,800,true],"1536x1536":["https:\/\/e-kalastus.b-cdn.net\/wp-content\/uploads\/2025\/05\/image-40292.png",572,572,false],"2048x2048":["https:\/\/e-kalastus.b-cdn.net\/wp-content\/uploads\/2025\/05\/image-40292.png",572,572,false],"woocommerce_thumbnail":["https:\/\/e-kalastus.b-cdn.net\/wp-content\/uploads\/2025\/05\/image-40292-768x768.png.jpg",324,324,true],"woocommerce_single":["https:\/\/e-kalastus.b-cdn.net\/wp-content\/uploads\/2025\/05\/image-40292-768x768.png.jpg",416,416,true],"woocommerce_gallery_thumbnail":["https:\/\/e-kalastus.b-cdn.net\/wp-content\/uploads\/2025\/05\/image-40292-100x100.png.jpg",100,100,true]},"uagb_author_info":{"display_name":"Roman Jakovlev","author_link":"https:\/\/e-kalastus.ee\/author\/"},"uagb_comment_info":0,"uagb_excerpt":"Punutud n\u00f6\u00f6r Kairiki X8 - 150 meetrit universaalset n\u00f6\u00f6ri. Valmistatud Jaapanis!","_links":{"self":[{"href":"https:\/\/e-kalastus.ee\/wp-json\/wp\/v2\/product\/80592","targetHints":{"allow":["GET"]}}],"collection":[{"href":"https:\/\/e-kalastus.ee\/wp-json\/wp\/v2\/product"}],"about":[{"href":"https:\/\/e-kalastus.ee\/wp-json\/wp\/v2\/types\/product"}],"wp:featuredmedia":[{"embeddable":true,"href":"https:\/\/e-kalastus.ee\/wp-json\/wp\/v2\/media\/80591"}],"wp:attachment":[{"href":"https:\/\/e-kalastus.ee\/wp-json\/wp\/v2\/media?parent=80592"}],"wp:term":[{"taxonomy":"product_brand","embeddable":true,"href":"https:\/\/e-kalastus.ee\/wp-json\/wp\/v2\/product_brand?post=80592"},{"taxonomy":"product_cat","embeddable":true,"href":"https:\/\/e-kalastus.ee\/wp-json\/wp\/v2\/product_cat?post=80592"},{"taxonomy":"product_tag","embeddable":true,"href":"https:\/\/e-kalastus.ee\/wp-json\/wp\/v2\/product_tag?post=80592"}],"curies":[{"name":"wp","href":"https:\/\/api.w.org\/{rel}","templated":true}]}}