{"id":80495,"date":"2025-05-20T12:34:50","date_gmt":"2025-05-20T09:34:50","guid":{"rendered":"https:\/\/e-kalastus.ee\/toode\/silikoon-westin-hypoteez-shadtail-9cm-5g-3tk-motoroil-fuel\/"},"modified":"2026-04-16T16:38:00","modified_gmt":"2026-04-16T13:38:00","slug":"silikoon-westin-hypoteez-shadtail-9cm-5g-3tk-motoroil-fuel","status":"publish","type":"product","link":"https:\/\/e-kalastus.ee\/fi\/tuotteet\/westin-hypoteez-shadtail-9cm-5g-3kpl-motoroil-fuel\/","title":{"rendered":"Westin Hypoteez Shadtail 9cm 5g 3kpl #Motoroil Fuel"},"content":{"rendered":"<p><\/p>\n<p>Hypnotisoi neit\u00e4 HypoTeezill\u00e4. Nimi tulee kuoreen (Hypomesus Olidus) latinankielisest\u00e4 nimest\u00e4, ja t\u00e4m\u00e4 k\u00e4sinmaalattu pieni viehe n\u00e4ytt\u00e4\u00e4 niin aitolta, ett\u00e4 edes oikea emakala ei erottaisi sit\u00e4. Heit\u00e4 se veteen ja se alkaa uida heti pintaan osuttuaan. Kun se sitten v\u00e4reillen ohittaa j\u00e4ttil\u00e4isahvenia ja n\u00e4lk\u00e4isi\u00e4 haukia, naulaten ne katseillaan realistisilla kalansilmill\u00e4\u00e4n ja lumoamalla t\u00e4ydellisell\u00e4 uimaliikkeell\u00e4\u00e4n, ne eiv\u00e4t voi vastustaa.<\/p>\n<ul>\n<li>\n<p role=\"presentation\">Optimoitu joustavuus<br \/>\n\t&nbsp;<\/p>\n<\/li>\n<li>\n<p role=\"presentation\">Realistiset silm\u00e4t<br \/>\n\t&nbsp;<\/p>\n<\/li>\n<li>\n<p role=\"presentation\">El\u00e4v\u00e4nveroinen viehe<br \/>\n\t&nbsp;<\/p>\n<\/li>\n<li>\n<p role=\"presentation\">Kaventava runko pyrst\u00f6nivelmukaisuudella<br \/>\n\t&nbsp;<\/p>\n<\/li>\n<li>\n<p role=\"presentation\">Helposti leikitt\u00e4v\u00e4 melapyrst\u00f6<br \/>\n\t&nbsp;<\/p>\n<\/li>\n<li>\n<p role=\"presentation\">Yksityiskohtainen k\u00e4sinmaalattu viimeistely<\/p>\n<\/li>\n<\/ul>\n<p><\/p>\n\n    <div class=\"xs_social_share_widget xs_share_url after_content \t\tmain_content  wslu-style-1 wslu-share-box-shaped wslu-fill-colored wslu-none wslu-share-horizontal wslu-theme-font-no wslu-main_content\">\n\n\t\t\n        <ul>\n\t\t\t        <\/ul>\n    <\/div>","protected":false},"excerpt":{"rendered":"<p>HypoTeez on el\u00e4v\u00e4nveroinen ja k\u00e4sin viimeistelty viehe, joka ui v\u00e4litt\u00f6m\u00e4sti veteen joutuessaan ja houkuttelee jopa varovaisimmat petokalat realistisella liikkeell\u00e4\u00e4n.<\/p>\n","protected":false},"featured_media":80494,"template":"","meta":{"_uag_custom_page_level_css":""},"product_brand":[763],"product_cat":[1418],"product_tag":[],"class_list":{"0":"post-80495","1":"product","2":"type-product","3":"status-publish","4":"has-post-thumbnail","6":"product_brand-westin","7":"product_cat-hypoteez","8":"pa_brand-westin","10":"first","11":"instock","12":"taxable","13":"shipping-taxable","14":"purchasable","15":"product-type-simple"},"uagb_featured_image_src":{"full":["https:\/\/e-kalastus.b-cdn.net\/wp-content\/uploads\/2025\/05\/image-40044.png",846,846,false],"thumbnail":["https:\/\/e-kalastus.b-cdn.net\/wp-content\/uploads\/2025\/05\/image-40044-150x150.png.jpg",150,150,true],"medium":["https:\/\/e-kalastus.b-cdn.net\/wp-content\/uploads\/2025\/05\/image-40044-300x300.png.jpg",300,300,true],"medium_large":["https:\/\/e-kalastus.b-cdn.net\/wp-content\/uploads\/2025\/05\/image-40044-768x768.png.jpg",768,768,true],"large":["https:\/\/e-kalastus.b-cdn.net\/wp-content\/uploads\/2025\/05\/image-40044-800x800.png.jpg",800,800,true],"1536x1536":["https:\/\/e-kalastus.b-cdn.net\/wp-content\/uploads\/2025\/05\/image-40044.png",846,846,false],"2048x2048":["https:\/\/e-kalastus.b-cdn.net\/wp-content\/uploads\/2025\/05\/image-40044.png",846,846,false],"woocommerce_thumbnail":["https:\/\/e-kalastus.b-cdn.net\/wp-content\/uploads\/2025\/05\/image-40044-768x768.png.jpg",324,324,true],"woocommerce_single":["https:\/\/e-kalastus.b-cdn.net\/wp-content\/uploads\/2025\/05\/image-40044-768x768.png.jpg",416,416,true],"woocommerce_gallery_thumbnail":["https:\/\/e-kalastus.b-cdn.net\/wp-content\/uploads\/2025\/05\/image-40044-100x100.png.jpg",100,100,true]},"uagb_author_info":{"display_name":"Roman Jakovlev","author_link":"https:\/\/e-kalastus.ee\/fi\/author\/"},"uagb_comment_info":0,"uagb_excerpt":"HypoTeez on el\u00e4v\u00e4nveroinen ja k\u00e4sin viimeistelty viehe, joka ui v\u00e4litt\u00f6m\u00e4sti veteen joutuessaan ja houkuttelee jopa varovaisimmat petokalat realistisella liikkeell\u00e4\u00e4n.","_links":{"self":[{"href":"https:\/\/e-kalastus.ee\/fi\/wp-json\/wp\/v2\/product\/80495","targetHints":{"allow":["GET"]}}],"collection":[{"href":"https:\/\/e-kalastus.ee\/fi\/wp-json\/wp\/v2\/product"}],"about":[{"href":"https:\/\/e-kalastus.ee\/fi\/wp-json\/wp\/v2\/types\/product"}],"wp:featuredmedia":[{"embeddable":true,"href":"https:\/\/e-kalastus.ee\/fi\/wp-json\/wp\/v2\/media\/80494"}],"wp:attachment":[{"href":"https:\/\/e-kalastus.ee\/fi\/wp-json\/wp\/v2\/media?parent=80495"}],"wp:term":[{"taxonomy":"product_brand","embeddable":true,"href":"https:\/\/e-kalastus.ee\/fi\/wp-json\/wp\/v2\/product_brand?post=80495"},{"taxonomy":"product_cat","embeddable":true,"href":"https:\/\/e-kalastus.ee\/fi\/wp-json\/wp\/v2\/product_cat?post=80495"},{"taxonomy":"product_tag","embeddable":true,"href":"https:\/\/e-kalastus.ee\/fi\/wp-json\/wp\/v2\/product_tag?post=80495"}],"curies":[{"name":"wp","href":"https:\/\/api.w.org\/{rel}","templated":true}]}}