{"id":80493,"date":"2025-05-20T12:05:18","date_gmt":"2025-05-20T09:05:18","guid":{"rendered":"https:\/\/e-kalastus.ee\/toode\/silikoon-westin-ned-worm-7cm-3g-7tk-glow-ako\/"},"modified":"2026-03-30T15:20:38","modified_gmt":"2026-03-30T12:20:38","slug":"silikoon-westin-ned-worm-7cm-3g-7tk-glow-ako","status":"publish","type":"product","link":"https:\/\/e-kalastus.ee\/toode\/silikoon-westin-ned-worm-7cm-3g-7tk-glow-ako\/","title":{"rendered":"Westin Ned Worm 7cm 3g 7tk #Glow AKO"},"content":{"rendered":"<p><\/p>\n<p dir=\"ltr\" style=\"line-height:1.7999999999999998;margin-top:12pt;margin-bottom:12pt\"><span id=\"docs-internal-guid-b63bef68-7fff-65da-8ad3-65dd61cec800\"><span style=\"font-size: 11pt;font-family: Arial, sans-serif;background-color: transparent;vertical-align: baseline\">Iga kogenud r\u00f6\u00f6vkala p\u00fc\u00fcdja teab, kui t\u00f5husad on <\/span><span style=\"font-size: 11pt;font-family: Arial, sans-serif;background-color: transparent;font-weight: 700;vertical-align: baseline\">Ned-stiilis landid<\/span><span style=\"font-size: 11pt;font-family: Arial, sans-serif;background-color: transparent;vertical-align: baseline\">, ja <\/span><span style=\"font-size: 11pt;font-family: Arial, sans-serif;background-color: transparent;font-weight: 700;vertical-align: baseline\">Ned Worm Slim<\/span><span style=\"font-size: 11pt;font-family: Arial, sans-serif;background-color: transparent;vertical-align: baseline\"> toob Super Finesse p\u00fc\u00fcgile t\u00e4iesti uued v\u00f5imalused! See v\u00e4ike lant on t\u00e4is h\u00e4id omadusi \u2013 ujuv TPE-materjal hoiab landi p\u00fcsti, sooneline keha tekitab mikroturbulentsi ning terav ots reageerib isegi v\u00e4ikseimale ridvapuutumisele. \u00dcksk\u00f5ik, kas m\u00e4ngitad seda v\u00e4ikeste t\u00f5mmetega, lohistad v\u00f5i j\u00e4tad seisma \u2013 see v\u00e4ike tegelane on k\u00f5ikidele r\u00f6\u00f6vkaladele t\u00e4iesti vastupandamatu!<\/span><\/span><\/p>\n<ul style=\"margin-top:0;margin-bottom:0;padding-inline-start:48px\">\n<li dir=\"ltr\" style=\"list-style-type: disc;font-size: 11pt;font-family: Arial, sans-serif;background-color: transparent;vertical-align: baseline;white-space: pre\">\n<p dir=\"ltr\" role=\"presentation\" style=\"line-height:1.7999999999999998;margin-top:12pt;margin-bottom:0pt\"><span id=\"docs-internal-guid-b63bef68-7fff-65da-8ad3-65dd61cec800\"><span style=\"font-size: 11pt;background-color: transparent;vertical-align: baseline\">\u00dclielastne ja vastupidav TPE-materjal<\/span><\/span><br \/>\n\t&nbsp;<\/p>\n<\/li>\n<li dir=\"ltr\" style=\"list-style-type: disc;font-size: 11pt;font-family: Arial, sans-serif;background-color: transparent;vertical-align: baseline;white-space: pre\">\n<p dir=\"ltr\" role=\"presentation\" style=\"line-height:1.7999999999999998;margin-top:0pt;margin-bottom:0pt\"><span id=\"docs-internal-guid-b63bef68-7fff-65da-8ad3-65dd61cec800\"><span style=\"font-size: 11pt;background-color: transparent;font-weight: 700;vertical-align: baseline\">TPE<\/span><span style=\"font-size: 11pt;background-color: transparent;vertical-align: baseline\"> \u2013 \u00e4ra hoia koos teiste lantidega!<\/span><\/span><br \/>\n\t&nbsp;<\/p>\n<\/li>\n<li dir=\"ltr\" style=\"list-style-type: disc;font-size: 11pt;font-family: Arial, sans-serif;background-color: transparent;vertical-align: baseline;white-space: pre\">\n<p dir=\"ltr\" role=\"presentation\" style=\"line-height:1.7999999999999998;margin-top:0pt;margin-bottom:0pt\"><span id=\"docs-internal-guid-b63bef68-7fff-65da-8ad3-65dd61cec800\"><span style=\"font-size: 11pt;background-color: transparent;vertical-align: baseline\">Ei sisalda toksilisi ftalaate<\/span><\/span><br \/>\n\t&nbsp;<\/p>\n<\/li>\n<li dir=\"ltr\" style=\"list-style-type: disc;font-size: 11pt;font-family: Arial, sans-serif;background-color: transparent;vertical-align: baseline;white-space: pre\">\n<p dir=\"ltr\" role=\"presentation\" style=\"line-height:1.7999999999999998;margin-top:0pt;margin-bottom:0pt\"><span id=\"docs-internal-guid-b63bef68-7fff-65da-8ad3-65dd61cec800\"><span style=\"font-size: 11pt;background-color: transparent;vertical-align: baseline\">Ujuv<\/span><\/span><br \/>\n\t&nbsp;<\/p>\n<\/li>\n<li dir=\"ltr\" style=\"list-style-type: disc;font-size: 11pt;font-family: Arial, sans-serif;background-color: transparent;vertical-align: baseline;white-space: pre\">\n<p dir=\"ltr\" role=\"presentation\" style=\"line-height:1.7999999999999998;margin-top:0pt;margin-bottom:12pt\"><span id=\"docs-internal-guid-b63bef68-7fff-65da-8ad3-65dd61cec800\"><span style=\"font-size: 11pt;background-color: transparent;vertical-align: baseline\">Sale ja umbrohuvaba disain<\/span><\/span><br \/>\n\t&nbsp;<\/p>\n<\/li>\n<\/ul>\n<p><span id=\"docs-internal-guid-b63bef68-7fff-65da-8ad3-65dd61cec800\"><span style=\"font-size: 11pt;font-family: Arial, sans-serif;background-color: transparent;vertical-align: baseline\">Sobib kasutamiseks <\/span><span style=\"font-size: 11pt;font-family: Arial, sans-serif;background-color: transparent;font-weight: 700;vertical-align: baseline\">Ned Head<\/span><span style=\"font-size: 11pt;font-family: Arial, sans-serif;background-color: transparent;vertical-align: baseline\">, <\/span><span style=\"font-size: 11pt;font-family: Arial, sans-serif;background-color: transparent;font-weight: 700;vertical-align: baseline\">EWG\/Offset<\/span><span style=\"font-size: 11pt;font-family: Arial, sans-serif;background-color: transparent;vertical-align: baseline\"> v\u00f5i klassikalise jigipeaga<\/span><\/span><\/p>\n\n    <div class=\"xs_social_share_widget xs_share_url after_content \t\tmain_content  wslu-style-1 wslu-share-box-shaped wslu-fill-colored wslu-none wslu-share-horizontal wslu-theme-font-no wslu-main_content\">\n\n\t\t\n        <ul>\n\t\t\t        <\/ul>\n    <\/div>","protected":false},"excerpt":{"rendered":"<p>Ned Worm Slim on \u00fclielastne ja ujuv lant, mis reageerib igale liigutusele ning meelitab r\u00f6\u00f6vkalad r\u00fcnnakule ka k\u00f5ige peenema p\u00fc\u00fcgistiiliga.<\/p>\n","protected":false},"featured_media":80492,"template":"","meta":{"_uag_custom_page_level_css":""},"product_brand":[763],"product_cat":[1421],"product_tag":[],"class_list":{"0":"post-80493","1":"product","2":"type-product","3":"status-publish","4":"has-post-thumbnail","6":"product_brand-westin","7":"product_cat-ned-worm","8":"pa_brand-westin","10":"first","11":"instock","12":"taxable","13":"shipping-taxable","14":"purchasable","15":"product-type-simple"},"uagb_featured_image_src":{"full":["https:\/\/e-kalastus.b-cdn.net\/wp-content\/uploads\/2025\/05\/image-40040.png",1000,566,false],"thumbnail":["https:\/\/e-kalastus.b-cdn.net\/wp-content\/uploads\/2025\/05\/image-40040-150x150.png.jpg",150,150,true],"medium":["https:\/\/e-kalastus.b-cdn.net\/wp-content\/uploads\/2025\/05\/image-40040-300x300.png.jpg",300,300,true],"medium_large":["https:\/\/e-kalastus.b-cdn.net\/wp-content\/uploads\/2025\/05\/image-40040-768x768.png.jpg",768,768,true],"large":["https:\/\/e-kalastus.b-cdn.net\/wp-content\/uploads\/2025\/05\/image-40040-800x800.png.jpg",800,800,true],"1536x1536":["https:\/\/e-kalastus.b-cdn.net\/wp-content\/uploads\/2025\/05\/image-40040.png",1000,566,false],"2048x2048":["https:\/\/e-kalastus.b-cdn.net\/wp-content\/uploads\/2025\/05\/image-40040.png",1000,566,false],"woocommerce_thumbnail":["https:\/\/e-kalastus.b-cdn.net\/wp-content\/uploads\/2025\/05\/image-40040-768x768.png.jpg",324,324,true],"woocommerce_single":["https:\/\/e-kalastus.b-cdn.net\/wp-content\/uploads\/2025\/05\/image-40040.png",416,235,false],"woocommerce_gallery_thumbnail":["https:\/\/e-kalastus.b-cdn.net\/wp-content\/uploads\/2025\/05\/image-40040-100x100.png.jpg",100,100,true]},"uagb_author_info":{"display_name":"Roman Jakovlev","author_link":"https:\/\/e-kalastus.ee\/author\/"},"uagb_comment_info":0,"uagb_excerpt":"Ned Worm Slim on \u00fclielastne ja ujuv lant, mis reageerib igale liigutusele ning meelitab r\u00f6\u00f6vkalad r\u00fcnnakule ka k\u00f5ige peenema p\u00fc\u00fcgistiiliga.","_links":{"self":[{"href":"https:\/\/e-kalastus.ee\/wp-json\/wp\/v2\/product\/80493","targetHints":{"allow":["GET"]}}],"collection":[{"href":"https:\/\/e-kalastus.ee\/wp-json\/wp\/v2\/product"}],"about":[{"href":"https:\/\/e-kalastus.ee\/wp-json\/wp\/v2\/types\/product"}],"wp:featuredmedia":[{"embeddable":true,"href":"https:\/\/e-kalastus.ee\/wp-json\/wp\/v2\/media\/80492"}],"wp:attachment":[{"href":"https:\/\/e-kalastus.ee\/wp-json\/wp\/v2\/media?parent=80493"}],"wp:term":[{"taxonomy":"product_brand","embeddable":true,"href":"https:\/\/e-kalastus.ee\/wp-json\/wp\/v2\/product_brand?post=80493"},{"taxonomy":"product_cat","embeddable":true,"href":"https:\/\/e-kalastus.ee\/wp-json\/wp\/v2\/product_cat?post=80493"},{"taxonomy":"product_tag","embeddable":true,"href":"https:\/\/e-kalastus.ee\/wp-json\/wp\/v2\/product_tag?post=80493"}],"curies":[{"name":"wp","href":"https:\/\/api.w.org\/{rel}","templated":true}]}}