{"id":79969,"date":"2025-05-03T21:59:55","date_gmt":"2025-05-03T18:59:55","guid":{"rendered":"https:\/\/e-kalastus.ee\/toode\/noor-sunline-basic-x4-pe-1-5-max-11kg-200m-light-green\/"},"modified":"2026-03-30T15:21:52","modified_gmt":"2026-03-30T12:21:52","slug":"noor-sunline-basic-x4-pe-1-5-max-11kg-200m-light-green","status":"publish","type":"product","link":"https:\/\/e-kalastus.ee\/toode\/noor-sunline-basic-x4-pe-1-5-max-11kg-200m-light-green\/","title":{"rendered":"Sunline Basic x4 PE #1.5 max 11kg 200m #Light Green"},"content":{"rendered":"<p>\u25cf Rahuldav n\u00f6\u00f6ri tugevus<br \/>\n\u25cf Suur tundlikkus<br \/>\n\u25cf Jaapanis toodetud punutud tamiil v\u00e4ga stabiilse l\u00e4bim\u00f5\u00f5duga<br \/>\n\u25cf Paindlik, probleemivaba ja stabiilse kvaliteediga tamiil<\/p>\n\n    <div class=\"xs_social_share_widget xs_share_url after_content \t\tmain_content  wslu-style-1 wslu-share-box-shaped wslu-fill-colored wslu-none wslu-share-horizontal wslu-theme-font-no wslu-main_content\">\n\n\t\t\n        <ul>\n\t\t\t        <\/ul>\n    <\/div>","protected":false},"excerpt":{"rendered":"<p>PE #1.5 max 11kg 200m #Light Green<\/p>\n","protected":false},"featured_media":79968,"template":"","meta":{"_uag_custom_page_level_css":""},"product_brand":[1524],"product_cat":[1158],"product_tag":[],"class_list":{"0":"post-79969","1":"product","2":"type-product","3":"status-publish","4":"has-post-thumbnail","6":"product_brand-sunline","7":"product_cat-noorid","8":"pa_brand-sunline","10":"first","11":"instock","12":"taxable","13":"shipping-taxable","14":"purchasable","15":"product-type-simple"},"uagb_featured_image_src":{"full":["https:\/\/e-kalastus.b-cdn.net\/wp-content\/uploads\/2025\/05\/image-39269.png",1000,1000,false],"thumbnail":["https:\/\/e-kalastus.b-cdn.net\/wp-content\/uploads\/2025\/05\/image-39269-150x150.png.jpg",150,150,true],"medium":["https:\/\/e-kalastus.b-cdn.net\/wp-content\/uploads\/2025\/05\/image-39269-300x300.png.jpg",300,300,true],"medium_large":["https:\/\/e-kalastus.b-cdn.net\/wp-content\/uploads\/2025\/05\/image-39269-768x768.png.jpg",768,768,true],"large":["https:\/\/e-kalastus.b-cdn.net\/wp-content\/uploads\/2025\/05\/image-39269-800x800.png.jpg",800,800,true],"1536x1536":["https:\/\/e-kalastus.b-cdn.net\/wp-content\/uploads\/2025\/05\/image-39269.png",1000,1000,false],"2048x2048":["https:\/\/e-kalastus.b-cdn.net\/wp-content\/uploads\/2025\/05\/image-39269.png",1000,1000,false],"woocommerce_thumbnail":["https:\/\/e-kalastus.b-cdn.net\/wp-content\/uploads\/2025\/05\/image-39269-768x768.png.jpg",324,324,true],"woocommerce_single":["https:\/\/e-kalastus.b-cdn.net\/wp-content\/uploads\/2025\/05\/image-39269-768x768.png.jpg",416,416,true],"woocommerce_gallery_thumbnail":["https:\/\/e-kalastus.b-cdn.net\/wp-content\/uploads\/2025\/05\/image-39269-100x100.png.jpg",100,100,true]},"uagb_author_info":{"display_name":"Roman Jakovlev","author_link":"https:\/\/e-kalastus.ee\/author\/"},"uagb_comment_info":0,"uagb_excerpt":"PE #1.5 max 11kg 200m #Light Green","_links":{"self":[{"href":"https:\/\/e-kalastus.ee\/wp-json\/wp\/v2\/product\/79969","targetHints":{"allow":["GET"]}}],"collection":[{"href":"https:\/\/e-kalastus.ee\/wp-json\/wp\/v2\/product"}],"about":[{"href":"https:\/\/e-kalastus.ee\/wp-json\/wp\/v2\/types\/product"}],"wp:featuredmedia":[{"embeddable":true,"href":"https:\/\/e-kalastus.ee\/wp-json\/wp\/v2\/media\/79968"}],"wp:attachment":[{"href":"https:\/\/e-kalastus.ee\/wp-json\/wp\/v2\/media?parent=79969"}],"wp:term":[{"taxonomy":"product_brand","embeddable":true,"href":"https:\/\/e-kalastus.ee\/wp-json\/wp\/v2\/product_brand?post=79969"},{"taxonomy":"product_cat","embeddable":true,"href":"https:\/\/e-kalastus.ee\/wp-json\/wp\/v2\/product_cat?post=79969"},{"taxonomy":"product_tag","embeddable":true,"href":"https:\/\/e-kalastus.ee\/wp-json\/wp\/v2\/product_tag?post=79969"}],"curies":[{"name":"wp","href":"https:\/\/api.w.org\/{rel}","templated":true}]}}