{"id":795,"date":"2023-08-08T13:27:11","date_gmt":"2023-08-08T10:27:11","guid":{"rendered":"https:\/\/e-kalastus.ee\/toode\/noor-sunline-siglon-pe-adv-x8-15-020mm-150m-blue\/"},"modified":"2026-04-16T15:44:05","modified_gmt":"2026-04-16T12:44:05","slug":"noor-sunline-siglon-pe-adv-x8-15-020mm-150m-blue","status":"publish","type":"product","link":"https:\/\/e-kalastus.ee\/fi\/tuotteet\/sunline-siglon-pe-adv-x8-1-5-0209mm-11-0kg-150m-turkoosi-sininen\/","title":{"rendered":"Sunline Siglon PEx8 ADV #1,5 0,209mm 11,0kg 150m #Turkoosi sininen"},"content":{"rendered":"<p>SIGLON PE on saavuttanut seuraavan vaiheen uusimman k\u00e4sittelymenetelm\u00e4n ansiosta.<\/p>\n<p>Selit\u00e4mme tarkemmin, miten ADV eroaa perinteisest\u00e4 SIGLON PE:st\u00e4. Vertasimme SIGLON PE X8:n ja SIGLON PE ADV:n vedenpit\u00e4vyytt\u00e4.<\/p>\n<p>Jos SIGLON PE X8:lle laitetaan vesipisara, se imeytyy siimaan aivan kuten perinteiset PE-siimat.<\/p>\n<p>SIGLON PE ADV:lla on kuitenkin erinomainen vedenpit\u00e4vyys erityisen hartsin ansiosta, joka tunkeutuu syv\u00e4lle kuituun.<\/p>\n<p>T\u00e4m\u00e4 teknologia on ensimm\u00e4inen alallaan ja nimimme sen DRT:ksi, mik\u00e4 tarkoittaa<\/p>\n<p>&#8221;Deep Resin Technology&#8221; eli syv\u00e4hartsiteknologiaa.<\/p>\n\n    <div class=\"xs_social_share_widget xs_share_url after_content \t\tmain_content  wslu-style-1 wslu-share-box-shaped wslu-fill-colored wslu-none wslu-share-horizontal wslu-theme-font-no wslu-main_content\">\n\n\t\t\n        <ul>\n\t\t\t        <\/ul>\n    <\/div>","protected":false},"excerpt":{"rendered":"<p>\u25cf Sunlinen uusi ja erityinen valmistusteknologia, joka lis\u00e4\u00e4 vahvaa hartsi siiman sis\u00e4osaan.<br \/>\n\u25cf Eritt\u00e4in kehittynyt sujuvuus tarjoaa paremman heitto-ominaisuuden ja kest\u00e4vyyden.<\/p>\n","protected":false},"featured_media":66574,"template":"","meta":{"_uag_custom_page_level_css":""},"product_brand":[1524],"product_cat":[1158],"product_tag":[],"class_list":{"0":"post-795","1":"product","2":"type-product","3":"status-publish","4":"has-post-thumbnail","6":"product_brand-sunline","7":"product_cat-noorid","8":"pa_brand-sunline","9":"pa_labimoot-0-11-0-20mm","11":"first","12":"instock","13":"taxable","14":"shipping-taxable","15":"purchasable","16":"product-type-simple"},"uagb_featured_image_src":{"full":["https:\/\/e-kalastus.b-cdn.net\/wp-content\/uploads\/2024\/07\/Unknown-2-97.jpg",259,194,false],"thumbnail":["https:\/\/e-kalastus.b-cdn.net\/wp-content\/uploads\/2024\/07\/Unknown-2-97-150x150.jpg",150,150,true],"medium":["https:\/\/e-kalastus.b-cdn.net\/wp-content\/uploads\/2024\/07\/Unknown-2-97-300x300.jpg",300,300,true],"medium_large":["https:\/\/e-kalastus.b-cdn.net\/wp-content\/uploads\/2024\/07\/Unknown-2-97-768x768.jpg",768,768,true],"large":["https:\/\/e-kalastus.b-cdn.net\/wp-content\/uploads\/2024\/07\/Unknown-2-97-800x800.jpg",800,800,true],"1536x1536":["https:\/\/e-kalastus.b-cdn.net\/wp-content\/uploads\/2024\/07\/Unknown-2-97.jpg",259,194,false],"2048x2048":["https:\/\/e-kalastus.b-cdn.net\/wp-content\/uploads\/2024\/07\/Unknown-2-97.jpg",259,194,false],"woocommerce_thumbnail":["https:\/\/e-kalastus.b-cdn.net\/wp-content\/uploads\/2024\/07\/Unknown-2-97-768x768.jpg",324,324,true],"woocommerce_single":["https:\/\/e-kalastus.b-cdn.net\/wp-content\/uploads\/2024\/07\/Unknown-2-97.jpg",259,194,false],"woocommerce_gallery_thumbnail":["https:\/\/e-kalastus.b-cdn.net\/wp-content\/uploads\/2024\/07\/Unknown-2-97-100x100.jpg",100,100,true]},"uagb_author_info":{"display_name":"adam.mrozek","author_link":"https:\/\/e-kalastus.ee\/fi\/author\/"},"uagb_comment_info":0,"uagb_excerpt":"\u25cf Sunlinen uusi ja erityinen valmistusteknologia, joka lis\u00e4\u00e4 vahvaa hartsi siiman sis\u00e4osaan. \u25cf Eritt\u00e4in kehittynyt sujuvuus tarjoaa paremman heitto-ominaisuuden ja kest\u00e4vyyden.","_links":{"self":[{"href":"https:\/\/e-kalastus.ee\/fi\/wp-json\/wp\/v2\/product\/795","targetHints":{"allow":["GET"]}}],"collection":[{"href":"https:\/\/e-kalastus.ee\/fi\/wp-json\/wp\/v2\/product"}],"about":[{"href":"https:\/\/e-kalastus.ee\/fi\/wp-json\/wp\/v2\/types\/product"}],"wp:featuredmedia":[{"embeddable":true,"href":"https:\/\/e-kalastus.ee\/fi\/wp-json\/wp\/v2\/media\/66574"}],"wp:attachment":[{"href":"https:\/\/e-kalastus.ee\/fi\/wp-json\/wp\/v2\/media?parent=795"}],"wp:term":[{"taxonomy":"product_brand","embeddable":true,"href":"https:\/\/e-kalastus.ee\/fi\/wp-json\/wp\/v2\/product_brand?post=795"},{"taxonomy":"product_cat","embeddable":true,"href":"https:\/\/e-kalastus.ee\/fi\/wp-json\/wp\/v2\/product_cat?post=795"},{"taxonomy":"product_tag","embeddable":true,"href":"https:\/\/e-kalastus.ee\/fi\/wp-json\/wp\/v2\/product_tag?post=795"}],"curies":[{"name":"wp","href":"https:\/\/api.w.org\/{rel}","templated":true}]}}