{"id":782,"date":"2023-08-08T13:27:06","date_gmt":"2023-08-08T10:27:06","guid":{"rendered":"https:\/\/e-kalastus.ee\/toode\/noor-sunline-castaway-pe-15-020mm-150m-grey\/"},"modified":"2026-04-16T15:33:07","modified_gmt":"2026-04-16T12:33:07","slug":"noor-sunline-castaway-pe-15-020mm-150m-grey","status":"publish","type":"product","link":"https:\/\/e-kalastus.ee\/fi\/tuotteet\/sunline-castaway-8x-pe-15-020mm-113kg-150m-vaaleansininen\/","title":{"rendered":"Sunline Castaway 8x PE #1,5 0,20mm 11,3kg 150m Vaaleansininen"},"content":{"rendered":"<p>\u25cf T\u00e4m\u00e4 on 8-s\u00e4ikeinen punottu siima, jota voidaan k\u00e4ytt\u00e4\u00e4 rannakalastukseen, merikalastukseen ja kaiken tyyppiseen kalastukseen.<br \/>\n\u25cf T\u00e4m\u00e4 on 8-kantajainen punottu siima, valmistettu laadukkaasta PE:st\u00e4 ja raskasta polyesterist\u00e4.<br \/>\n\u25cf Erityisen pinnoitusprosessin avulla saavutettu sileys v\u00e4hent\u00e4\u00e4 kitkaa vavan renkaiden kanssa ja mahdollistaa monimutkaisemman siimaj\u00e4rjestelm\u00e4n luomisen.<br \/>\n\u25cf Erityisen komposiittipunotun materiaalin ansiosta, joka yhdist\u00e4\u00e4 kohtuullisen kest\u00e4vyyden ja suuren lujuuden, renkaiden kulumisessa ei ole ongelmia, ja saavutetaan parempi heitto, pidempi kest\u00e4vyys ja suurempi hankauskest\u00e4vyys.<br \/>\n\u25cf Kohtalaisen vajoamisnopeutensa (1,05) vuoksi siimaan vaikuttavat tuuli ja virrat v\u00e4hemm\u00e4n. T\u00e4m\u00e4 helpottaa siiman hienoa k\u00e4sittely\u00e4 ja ihanteellisen lentoradan yll\u00e4pit\u00e4mist\u00e4.<br \/>\n\u25cf K\u00e4ytetty helmisinist\u00e4 v\u00e4ri\u00e4, jolla on eritt\u00e4in hyv\u00e4 n\u00e4kyvyys sek\u00e4 p\u00e4iv\u00e4ll\u00e4 ett\u00e4 y\u00f6ll\u00e4.<\/p>\n\n    <div class=\"xs_social_share_widget xs_share_url after_content \t\tmain_content  wslu-style-1 wslu-share-box-shaped wslu-fill-colored wslu-none wslu-share-horizontal wslu-theme-font-no wslu-main_content\">\n\n\t\t\n        <ul>\n\t\t\t        <\/ul>\n    <\/div>","protected":false},"excerpt":{"rendered":"<p>Korkeaan ominaispainoon komposiitti-PE, johon virtaukset tai tuuli eiv\u00e4t vaikuta!<\/p>\n","protected":false},"featured_media":68698,"template":"","meta":{"_uag_custom_page_level_css":""},"product_brand":[1524],"product_cat":[1158],"product_tag":[],"class_list":{"0":"post-782","1":"product","2":"type-product","3":"status-publish","4":"has-post-thumbnail","6":"product_brand-sunline","7":"product_cat-noorid","8":"pa_brand-sunline","9":"pa_labimoot-0-11-0-20mm","11":"first","12":"instock","13":"taxable","14":"shipping-taxable","15":"purchasable","16":"product-type-simple"},"uagb_featured_image_src":{"full":["https:\/\/e-kalastus.b-cdn.net\/wp-content\/uploads\/2024\/07\/bd9ba234d45c41d445c823039adb5e29-2.png",800,600,false],"thumbnail":["https:\/\/e-kalastus.b-cdn.net\/wp-content\/uploads\/2024\/07\/bd9ba234d45c41d445c823039adb5e29-2-150x150.png.jpg",150,150,true],"medium":["https:\/\/e-kalastus.b-cdn.net\/wp-content\/uploads\/2024\/07\/bd9ba234d45c41d445c823039adb5e29-2-300x300.png.jpg",300,300,true],"medium_large":["https:\/\/e-kalastus.b-cdn.net\/wp-content\/uploads\/2024\/07\/bd9ba234d45c41d445c823039adb5e29-2-768x768.png.jpg",768,768,true],"large":["https:\/\/e-kalastus.b-cdn.net\/wp-content\/uploads\/2024\/07\/bd9ba234d45c41d445c823039adb5e29-2-800x800.png.jpg",800,800,true],"1536x1536":["https:\/\/e-kalastus.b-cdn.net\/wp-content\/uploads\/2024\/07\/bd9ba234d45c41d445c823039adb5e29-2.png",800,600,false],"2048x2048":["https:\/\/e-kalastus.b-cdn.net\/wp-content\/uploads\/2024\/07\/bd9ba234d45c41d445c823039adb5e29-2.png",800,600,false],"woocommerce_thumbnail":["https:\/\/e-kalastus.b-cdn.net\/wp-content\/uploads\/2024\/07\/bd9ba234d45c41d445c823039adb5e29-2-768x768.png.jpg",324,324,true],"woocommerce_single":["https:\/\/e-kalastus.b-cdn.net\/wp-content\/uploads\/2024\/07\/bd9ba234d45c41d445c823039adb5e29-2.png",416,312,false],"woocommerce_gallery_thumbnail":["https:\/\/e-kalastus.b-cdn.net\/wp-content\/uploads\/2024\/07\/bd9ba234d45c41d445c823039adb5e29-2-100x100.png.jpg",100,100,true]},"uagb_author_info":{"display_name":"adam.mrozek","author_link":"https:\/\/e-kalastus.ee\/fi\/author\/"},"uagb_comment_info":0,"uagb_excerpt":"Korkeaan ominaispainoon komposiitti-PE, johon virtaukset tai tuuli eiv\u00e4t vaikuta!","_links":{"self":[{"href":"https:\/\/e-kalastus.ee\/fi\/wp-json\/wp\/v2\/product\/782","targetHints":{"allow":["GET"]}}],"collection":[{"href":"https:\/\/e-kalastus.ee\/fi\/wp-json\/wp\/v2\/product"}],"about":[{"href":"https:\/\/e-kalastus.ee\/fi\/wp-json\/wp\/v2\/types\/product"}],"wp:featuredmedia":[{"embeddable":true,"href":"https:\/\/e-kalastus.ee\/fi\/wp-json\/wp\/v2\/media\/68698"}],"wp:attachment":[{"href":"https:\/\/e-kalastus.ee\/fi\/wp-json\/wp\/v2\/media?parent=782"}],"wp:term":[{"taxonomy":"product_brand","embeddable":true,"href":"https:\/\/e-kalastus.ee\/fi\/wp-json\/wp\/v2\/product_brand?post=782"},{"taxonomy":"product_cat","embeddable":true,"href":"https:\/\/e-kalastus.ee\/fi\/wp-json\/wp\/v2\/product_cat?post=782"},{"taxonomy":"product_tag","embeddable":true,"href":"https:\/\/e-kalastus.ee\/fi\/wp-json\/wp\/v2\/product_tag?post=782"}],"curies":[{"name":"wp","href":"https:\/\/api.w.org\/{rel}","templated":true}]}}