{"id":780,"date":"2023-08-08T12:58:31","date_gmt":"2023-08-08T09:58:31","guid":{"rendered":"https:\/\/e-kalastus.ee\/toode\/noor-sunline-braided-small-game-05-012mm-150m-pink\/"},"modified":"2026-04-14T15:57:14","modified_gmt":"2026-04-14T12:57:14","slug":"noor-sunline-braided-small-game-05-012mm-150m-pink","status":"publish","type":"product","link":"https:\/\/e-kalastus.ee\/toode\/noor-sunline-braided-small-game-05-012mm-150m-pink\/","title":{"rendered":"Sunline Braided Small Game #0,5 0,12mm 3,3kg 150m #Pink"},"content":{"rendered":"<p>\u25cf 150 m pool pikkade heidete jaoks.<br \/>\n\u25cf Tunnetab \u00f5rnu haake ja v\u00f5imaldab kiiret haakumist.<br \/>\n\u25cf \u00c4\u00e4rmise \u00f5hukese disaini t\u00f5ttu on heide ja kasutamine palju arenenumad.<br \/>\n\u25cf P\u00e4rast rebenemispingete suurenemist on tamiiliga v\u00f5imalik teha igasuguseid kalap\u00fc\u00fcke. \u25cf Kasutatud on roosat v\u00e4rvi, mis on nii p\u00e4eval kui \u00f6\u00f6sel v\u00e4ga hea n\u00e4htavusega.<\/p>\n\n    <div class=\"xs_social_share_widget xs_share_url after_content \t\tmain_content  wslu-style-1 wslu-share-box-shaped wslu-fill-colored wslu-none wslu-share-horizontal wslu-theme-font-no wslu-main_content\">\n\n\t\t\n        <ul>\n\t\t\t        <\/ul>\n    <\/div>","protected":false},"excerpt":{"rendered":"<p>K\u00f5rge tundlikkus, k\u00f5rge tugevus, k\u00f5rge kvaliteediga PE<\/p>\n","protected":false},"featured_media":70000,"template":"","meta":{"_uag_custom_page_level_css":""},"product_brand":[1524],"product_cat":[1158],"product_tag":[],"class_list":{"0":"post-780","1":"product","2":"type-product","3":"status-publish","4":"has-post-thumbnail","6":"product_brand-sunline","7":"product_cat-noorid","8":"pa_brand-sunline","9":"pa_labimoot-0-11-0-20mm","11":"first","12":"instock","13":"taxable","14":"shipping-taxable","15":"purchasable","16":"product-type-simple"},"uagb_featured_image_src":{"full":["https:\/\/e-kalastus.b-cdn.net\/wp-content\/uploads\/2024\/07\/sunline-small-game-pe-hg-150m-8lb-33kg-05-0117mm.jpg",800,800,false],"thumbnail":["https:\/\/e-kalastus.b-cdn.net\/wp-content\/uploads\/2024\/07\/sunline-small-game-pe-hg-150m-8lb-33kg-05-0117mm-150x150.jpg",150,150,true],"medium":["https:\/\/e-kalastus.b-cdn.net\/wp-content\/uploads\/2024\/07\/sunline-small-game-pe-hg-150m-8lb-33kg-05-0117mm-300x300.jpg",300,300,true],"medium_large":["https:\/\/e-kalastus.b-cdn.net\/wp-content\/uploads\/2024\/07\/sunline-small-game-pe-hg-150m-8lb-33kg-05-0117mm-768x768.jpg",768,768,true],"large":["https:\/\/e-kalastus.b-cdn.net\/wp-content\/uploads\/2024\/07\/sunline-small-game-pe-hg-150m-8lb-33kg-05-0117mm-800x800.jpg",800,800,true],"1536x1536":["https:\/\/e-kalastus.b-cdn.net\/wp-content\/uploads\/2024\/07\/sunline-small-game-pe-hg-150m-8lb-33kg-05-0117mm.jpg",800,800,false],"2048x2048":["https:\/\/e-kalastus.b-cdn.net\/wp-content\/uploads\/2024\/07\/sunline-small-game-pe-hg-150m-8lb-33kg-05-0117mm.jpg",800,800,false],"woocommerce_thumbnail":["https:\/\/e-kalastus.b-cdn.net\/wp-content\/uploads\/2024\/07\/sunline-small-game-pe-hg-150m-8lb-33kg-05-0117mm-768x768.jpg",324,324,true],"woocommerce_single":["https:\/\/e-kalastus.b-cdn.net\/wp-content\/uploads\/2024\/07\/sunline-small-game-pe-hg-150m-8lb-33kg-05-0117mm-768x768.jpg",416,416,true],"woocommerce_gallery_thumbnail":["https:\/\/e-kalastus.b-cdn.net\/wp-content\/uploads\/2024\/07\/sunline-small-game-pe-hg-150m-8lb-33kg-05-0117mm-100x100.jpg",100,100,true]},"uagb_author_info":{"display_name":"adam.mrozek","author_link":"https:\/\/e-kalastus.ee\/author\/"},"uagb_comment_info":0,"uagb_excerpt":"K\u00f5rge tundlikkus, k\u00f5rge tugevus, k\u00f5rge kvaliteediga PE","_links":{"self":[{"href":"https:\/\/e-kalastus.ee\/wp-json\/wp\/v2\/product\/780","targetHints":{"allow":["GET"]}}],"collection":[{"href":"https:\/\/e-kalastus.ee\/wp-json\/wp\/v2\/product"}],"about":[{"href":"https:\/\/e-kalastus.ee\/wp-json\/wp\/v2\/types\/product"}],"wp:featuredmedia":[{"embeddable":true,"href":"https:\/\/e-kalastus.ee\/wp-json\/wp\/v2\/media\/70000"}],"wp:attachment":[{"href":"https:\/\/e-kalastus.ee\/wp-json\/wp\/v2\/media?parent=780"}],"wp:term":[{"taxonomy":"product_brand","embeddable":true,"href":"https:\/\/e-kalastus.ee\/wp-json\/wp\/v2\/product_brand?post=780"},{"taxonomy":"product_cat","embeddable":true,"href":"https:\/\/e-kalastus.ee\/wp-json\/wp\/v2\/product_cat?post=780"},{"taxonomy":"product_tag","embeddable":true,"href":"https:\/\/e-kalastus.ee\/wp-json\/wp\/v2\/product_tag?post=780"}],"curies":[{"name":"wp","href":"https:\/\/api.w.org\/{rel}","templated":true}]}}