{"id":774,"date":"2023-08-08T12:58:29","date_gmt":"2023-08-08T09:58:29","guid":{"rendered":"https:\/\/e-kalastus.ee\/toode\/noor-powepro-no-matter-what-056mm-150m-green\/"},"modified":"2026-04-10T15:42:46","modified_gmt":"2026-04-10T12:42:46","slug":"noor-powepro-no-matter-what-056mm-150m-green","status":"publish","type":"product","link":"https:\/\/e-kalastus.ee\/fi\/tuotteet\/punottusiima-power-pro-no-matter-what-056mm-150m-green\/","title":{"rendered":"Power Pro No Matter What 0,56mm 150m, 75kg Vihre\u00e4"},"content":{"rendered":"<p><\/p>\n<p>PowerPro-kalastussiima alku on eritt\u00e4in lujasta punotusta Spectra Fiber -kuidusta, ja sit\u00e4 k\u00e4sitell\u00e4\u00e4n sitten Enhanced Body Technology -tekniikalla, jotta saadaan aikaan uskomattoman py\u00f6re\u00e4, sile\u00e4 ja herkk\u00e4 siima. PowerPro on v\u00e4h\u00e4n venyv\u00e4 punottu siima, jolla on sama erinomainen suorituskyky, jonka kalastajat ovat tottuneet odottamaan, mik\u00e4 tekee siit\u00e4 POWERPRO-tuoteperheen ty\u00f6hevosesta.<\/p>\n<p><\/p>\n\n    <div class=\"xs_social_share_widget xs_share_url after_content \t\tmain_content  wslu-style-1 wslu-share-box-shaped wslu-fill-colored wslu-none wslu-share-horizontal wslu-theme-font-no wslu-main_content\">\n\n\t\t\n        <ul>\n\t\t\t        <\/ul>\n    <\/div>","protected":false},"excerpt":{"rendered":"<p>PowerPro-tuotesarjan ty\u00f6hevonen. V\u00e4h\u00e4n venyv\u00e4 siima, jolla on hyv\u00e4 hinta-laatusuhde ja erinomainen suorituskyky.<\/p>\n","protected":false},"featured_media":64303,"template":"","meta":{"_uag_custom_page_level_css":""},"product_brand":[1611],"product_cat":[1158],"product_tag":[],"class_list":{"0":"post-774","1":"product","2":"type-product","3":"status-publish","4":"has-post-thumbnail","6":"product_brand-powerpro","7":"product_cat-noorid","8":"pa_brand-powerpro","9":"pa_labimoot-0-46-mm","11":"first","12":"instock","13":"taxable","14":"shipping-taxable","15":"purchasable","16":"product-type-simple"},"uagb_featured_image_src":{"full":["https:\/\/e-kalastus.b-cdn.net\/wp-content\/uploads\/2024\/07\/Unknown-1-83.jpg",224,224,false],"thumbnail":["https:\/\/e-kalastus.b-cdn.net\/wp-content\/uploads\/2024\/07\/Unknown-1-83-150x150.jpg",150,150,true],"medium":["https:\/\/e-kalastus.b-cdn.net\/wp-content\/uploads\/2024\/07\/Unknown-1-83-300x300.jpg",300,300,true],"medium_large":["https:\/\/e-kalastus.b-cdn.net\/wp-content\/uploads\/2024\/07\/Unknown-1-83-768x768.jpg",768,768,true],"large":["https:\/\/e-kalastus.b-cdn.net\/wp-content\/uploads\/2024\/07\/Unknown-1-83-800x800.jpg",800,800,true],"1536x1536":["https:\/\/e-kalastus.b-cdn.net\/wp-content\/uploads\/2024\/07\/Unknown-1-83.jpg",224,224,false],"2048x2048":["https:\/\/e-kalastus.b-cdn.net\/wp-content\/uploads\/2024\/07\/Unknown-1-83.jpg",224,224,false],"woocommerce_thumbnail":["https:\/\/e-kalastus.b-cdn.net\/wp-content\/uploads\/2024\/07\/Unknown-1-83-768x768.jpg",324,324,true],"woocommerce_single":["https:\/\/e-kalastus.b-cdn.net\/wp-content\/uploads\/2024\/07\/Unknown-1-83-768x768.jpg",416,416,true],"woocommerce_gallery_thumbnail":["https:\/\/e-kalastus.b-cdn.net\/wp-content\/uploads\/2024\/07\/Unknown-1-83-100x100.jpg",100,100,true]},"uagb_author_info":{"display_name":"adam.mrozek","author_link":"https:\/\/e-kalastus.ee\/fi\/author\/"},"uagb_comment_info":0,"uagb_excerpt":"PowerPro-tuotesarjan ty\u00f6hevonen. V\u00e4h\u00e4n venyv\u00e4 siima, jolla on hyv\u00e4 hinta-laatusuhde ja erinomainen suorituskyky.","_links":{"self":[{"href":"https:\/\/e-kalastus.ee\/fi\/wp-json\/wp\/v2\/product\/774","targetHints":{"allow":["GET"]}}],"collection":[{"href":"https:\/\/e-kalastus.ee\/fi\/wp-json\/wp\/v2\/product"}],"about":[{"href":"https:\/\/e-kalastus.ee\/fi\/wp-json\/wp\/v2\/types\/product"}],"wp:featuredmedia":[{"embeddable":true,"href":"https:\/\/e-kalastus.ee\/fi\/wp-json\/wp\/v2\/media\/64303"}],"wp:attachment":[{"href":"https:\/\/e-kalastus.ee\/fi\/wp-json\/wp\/v2\/media?parent=774"}],"wp:term":[{"taxonomy":"product_brand","embeddable":true,"href":"https:\/\/e-kalastus.ee\/fi\/wp-json\/wp\/v2\/product_brand?post=774"},{"taxonomy":"product_cat","embeddable":true,"href":"https:\/\/e-kalastus.ee\/fi\/wp-json\/wp\/v2\/product_cat?post=774"},{"taxonomy":"product_tag","embeddable":true,"href":"https:\/\/e-kalastus.ee\/fi\/wp-json\/wp\/v2\/product_tag?post=774"}],"curies":[{"name":"wp","href":"https:\/\/api.w.org\/{rel}","templated":true}]}}