{"id":76929,"date":"2025-01-07T18:24:10","date_gmt":"2025-01-07T16:24:10","guid":{"rendered":"https:\/\/e-kalastus.ee\/toode\/vib-frapp-jiggle-85mm-24g-31\/"},"modified":"2026-03-30T15:45:45","modified_gmt":"2026-03-30T12:45:45","slug":"vib-frapp-jiggle-85mm-24g-31","status":"publish","type":"product","link":"https:\/\/e-kalastus.ee\/fi\/tuotteet\/vib-frapp-jiggle-85mm-24g-31\/","title":{"rendered":"VIB Frapp Jiggle 85mm 24g #31"},"content":{"rendered":"\n    <div class=\"xs_social_share_widget xs_share_url after_content \t\tmain_content  wslu-style-1 wslu-share-box-shaped wslu-fill-colored wslu-none wslu-share-horizontal wslu-theme-font-no wslu-main_content\">\n\n\t\t\n        <ul>\n\t\t\t        <\/ul>\n    <\/div> \n","protected":false},"excerpt":{"rendered":"<p>Frapp Jiggle on v\u00e4rin\u00e4viehe (VIB), joka on suunniteltu pystykalastukseen. Sen runko on valmistettu kest\u00e4v\u00e4st\u00e4 ABS-muovista, joka kest\u00e4\u00e4 hyvin kalojen puremia. Vieheess\u00e4 on litte\u00e4muotoiset sivut ja sel\u00e4ss\u00e4 sijaitseva ev\u00e4, joka luo vakaan ja houkuttelevan v\u00e4rin\u00e4n.<\/p>\n<p>Frapp Jiggle 85 sopii k\u00e4ytett\u00e4v\u00e4ksi sek\u00e4 voimakkaassa virtauksessa olevissa vesist\u00f6iss\u00e4 ett\u00e4 suurilla syvyyksill\u00e4. V\u00e4rimallisto on r\u00e4\u00e4t\u00e4l\u00f6ity erilaisiin kalastusolosuhteisiin, tarjoten sek\u00e4 kirkkaita ett\u00e4 luonnollisia s\u00e4vyj\u00e4.<\/p>\n","protected":false},"featured_media":76928,"template":"","meta":{"_uag_custom_page_level_css":""},"product_brand":[1512],"product_cat":[1456],"product_tag":[],"class_list":{"0":"post-76929","1":"product","2":"type-product","3":"status-publish","4":"has-post-thumbnail","6":"product_brand-frapp","7":"product_cat-frapp-vib","8":"pa_brand-frapp","10":"first","11":"instock","12":"taxable","13":"shipping-taxable","14":"purchasable","15":"product-type-simple"},"uagb_featured_image_src":{"full":["https:\/\/e-kalastus.b-cdn.net\/wp-content\/uploads\/2025\/01\/image-30290.png",500,500,false],"thumbnail":["https:\/\/e-kalastus.b-cdn.net\/wp-content\/uploads\/2025\/01\/image-30290-150x150.png.jpg",150,150,true],"medium":["https:\/\/e-kalastus.b-cdn.net\/wp-content\/uploads\/2025\/01\/image-30290-300x300.png.jpg",300,300,true],"medium_large":["https:\/\/e-kalastus.b-cdn.net\/wp-content\/uploads\/2025\/01\/image-30290-768x768.png.jpg",768,768,true],"large":["https:\/\/e-kalastus.b-cdn.net\/wp-content\/uploads\/2025\/01\/image-30290-800x800.png.jpg",800,800,true],"1536x1536":["https:\/\/e-kalastus.b-cdn.net\/wp-content\/uploads\/2025\/01\/image-30290.png",500,500,false],"2048x2048":["https:\/\/e-kalastus.b-cdn.net\/wp-content\/uploads\/2025\/01\/image-30290.png",500,500,false],"woocommerce_thumbnail":["https:\/\/e-kalastus.b-cdn.net\/wp-content\/uploads\/2025\/01\/image-30290-768x768.png.jpg",324,324,true],"woocommerce_single":["https:\/\/e-kalastus.b-cdn.net\/wp-content\/uploads\/2025\/01\/image-30290-768x768.png.jpg",416,416,true],"woocommerce_gallery_thumbnail":["https:\/\/e-kalastus.b-cdn.net\/wp-content\/uploads\/2025\/01\/image-30290-100x100.png.jpg",100,100,true]},"uagb_author_info":{"display_name":"Sergei Voronin","author_link":"https:\/\/e-kalastus.ee\/fi\/author\/"},"uagb_comment_info":0,"uagb_excerpt":"Frapp Jiggle on v\u00e4rin\u00e4viehe (VIB), joka on suunniteltu pystykalastukseen. Sen runko on valmistettu kest\u00e4v\u00e4st\u00e4 ABS-muovista, joka kest\u00e4\u00e4 hyvin kalojen puremia. Vieheess\u00e4 on litte\u00e4muotoiset sivut ja sel\u00e4ss\u00e4 sijaitseva ev\u00e4, joka luo vakaan ja houkuttelevan v\u00e4rin\u00e4n. Frapp Jiggle 85 sopii k\u00e4ytett\u00e4v\u00e4ksi sek\u00e4 voimakkaassa virtauksessa olevissa vesist\u00f6iss\u00e4 ett\u00e4 suurilla syvyyksill\u00e4. V\u00e4rimallisto on r\u00e4\u00e4t\u00e4l\u00f6ity erilaisiin kalastusolosuhteisiin, tarjoten sek\u00e4 kirkkaita&hellip;","_links":{"self":[{"href":"https:\/\/e-kalastus.ee\/fi\/wp-json\/wp\/v2\/product\/76929","targetHints":{"allow":["GET"]}}],"collection":[{"href":"https:\/\/e-kalastus.ee\/fi\/wp-json\/wp\/v2\/product"}],"about":[{"href":"https:\/\/e-kalastus.ee\/fi\/wp-json\/wp\/v2\/types\/product"}],"wp:featuredmedia":[{"embeddable":true,"href":"https:\/\/e-kalastus.ee\/fi\/wp-json\/wp\/v2\/media\/76928"}],"wp:attachment":[{"href":"https:\/\/e-kalastus.ee\/fi\/wp-json\/wp\/v2\/media?parent=76929"}],"wp:term":[{"taxonomy":"product_brand","embeddable":true,"href":"https:\/\/e-kalastus.ee\/fi\/wp-json\/wp\/v2\/product_brand?post=76929"},{"taxonomy":"product_cat","embeddable":true,"href":"https:\/\/e-kalastus.ee\/fi\/wp-json\/wp\/v2\/product_cat?post=76929"},{"taxonomy":"product_tag","embeddable":true,"href":"https:\/\/e-kalastus.ee\/fi\/wp-json\/wp\/v2\/product_tag?post=76929"}],"curies":[{"name":"wp","href":"https:\/\/api.w.org\/{rel}","templated":true}]}}