{"id":769,"date":"2023-08-08T12:58:27","date_gmt":"2023-08-08T09:58:27","guid":{"rendered":"https:\/\/e-kalastus.ee\/toode\/noor-ygk-bornrush-pe-wx8-08-015mm-200m-green\/"},"modified":"2026-04-25T03:00:29","modified_gmt":"2026-04-25T00:00:29","slug":"noor-ygk-bornrush-pe-wx8-08-015mm-200m-green","status":"publish","type":"product","link":"https:\/\/e-kalastus.ee\/fi\/tuotteet\/ygk-bornrush-wx8-punottu-siima-08-015mm-81kg-200m\/","title":{"rendered":"YGK Bornrush WX8 #0.8 0.15mm 8.1kg 200m"},"content":{"rendered":"<p>Maailman suurin PE-valmistaja tarjoaa eritt\u00e4in tarkkaa punontaa, mik\u00e4 johtaa tasaisesti tiheyteen ja varmistaa eritt\u00e4in vakaan lujuuden.<\/p>\n<p>Patentoidun HST.WX-rakennemenetelm\u00e4n ansiosta saavutetaan parempi kulumiskest\u00e4vyys ja v\u00e4h\u00e4inen venym\u00e4, mik\u00e4 tekee siit\u00e4 uskomattoman tehokkaan syv\u00e4nmerenkalastukseen ja toistuvaan renkaiden kitkaan.<\/p>\n<p>V\u00e4rj\u00e4ysmalli mahdollistaa my\u00f6s strategisen l\u00e4hestymistavan, joka hy\u00f6dynt\u00e4\u00e4 maksimaalisesti vastakierrella varustetun kelan perusominaisuuksia aiheuttamatta ep\u00e4mukavuutta valikoivalle merikalastukselle.<\/p>\n\n    <div class=\"xs_social_share_widget xs_share_url after_content \t\tmain_content  wslu-style-1 wslu-share-box-shaped wslu-fill-colored wslu-none wslu-share-horizontal wslu-theme-font-no wslu-main_content\">\n\n\t\t\n        <ul>\n\t\t\t        <\/ul>\n    <\/div>","protected":false},"excerpt":{"rendered":"<p>Erinomainen WX8PE BornRush on vienyt ohuuden ja lujuuden edun vertaansa vailla olevalle tasolle.<\/p>\n","protected":false},"featured_media":64418,"template":"","meta":{"_uag_custom_page_level_css":""},"product_brand":[1599],"product_cat":[1158],"product_tag":[],"class_list":{"0":"post-769","1":"product","2":"type-product","3":"status-publish","4":"has-post-thumbnail","6":"product_brand-ygk","7":"product_cat-noorid","8":"pa_brand-ygk","9":"pa_labimoot-0-11-0-20mm","11":"first","12":"instock","13":"taxable","14":"shipping-taxable","15":"purchasable","16":"product-type-simple"},"uagb_featured_image_src":{"full":["https:\/\/e-kalastus.b-cdn.net\/wp-content\/uploads\/2024\/07\/Ygk-bornrush-pe-wx8-0-5-12lb-200m-marking-3-1.jpg",395,606,false],"thumbnail":["https:\/\/e-kalastus.b-cdn.net\/wp-content\/uploads\/2024\/07\/Ygk-bornrush-pe-wx8-0-5-12lb-200m-marking-3-1-150x150.jpg",150,150,true],"medium":["https:\/\/e-kalastus.b-cdn.net\/wp-content\/uploads\/2024\/07\/Ygk-bornrush-pe-wx8-0-5-12lb-200m-marking-3-1-300x300.jpg",300,300,true],"medium_large":["https:\/\/e-kalastus.b-cdn.net\/wp-content\/uploads\/2024\/07\/Ygk-bornrush-pe-wx8-0-5-12lb-200m-marking-3-1-768x768.jpg",768,768,true],"large":["https:\/\/e-kalastus.b-cdn.net\/wp-content\/uploads\/2024\/07\/Ygk-bornrush-pe-wx8-0-5-12lb-200m-marking-3-1-800x800.jpg",800,800,true],"1536x1536":["https:\/\/e-kalastus.b-cdn.net\/wp-content\/uploads\/2024\/07\/Ygk-bornrush-pe-wx8-0-5-12lb-200m-marking-3-1.jpg",395,606,false],"2048x2048":["https:\/\/e-kalastus.b-cdn.net\/wp-content\/uploads\/2024\/07\/Ygk-bornrush-pe-wx8-0-5-12lb-200m-marking-3-1.jpg",395,606,false],"woocommerce_thumbnail":["https:\/\/e-kalastus.b-cdn.net\/wp-content\/uploads\/2024\/07\/Ygk-bornrush-pe-wx8-0-5-12lb-200m-marking-3-1-768x768.jpg",324,324,true],"woocommerce_single":["https:\/\/e-kalastus.b-cdn.net\/wp-content\/uploads\/2024\/07\/Ygk-bornrush-pe-wx8-0-5-12lb-200m-marking-3-1.jpg",395,606,false],"woocommerce_gallery_thumbnail":["https:\/\/e-kalastus.b-cdn.net\/wp-content\/uploads\/2024\/07\/Ygk-bornrush-pe-wx8-0-5-12lb-200m-marking-3-1-100x100.jpg",100,100,true]},"uagb_author_info":{"display_name":"adam.mrozek","author_link":"https:\/\/e-kalastus.ee\/fi\/author\/"},"uagb_comment_info":0,"uagb_excerpt":"Erinomainen WX8PE BornRush on vienyt ohuuden ja lujuuden edun vertaansa vailla olevalle tasolle.","_links":{"self":[{"href":"https:\/\/e-kalastus.ee\/fi\/wp-json\/wp\/v2\/product\/769","targetHints":{"allow":["GET"]}}],"collection":[{"href":"https:\/\/e-kalastus.ee\/fi\/wp-json\/wp\/v2\/product"}],"about":[{"href":"https:\/\/e-kalastus.ee\/fi\/wp-json\/wp\/v2\/types\/product"}],"wp:featuredmedia":[{"embeddable":true,"href":"https:\/\/e-kalastus.ee\/fi\/wp-json\/wp\/v2\/media\/64418"}],"wp:attachment":[{"href":"https:\/\/e-kalastus.ee\/fi\/wp-json\/wp\/v2\/media?parent=769"}],"wp:term":[{"taxonomy":"product_brand","embeddable":true,"href":"https:\/\/e-kalastus.ee\/fi\/wp-json\/wp\/v2\/product_brand?post=769"},{"taxonomy":"product_cat","embeddable":true,"href":"https:\/\/e-kalastus.ee\/fi\/wp-json\/wp\/v2\/product_cat?post=769"},{"taxonomy":"product_tag","embeddable":true,"href":"https:\/\/e-kalastus.ee\/fi\/wp-json\/wp\/v2\/product_tag?post=769"}],"curies":[{"name":"wp","href":"https:\/\/api.w.org\/{rel}","templated":true}]}}