{"id":76864,"date":"2025-01-06T18:23:58","date_gmt":"2025-01-06T16:23:58","guid":{"rendered":"https:\/\/e-kalastus.ee\/toode\/vib-frapp-whiphead-75mm-18g-35\/"},"modified":"2026-03-30T15:25:17","modified_gmt":"2026-03-30T12:25:17","slug":"vib-frapp-whiphead-75mm-18g-35","status":"publish","type":"product","link":"https:\/\/e-kalastus.ee\/fi\/tuotteet\/vib-frapp-whiphead-viehe-75mm-18g-35\/","title":{"rendered":"VIB Frapp Whiphead 75mm 18g #35"},"content":{"rendered":"\n    <div class=\"xs_social_share_widget xs_share_url after_content \t\tmain_content  wslu-style-1 wslu-share-box-shaped wslu-fill-colored wslu-none wslu-share-horizontal wslu-theme-font-no wslu-main_content\">\n\n\t\t\n        <ul>\n\t\t\t        <\/ul>\n    <\/div> \n","protected":false},"excerpt":{"rendered":"<p>Frapp Whiphead on monipuolinen ja kest\u00e4v\u00e4 viehe ahvenen pyyntiin, pituudeltaan 75 mm ja painoltaan 18 g. Sen runko on valmistettu vahvasta ABS-muovista, joka kest\u00e4\u00e4 hyvin petokalojen hampaita, ja kiinte\u00e4 paino mahdollistaa hiljaisen ja hallitun pelin.<\/p>\n","protected":false},"featured_media":76863,"template":"","meta":{"_uag_custom_page_level_css":""},"product_brand":[1512],"product_cat":[1456],"product_tag":[],"class_list":{"0":"post-76864","1":"product","2":"type-product","3":"status-publish","4":"has-post-thumbnail","6":"product_brand-frapp","7":"product_cat-frapp-vib","8":"pa_brand-frapp","10":"first","11":"instock","12":"taxable","13":"shipping-taxable","14":"purchasable","15":"product-type-simple"},"uagb_featured_image_src":{"full":["https:\/\/e-kalastus.b-cdn.net\/wp-content\/uploads\/2025\/01\/image-30224.png",1000,300,false],"thumbnail":["https:\/\/e-kalastus.b-cdn.net\/wp-content\/uploads\/2025\/01\/image-30224-150x150.png.jpg",150,150,true],"medium":["https:\/\/e-kalastus.b-cdn.net\/wp-content\/uploads\/2025\/01\/image-30224-300x300.png.jpg",300,300,true],"medium_large":["https:\/\/e-kalastus.b-cdn.net\/wp-content\/uploads\/2025\/01\/image-30224-768x768.png.jpg",768,768,true],"large":["https:\/\/e-kalastus.b-cdn.net\/wp-content\/uploads\/2025\/01\/image-30224-800x800.png.jpg",800,800,true],"1536x1536":["https:\/\/e-kalastus.b-cdn.net\/wp-content\/uploads\/2025\/01\/image-30224.png",1000,300,false],"2048x2048":["https:\/\/e-kalastus.b-cdn.net\/wp-content\/uploads\/2025\/01\/image-30224.png",1000,300,false],"woocommerce_thumbnail":["https:\/\/e-kalastus.b-cdn.net\/wp-content\/uploads\/2025\/01\/image-30224-768x768.png.jpg",324,324,true],"woocommerce_single":["https:\/\/e-kalastus.b-cdn.net\/wp-content\/uploads\/2025\/01\/image-30224.png",416,125,false],"woocommerce_gallery_thumbnail":["https:\/\/e-kalastus.b-cdn.net\/wp-content\/uploads\/2025\/01\/image-30224-100x100.png.jpg",100,100,true]},"uagb_author_info":{"display_name":"Sergei Voronin","author_link":"https:\/\/e-kalastus.ee\/fi\/author\/"},"uagb_comment_info":0,"uagb_excerpt":"Frapp Whiphead on monipuolinen ja kest\u00e4v\u00e4 viehe ahvenen pyyntiin, pituudeltaan 75 mm ja painoltaan 18 g. Sen runko on valmistettu vahvasta ABS-muovista, joka kest\u00e4\u00e4 hyvin petokalojen hampaita, ja kiinte\u00e4 paino mahdollistaa hiljaisen ja hallitun pelin.","_links":{"self":[{"href":"https:\/\/e-kalastus.ee\/fi\/wp-json\/wp\/v2\/product\/76864","targetHints":{"allow":["GET"]}}],"collection":[{"href":"https:\/\/e-kalastus.ee\/fi\/wp-json\/wp\/v2\/product"}],"about":[{"href":"https:\/\/e-kalastus.ee\/fi\/wp-json\/wp\/v2\/types\/product"}],"wp:featuredmedia":[{"embeddable":true,"href":"https:\/\/e-kalastus.ee\/fi\/wp-json\/wp\/v2\/media\/76863"}],"wp:attachment":[{"href":"https:\/\/e-kalastus.ee\/fi\/wp-json\/wp\/v2\/media?parent=76864"}],"wp:term":[{"taxonomy":"product_brand","embeddable":true,"href":"https:\/\/e-kalastus.ee\/fi\/wp-json\/wp\/v2\/product_brand?post=76864"},{"taxonomy":"product_cat","embeddable":true,"href":"https:\/\/e-kalastus.ee\/fi\/wp-json\/wp\/v2\/product_cat?post=76864"},{"taxonomy":"product_tag","embeddable":true,"href":"https:\/\/e-kalastus.ee\/fi\/wp-json\/wp\/v2\/product_tag?post=76864"}],"curies":[{"name":"wp","href":"https:\/\/api.w.org\/{rel}","templated":true}]}}