{"id":76404,"date":"2024-12-07T13:22:32","date_gmt":"2024-12-07T11:22:32","guid":{"rendered":"https:\/\/e-kalastus.ee\/toode\/noor-sunline-amazer-x4-ultimate-pe-jigging-line-1-7-max-159kg-200m-multicolor\/"},"modified":"2026-03-30T15:10:53","modified_gmt":"2026-03-30T12:10:53","slug":"noor-sunline-amazer-x4-ultimate-pe-jigging-line-1-7-max-159kg-200m-multicolor","status":"publish","type":"product","link":"https:\/\/e-kalastus.ee\/toode\/noor-sunline-amazer-x4-ultimate-pe-jigging-line-1-7-max-159kg-200m-multicolor\/","title":{"rendered":"Sunline Amazer x4 Ultimate PE Jigging Line #1.7 max 15,9kg 200m #Multicolor"},"content":{"rendered":"<p>K\u00f5rgeim tundlikkus ja vastupidavus<br \/>\nJiggingi tamiilide puhul on v\u00e4ike venivus oluline tegur, mis m\u00f5jutab otseselt tundlikkust ja reageerimisv\u00f5imet s\u00fcgavas vees.<br \/>\nAmazer X4-l on \u00fclimadal venivus, 3%, mis on alumine piir, mille juures on v\u00f5imalik s\u00e4ilitada stabiilne tugevus.<br \/>\nKogege \u00fclimat tundlikkust, mis v\u00f5imaldab teil tunda v\u00e4ikseimatki muutust, kui kala jigi k\u00fclge klammerdub, isegi keskmises v\u00f5i s\u00fcgavas vees.<\/p>\n\n    <div class=\"xs_social_share_widget xs_share_url after_content \t\tmain_content  wslu-style-1 wslu-share-box-shaped wslu-fill-colored wslu-none wslu-share-horizontal wslu-theme-font-no wslu-main_content\">\n\n\t\t\n        <ul>\n\t\t\t        <\/ul>\n    <\/div>","protected":false},"excerpt":{"rendered":"<p>Spetsiaalne t\u00f6\u00f6tlus<br \/>\nSpetsiaalse sileda pinnat\u00f6\u00f6tluse (SSP) ja v\u00e4hese venivusega t\u00f6\u00f6tluse (LSP) abil suurendatakse n\u00f6\u00f6ri potentsiaali veelgi, mille tulemuseks on libeduse ja vastupidavuse ideaalne kombinatsioon.<\/p>\n","protected":false},"featured_media":76403,"template":"","meta":{"_uag_custom_page_level_css":""},"product_brand":[1524],"product_cat":[1158],"product_tag":[],"class_list":{"0":"post-76404","1":"product","2":"type-product","3":"status-publish","4":"has-post-thumbnail","6":"product_brand-sunline","7":"product_cat-noorid","8":"pa_brand-sunline","10":"first","11":"instock","12":"taxable","13":"shipping-taxable","14":"purchasable","15":"product-type-simple"},"uagb_featured_image_src":{"full":["https:\/\/e-kalastus.b-cdn.net\/wp-content\/uploads\/2024\/12\/image-29767.png",970,929,false],"thumbnail":["https:\/\/e-kalastus.b-cdn.net\/wp-content\/uploads\/2024\/12\/image-29767-150x150.png.jpg",150,150,true],"medium":["https:\/\/e-kalastus.b-cdn.net\/wp-content\/uploads\/2024\/12\/image-29767-300x300.png.jpg",300,300,true],"medium_large":["https:\/\/e-kalastus.b-cdn.net\/wp-content\/uploads\/2024\/12\/image-29767-768x768.png.jpg",768,768,true],"large":["https:\/\/e-kalastus.b-cdn.net\/wp-content\/uploads\/2024\/12\/image-29767-800x800.png.jpg",800,800,true],"1536x1536":["https:\/\/e-kalastus.b-cdn.net\/wp-content\/uploads\/2024\/12\/image-29767.png",970,929,false],"2048x2048":["https:\/\/e-kalastus.b-cdn.net\/wp-content\/uploads\/2024\/12\/image-29767.png",970,929,false],"woocommerce_thumbnail":["https:\/\/e-kalastus.b-cdn.net\/wp-content\/uploads\/2024\/12\/image-29767-768x768.png.jpg",324,324,true],"woocommerce_single":["https:\/\/e-kalastus.b-cdn.net\/wp-content\/uploads\/2024\/12\/image-29767.png",416,398,false],"woocommerce_gallery_thumbnail":["https:\/\/e-kalastus.b-cdn.net\/wp-content\/uploads\/2024\/12\/image-29767-100x100.png.jpg",100,100,true]},"uagb_author_info":{"display_name":"Sergei Voronin","author_link":"https:\/\/e-kalastus.ee\/author\/"},"uagb_comment_info":0,"uagb_excerpt":"Spetsiaalne t\u00f6\u00f6tlus Spetsiaalse sileda pinnat\u00f6\u00f6tluse (SSP) ja v\u00e4hese venivusega t\u00f6\u00f6tluse (LSP) abil suurendatakse n\u00f6\u00f6ri potentsiaali veelgi, mille tulemuseks on libeduse ja vastupidavuse ideaalne kombinatsioon.","_links":{"self":[{"href":"https:\/\/e-kalastus.ee\/wp-json\/wp\/v2\/product\/76404","targetHints":{"allow":["GET"]}}],"collection":[{"href":"https:\/\/e-kalastus.ee\/wp-json\/wp\/v2\/product"}],"about":[{"href":"https:\/\/e-kalastus.ee\/wp-json\/wp\/v2\/types\/product"}],"wp:featuredmedia":[{"embeddable":true,"href":"https:\/\/e-kalastus.ee\/wp-json\/wp\/v2\/media\/76403"}],"wp:attachment":[{"href":"https:\/\/e-kalastus.ee\/wp-json\/wp\/v2\/media?parent=76404"}],"wp:term":[{"taxonomy":"product_brand","embeddable":true,"href":"https:\/\/e-kalastus.ee\/wp-json\/wp\/v2\/product_brand?post=76404"},{"taxonomy":"product_cat","embeddable":true,"href":"https:\/\/e-kalastus.ee\/wp-json\/wp\/v2\/product_cat?post=76404"},{"taxonomy":"product_tag","embeddable":true,"href":"https:\/\/e-kalastus.ee\/wp-json\/wp\/v2\/product_tag?post=76404"}],"curies":[{"name":"wp","href":"https:\/\/api.w.org\/{rel}","templated":true}]}}