{"id":761,"date":"2023-08-08T12:58:24","date_gmt":"2023-08-08T09:58:24","guid":{"rendered":"https:\/\/e-kalastus.ee\/toode\/noor-sunline-pe-jigger-ult-x4-08-015mm-200m-multicolor\/"},"modified":"2026-04-16T15:54:32","modified_gmt":"2026-04-16T12:54:32","slug":"noor-sunline-pe-jigger-ult-x4-08-015mm-200m-multicolor","status":"publish","type":"product","link":"https:\/\/e-kalastus.ee\/fi\/tuotteet\/punottusiima-sunline-pe-jigger-ult-x4-08-015mm-60kg-200m-multicolor\/","title":{"rendered":"Sunline PE Jigger ULT X4 #0,8 0,15mm 6,0kg 200m #Multicolor"},"content":{"rendered":"<p>\u25cf LSP (matalan venymisen k\u00e4sittely) -teknologialla saavutetaan eritt\u00e4in matala venym\u00e4, joka on vain 3%.<br \/>\n\u25cf Koska merenpohjan saavuttaminen on nopeasti havaittavissa, pohjan l\u00e4hell\u00e4 olevien kalojen tavoittaminen on helpompaa. Jopa hyvin syv\u00e4ll\u00e4 alueella tavoitettaessa matalan venym\u00e4n ansiosta jigin toiminta ja liike siirtyv\u00e4t helposti.<br \/>\n\u25cf SSP (sile\u00e4pintainen k\u00e4sittely) -teknologialla siiman pinta muuttuu entist\u00e4 sile\u00e4mm\u00e4ksi, mit\u00e4 aiemmissa ULT 4 -siimoissa ei ollut. Sile\u00e4n pinnan ansiosta jigin uppoamisnopeus kasvaa huomattavasti ja mahdollistaa nopean pohjan saavuttamisen.<br \/>\n\u25cf K\u00e4ytet\u00e4\u00e4n ULT PE 4-kuituista siimaa, joka s\u00e4ilytt\u00e4\u00e4 vakaata lujuutta. Sill\u00e4 on my\u00f6s hyv\u00e4 repe\u00e4mislujuus, joka kest\u00e4\u00e4 suurten kalojen vetovoimaa.<br \/>\n\u25cf EMCS (helppo mittausv\u00e4rij\u00e4rjestelm\u00e4) -teknologian avulla on mahdollista kalastaa kohdesyvyydell\u00e4. K\u00e4ytet\u00e4\u00e4n n\u00e4kyvi\u00e4 ja kirkkaita v\u00e4rej\u00e4, jotka meress\u00e4 eiv\u00e4t helposti katoa.<\/p>\n\n    <div class=\"xs_social_share_widget xs_share_url after_content \t\tmain_content  wslu-style-1 wslu-share-box-shaped wslu-fill-colored wslu-none wslu-share-horizontal wslu-theme-font-no wslu-main_content\">\n\n\t\t\n        <ul>\n\t\t\t        <\/ul>\n    <\/div>","protected":false},"excerpt":{"rendered":"<p>LSP (matalan venymisen k\u00e4sittelyn) teknologialla saavutetaan eritt\u00e4in matala venym\u00e4, joka on vain 3%.<\/p>\n","protected":false},"featured_media":70442,"template":"","meta":{"_uag_custom_page_level_css":""},"product_brand":[1524],"product_cat":[1158],"product_tag":[],"class_list":{"0":"post-761","1":"product","2":"type-product","3":"status-publish","4":"has-post-thumbnail","6":"product_brand-sunline","7":"product_cat-noorid","8":"pa_brand-sunline","9":"pa_labimoot-0-11-0-20mm","11":"first","12":"instock","13":"taxable","14":"shipping-taxable","15":"purchasable","16":"product-type-simple"},"uagb_featured_image_src":{"full":["https:\/\/e-kalastus.b-cdn.net\/wp-content\/uploads\/2024\/07\/sunline-pe-jigger-ult-x4-200m-08-0148mm-12lb-6kg.jpg",458,458,false],"thumbnail":["https:\/\/e-kalastus.b-cdn.net\/wp-content\/uploads\/2024\/07\/sunline-pe-jigger-ult-x4-200m-08-0148mm-12lb-6kg-150x150.jpg",150,150,true],"medium":["https:\/\/e-kalastus.b-cdn.net\/wp-content\/uploads\/2024\/07\/sunline-pe-jigger-ult-x4-200m-08-0148mm-12lb-6kg-300x300.jpg",300,300,true],"medium_large":["https:\/\/e-kalastus.b-cdn.net\/wp-content\/uploads\/2024\/07\/sunline-pe-jigger-ult-x4-200m-08-0148mm-12lb-6kg-768x768.jpg",768,768,true],"large":["https:\/\/e-kalastus.b-cdn.net\/wp-content\/uploads\/2024\/07\/sunline-pe-jigger-ult-x4-200m-08-0148mm-12lb-6kg-800x800.jpg",800,800,true],"1536x1536":["https:\/\/e-kalastus.b-cdn.net\/wp-content\/uploads\/2024\/07\/sunline-pe-jigger-ult-x4-200m-08-0148mm-12lb-6kg.jpg",458,458,false],"2048x2048":["https:\/\/e-kalastus.b-cdn.net\/wp-content\/uploads\/2024\/07\/sunline-pe-jigger-ult-x4-200m-08-0148mm-12lb-6kg.jpg",458,458,false],"woocommerce_thumbnail":["https:\/\/e-kalastus.b-cdn.net\/wp-content\/uploads\/2024\/07\/sunline-pe-jigger-ult-x4-200m-08-0148mm-12lb-6kg-768x768.jpg",324,324,true],"woocommerce_single":["https:\/\/e-kalastus.b-cdn.net\/wp-content\/uploads\/2024\/07\/sunline-pe-jigger-ult-x4-200m-08-0148mm-12lb-6kg-768x768.jpg",416,416,true],"woocommerce_gallery_thumbnail":["https:\/\/e-kalastus.b-cdn.net\/wp-content\/uploads\/2024\/07\/sunline-pe-jigger-ult-x4-200m-08-0148mm-12lb-6kg-100x100.jpg",100,100,true]},"uagb_author_info":{"display_name":"adam.mrozek","author_link":"https:\/\/e-kalastus.ee\/fi\/author\/"},"uagb_comment_info":0,"uagb_excerpt":"LSP (matalan venymisen k\u00e4sittelyn) teknologialla saavutetaan eritt\u00e4in matala venym\u00e4, joka on vain 3%.","_links":{"self":[{"href":"https:\/\/e-kalastus.ee\/fi\/wp-json\/wp\/v2\/product\/761","targetHints":{"allow":["GET"]}}],"collection":[{"href":"https:\/\/e-kalastus.ee\/fi\/wp-json\/wp\/v2\/product"}],"about":[{"href":"https:\/\/e-kalastus.ee\/fi\/wp-json\/wp\/v2\/types\/product"}],"wp:featuredmedia":[{"embeddable":true,"href":"https:\/\/e-kalastus.ee\/fi\/wp-json\/wp\/v2\/media\/70442"}],"wp:attachment":[{"href":"https:\/\/e-kalastus.ee\/fi\/wp-json\/wp\/v2\/media?parent=761"}],"wp:term":[{"taxonomy":"product_brand","embeddable":true,"href":"https:\/\/e-kalastus.ee\/fi\/wp-json\/wp\/v2\/product_brand?post=761"},{"taxonomy":"product_cat","embeddable":true,"href":"https:\/\/e-kalastus.ee\/fi\/wp-json\/wp\/v2\/product_cat?post=761"},{"taxonomy":"product_tag","embeddable":true,"href":"https:\/\/e-kalastus.ee\/fi\/wp-json\/wp\/v2\/product_tag?post=761"}],"curies":[{"name":"wp","href":"https:\/\/api.w.org\/{rel}","templated":true}]}}