{"id":74089,"date":"2024-08-01T17:45:54","date_gmt":"2024-08-01T14:45:54","guid":{"rendered":"https:\/\/e-kalastus.ee\/toode\/silikoon-narval-biggy-boy-20cm-76g-1tk-035-tree-toad\/"},"modified":"2026-03-30T15:36:48","modified_gmt":"2026-03-30T12:36:48","slug":"silikoon-narval-biggy-boy-20cm-76g-1tk-035-tree-toad","status":"publish","type":"product","link":"https:\/\/e-kalastus.ee\/fi\/tuotteet\/silikoniviehe-narval-biggy-boy-20cm-76g-1kpl-035-tree-toad\/","title":{"rendered":"Narval Biggy Boy 20cm 76g 1kpl #035 Tree Toad"},"content":{"rendered":"<p>Mit\u00e4 viehett\u00e4 suositella isolle hauelle? Moni kalastaja etsii vastausta t\u00e4h\u00e4n kysymykseen, erityisesti ne, jotka osallistuvat kilpailuihin ja haluavat saada trofeekalan. Saman kysymyksen esitti itselleen yksi vahvimmista heittokalastajista, Andrey T\u0161ulanov, joka vietti monia tunteja ja p\u00e4ivi\u00e4 vedess\u00e4, analysoidakseen my\u00f6hemmin hauen reaktioita eri muotoisiin ja tyyppisiin vieheisiin ja aloittaakseen oman mallinsa kehitt\u00e4misen. Luodessaan &#8221;Biggy Boyt\u00e4&#8221; h\u00e4n teki lukuisia kokeita vedess\u00e4, muuttaen vieheen muotoa, kunnes lopulta Andrey T\u0161ulanovin ja Nikolai Aleksejevin tiimi osoitti uuden &#8221;salaisen aseen&#8221; voiman &#8221;PAL 2021&#8221;:n toisessa vaiheessa. Biggy Boy niitti hauita suoraan el\u00e4v\u00e4n\u00e4 arvostetussa turnauksessa. Vaikuttavat mitat \u2013 20 cm pitk\u00e4 ja 76 grammaa painava.<\/p>\n\n    <div class=\"xs_social_share_widget xs_share_url after_content \t\tmain_content  wslu-style-1 wslu-share-box-shaped wslu-fill-colored wslu-none wslu-share-horizontal wslu-theme-font-no wslu-main_content\">\n\n\t\t\n        <ul>\n\t\t\t        <\/ul>\n    <\/div>","protected":false},"excerpt":{"rendered":"<p>&#8221;Biggy Boy&#8221; on 20 cm pitk\u00e4 ja 76 grammaa painava viehe, jonka tehokkuuden suurten haukien pyynniss\u00e4 todisti Andrey T\u0161ulanov yhdess\u00e4 tiimins\u00e4 kanssa PAL 2021 -turnauksessa.<\/p>\n","protected":false},"featured_media":74088,"template":"","meta":{"_uag_custom_page_level_css":""},"product_brand":[1153],"product_cat":[15],"product_tag":[],"class_list":{"0":"post-74089","1":"product","2":"type-product","3":"status-publish","4":"has-post-thumbnail","6":"product_brand-narval","7":"product_cat-maaramata","8":"pa_brand-narval","10":"first","11":"instock","12":"taxable","13":"shipping-taxable","14":"purchasable","15":"product-type-simple"},"uagb_featured_image_src":{"full":["https:\/\/e-kalastus.b-cdn.net\/wp-content\/uploads\/2024\/08\/image-25846.png",844,640,false],"thumbnail":["https:\/\/e-kalastus.b-cdn.net\/wp-content\/uploads\/2024\/08\/image-25846-150x150.png.jpg",150,150,true],"medium":["https:\/\/e-kalastus.b-cdn.net\/wp-content\/uploads\/2024\/08\/image-25846-300x300.png.jpg",300,300,true],"medium_large":["https:\/\/e-kalastus.b-cdn.net\/wp-content\/uploads\/2024\/08\/image-25846-768x768.png.jpg",768,768,true],"large":["https:\/\/e-kalastus.b-cdn.net\/wp-content\/uploads\/2024\/08\/image-25846-800x800.png.jpg",800,800,true],"1536x1536":["https:\/\/e-kalastus.b-cdn.net\/wp-content\/uploads\/2024\/08\/image-25846.png",844,640,false],"2048x2048":["https:\/\/e-kalastus.b-cdn.net\/wp-content\/uploads\/2024\/08\/image-25846.png",844,640,false],"woocommerce_thumbnail":["https:\/\/e-kalastus.b-cdn.net\/wp-content\/uploads\/2024\/08\/image-25846-768x768.png.jpg",324,324,true],"woocommerce_single":["https:\/\/e-kalastus.b-cdn.net\/wp-content\/uploads\/2024\/08\/image-25846.png",416,315,false],"woocommerce_gallery_thumbnail":["https:\/\/e-kalastus.b-cdn.net\/wp-content\/uploads\/2024\/08\/image-25846-100x100.png.jpg",100,100,true]},"uagb_author_info":{"display_name":"Sergei Voronin","author_link":"https:\/\/e-kalastus.ee\/fi\/author\/"},"uagb_comment_info":0,"uagb_excerpt":"\"Biggy Boy\" on 20 cm pitk\u00e4 ja 76 grammaa painava viehe, jonka tehokkuuden suurten haukien pyynniss\u00e4 todisti Andrey T\u0161ulanov yhdess\u00e4 tiimins\u00e4 kanssa PAL 2021 -turnauksessa.","_links":{"self":[{"href":"https:\/\/e-kalastus.ee\/fi\/wp-json\/wp\/v2\/product\/74089","targetHints":{"allow":["GET"]}}],"collection":[{"href":"https:\/\/e-kalastus.ee\/fi\/wp-json\/wp\/v2\/product"}],"about":[{"href":"https:\/\/e-kalastus.ee\/fi\/wp-json\/wp\/v2\/types\/product"}],"wp:featuredmedia":[{"embeddable":true,"href":"https:\/\/e-kalastus.ee\/fi\/wp-json\/wp\/v2\/media\/74088"}],"wp:attachment":[{"href":"https:\/\/e-kalastus.ee\/fi\/wp-json\/wp\/v2\/media?parent=74089"}],"wp:term":[{"taxonomy":"product_brand","embeddable":true,"href":"https:\/\/e-kalastus.ee\/fi\/wp-json\/wp\/v2\/product_brand?post=74089"},{"taxonomy":"product_cat","embeddable":true,"href":"https:\/\/e-kalastus.ee\/fi\/wp-json\/wp\/v2\/product_cat?post=74089"},{"taxonomy":"product_tag","embeddable":true,"href":"https:\/\/e-kalastus.ee\/fi\/wp-json\/wp\/v2\/product_tag?post=74089"}],"curies":[{"name":"wp","href":"https:\/\/api.w.org\/{rel}","templated":true}]}}