{"id":73587,"date":"2024-07-24T17:10:42","date_gmt":"2024-07-24T14:10:42","guid":{"rendered":"https:\/\/e-kalastus.ee\/toode\/peibutussoot-traper-big-carp-series-vanilje-1kg\/"},"modified":"2026-03-30T15:17:03","modified_gmt":"2026-03-30T12:17:03","slug":"peibutussoot-traper-big-carp-series-vanilje-1kg","status":"publish","type":"product","link":"https:\/\/e-kalastus.ee\/toode\/peibutussoot-traper-big-carp-series-vanilje-1kg\/","title":{"rendered":"Peibutuss\u00f6\u00f6t Traper Big Carp Series Vanilje 1kg"},"content":{"rendered":"\n    <div class=\"xs_social_share_widget xs_share_url after_content \t\tmain_content  wslu-style-1 wslu-share-box-shaped wslu-fill-colored wslu-none wslu-share-horizontal wslu-theme-font-no wslu-main_content\">\n\n\t\t\n        <ul>\n\t\t\t        <\/ul>\n    <\/div> \n","protected":false},"excerpt":{"rendered":"<p>Big Carp s\u00f6\u00f6t on valmistatud 100% looduslikest teradest ja teistest looduslikest koostisosadest koosnevatest j\u00e4medatest osakestest. Segu on termiliselt t\u00f6\u00f6deldud. T\u00e4nu sellele s\u00e4ilivad ja intensiivistuvad algup\u00e4rased maitse- ja l\u00f5hnaomadused. H\u00e4sti tasakaalustatud s\u00f6\u00f6t, millel on k\u00f5rge s\u00fcsivesikute sisaldus, suurendab suurte karpide ligimeelitamise efekti ja vastab nende k\u00f5rgetele toiduvajadustele.<\/p>\n","protected":false},"featured_media":73586,"template":"","meta":{"_uag_custom_page_level_css":""},"product_brand":[1522],"product_cat":[1186],"product_tag":[],"class_list":{"0":"post-73587","1":"product","2":"type-product","3":"status-publish","4":"has-post-thumbnail","6":"product_brand-traper","7":"product_cat-soodad","8":"pa_brand-traper","10":"first","11":"instock","12":"sale","13":"taxable","14":"shipping-taxable","15":"purchasable","16":"product-type-simple"},"uagb_featured_image_src":{"full":["https:\/\/e-kalastus.b-cdn.net\/wp-content\/uploads\/2024\/07\/image-25387.png",800,600,false],"thumbnail":["https:\/\/e-kalastus.b-cdn.net\/wp-content\/uploads\/2024\/07\/image-25387-150x150.png.jpg",150,150,true],"medium":["https:\/\/e-kalastus.b-cdn.net\/wp-content\/uploads\/2024\/07\/image-25387-300x300.png.jpg",300,300,true],"medium_large":["https:\/\/e-kalastus.b-cdn.net\/wp-content\/uploads\/2024\/07\/image-25387-768x768.png.jpg",768,768,true],"large":["https:\/\/e-kalastus.b-cdn.net\/wp-content\/uploads\/2024\/07\/image-25387-800x800.png.jpg",800,800,true],"1536x1536":["https:\/\/e-kalastus.b-cdn.net\/wp-content\/uploads\/2024\/07\/image-25387.png",800,600,false],"2048x2048":["https:\/\/e-kalastus.b-cdn.net\/wp-content\/uploads\/2024\/07\/image-25387.png",800,600,false],"woocommerce_thumbnail":["https:\/\/e-kalastus.b-cdn.net\/wp-content\/uploads\/2024\/07\/image-25387-768x768.png.jpg",324,324,true],"woocommerce_single":["https:\/\/e-kalastus.b-cdn.net\/wp-content\/uploads\/2024\/07\/image-25387.png",416,312,false],"woocommerce_gallery_thumbnail":["https:\/\/e-kalastus.b-cdn.net\/wp-content\/uploads\/2024\/07\/image-25387-100x100.png.jpg",100,100,true]},"uagb_author_info":{"display_name":"Sergei Voronin","author_link":"https:\/\/e-kalastus.ee\/author\/"},"uagb_comment_info":0,"uagb_excerpt":"Big Carp s\u00f6\u00f6t on valmistatud 100% looduslikest teradest ja teistest looduslikest koostisosadest koosnevatest j\u00e4medatest osakestest. Segu on termiliselt t\u00f6\u00f6deldud. T\u00e4nu sellele s\u00e4ilivad ja intensiivistuvad algup\u00e4rased maitse- ja l\u00f5hnaomadused. H\u00e4sti tasakaalustatud s\u00f6\u00f6t, millel on k\u00f5rge s\u00fcsivesikute sisaldus, suurendab suurte karpide ligimeelitamise efekti ja vastab nende k\u00f5rgetele toiduvajadustele.","_links":{"self":[{"href":"https:\/\/e-kalastus.ee\/wp-json\/wp\/v2\/product\/73587","targetHints":{"allow":["GET"]}}],"collection":[{"href":"https:\/\/e-kalastus.ee\/wp-json\/wp\/v2\/product"}],"about":[{"href":"https:\/\/e-kalastus.ee\/wp-json\/wp\/v2\/types\/product"}],"wp:featuredmedia":[{"embeddable":true,"href":"https:\/\/e-kalastus.ee\/wp-json\/wp\/v2\/media\/73586"}],"wp:attachment":[{"href":"https:\/\/e-kalastus.ee\/wp-json\/wp\/v2\/media?parent=73587"}],"wp:term":[{"taxonomy":"product_brand","embeddable":true,"href":"https:\/\/e-kalastus.ee\/wp-json\/wp\/v2\/product_brand?post=73587"},{"taxonomy":"product_cat","embeddable":true,"href":"https:\/\/e-kalastus.ee\/wp-json\/wp\/v2\/product_cat?post=73587"},{"taxonomy":"product_tag","embeddable":true,"href":"https:\/\/e-kalastus.ee\/wp-json\/wp\/v2\/product_tag?post=73587"}],"curies":[{"name":"wp","href":"https:\/\/api.w.org\/{rel}","templated":true}]}}