{"id":73372,"date":"2024-07-18T12:51:02","date_gmt":"2024-07-18T09:51:02","guid":{"rendered":"https:\/\/e-kalastus.ee\/toode\/akulaadija-victron-energy-blue-smart-ip65-12-5\/"},"modified":"2026-03-30T14:19:07","modified_gmt":"2026-03-30T11:19:07","slug":"akulaadija-victron-energy-blue-smart-ip65-12-5","status":"publish","type":"product","link":"https:\/\/e-kalastus.ee\/toode\/akulaadija-victron-energy-blue-smart-ip65-12-5\/","title":{"rendered":"Akulaadija Victron Energy Blue Smart IP65 12\/5"},"content":{"rendered":"<p><\/p>\n<p style=\"margin-left:0px\">Victron Blue Smart IP65 12V 5A on uus tark professionaalne akulaadija sisseehitatud bluetooth \u00fchendusega. Victron Blue Smart IP65 akulaadija on m\u00f5eldud kasutamiseks nii t\u00f6\u00f6kojas kui ka mootors\u00f5idukitel, nagu autod, mootorrattad, paadid ja karavanid.<\/p>\n<p style=\"margin-left:0px\">Victron Blue Smart IP65 12V 5A akulaadijat tasub osta, sest:<\/p>\n<ul>\n<li>ta laeb akut targalt kuni ideaalse t\u00e4ituvuseni \u2013 7-astmeline laadimisalgoritm annab akule vajaliku poweri, hooldab akut ja kindlustab aku parema tervise ning pikema eluea;<\/li>\n<li>taastab ka s\u00fcvat\u00fchjenenud akud \u2013 vastupidiselt paljudele teistele nutikatele akulaadijatele suudab Blue Smart IP65 laadida ka s\u00fcvat\u00fchjenenud akusid, laadides neid pideva madala vooltugevusega. Kui piisav klemmipinge on taastunud, j\u00e4tkab Blue Smart IP65 normaalse laadimisre\u017eiimiga.<\/li>\n<li>laadijat on lihtne \u00fchendada. Victron Blue Smart IP65 tuleb koos tavaliste \u00fchendusk\u00e4ppade ja M8 poldi alla paigaldatavate \u00fchendusaasadega. Soovi korral v\u00f5ib laadija j\u00e4tta pidevalt \u00fchendatuks.<\/li>\n<li>Blue Smart IP65 akulaadijad on varustatud sisseehitatud bluetooth \u00fchendusega, nii et akulaadija tegevust ja aku olukorda saab j\u00e4lgida nutitelefonist \u00e4piga. Samuti saab VictronConnect \u00e4piga muuta laadimisseadeid.<\/li>\n<\/ul>\n<p><\/p>\n\n    <div class=\"xs_social_share_widget xs_share_url after_content \t\tmain_content  wslu-style-1 wslu-share-box-shaped wslu-fill-colored wslu-none wslu-share-horizontal wslu-theme-font-no wslu-main_content\">\n\n\t\t\n        <ul>\n\t\t\t        <\/ul>\n    <\/div>","protected":false},"excerpt":{"rendered":"<p>Victron Blue Smart IP65 12V 5A on uus tark professionaalne akulaadija sisseehitatud bluetooth \u00fchendusega. Victron Blue Smart IP65 akulaadija on m\u00f5eldud kasutamiseks nii t\u00f6\u00f6kojas kui ka mootors\u00f5idukitel, nagu autod, mootorrattad, paadid ja karavanid. Victron Blue Smart IP65 12V 5A akulaadijat tasub osta, sest: ta laeb akut targalt kuni ideaalse t\u00e4ituvuseni \u2013 7-astmeline laadimisalgoritm annab akule [&hellip;]<\/p>\n","protected":false},"featured_media":73371,"template":"","meta":{"_uag_custom_page_level_css":""},"product_brand":[],"product_cat":[1215],"product_tag":[],"class_list":{"0":"post-73372","1":"product","2":"type-product","3":"status-publish","4":"has-post-thumbnail","6":"product_cat-akud-ja-laadijad","8":"first","9":"instock","10":"sale","11":"taxable","12":"shipping-taxable","13":"purchasable","14":"product-type-simple"},"uagb_featured_image_src":{"full":["https:\/\/e-kalastus.b-cdn.net\/wp-content\/uploads\/2024\/07\/image-25227.png",800,527,false],"thumbnail":["https:\/\/e-kalastus.b-cdn.net\/wp-content\/uploads\/2024\/07\/image-25227-150x150.png.jpg",150,150,true],"medium":["https:\/\/e-kalastus.b-cdn.net\/wp-content\/uploads\/2024\/07\/image-25227-300x300.png.jpg",300,300,true],"medium_large":["https:\/\/e-kalastus.b-cdn.net\/wp-content\/uploads\/2024\/07\/image-25227-768x768.png.jpg",768,768,true],"large":["https:\/\/e-kalastus.b-cdn.net\/wp-content\/uploads\/2024\/07\/image-25227-800x800.png.jpg",800,800,true],"1536x1536":["https:\/\/e-kalastus.b-cdn.net\/wp-content\/uploads\/2024\/07\/image-25227.png",800,527,false],"2048x2048":["https:\/\/e-kalastus.b-cdn.net\/wp-content\/uploads\/2024\/07\/image-25227.png",800,527,false],"woocommerce_thumbnail":["https:\/\/e-kalastus.b-cdn.net\/wp-content\/uploads\/2024\/07\/image-25227-768x768.png.jpg",324,324,true],"woocommerce_single":["https:\/\/e-kalastus.b-cdn.net\/wp-content\/uploads\/2024\/07\/image-25227.png",416,274,false],"woocommerce_gallery_thumbnail":["https:\/\/e-kalastus.b-cdn.net\/wp-content\/uploads\/2024\/07\/image-25227-100x100.png.jpg",100,100,true]},"uagb_author_info":{"display_name":"Sergei Voronin","author_link":"https:\/\/e-kalastus.ee\/author\/"},"uagb_comment_info":0,"uagb_excerpt":"Victron Blue Smart IP65 12V 5A on uus tark professionaalne akulaadija sisseehitatud bluetooth \u00fchendusega. Victron Blue Smart IP65 akulaadija on m\u00f5eldud kasutamiseks nii t\u00f6\u00f6kojas kui ka mootors\u00f5idukitel, nagu autod, mootorrattad, paadid ja karavanid. Victron Blue Smart IP65 12V 5A akulaadijat tasub osta, sest: ta laeb akut targalt kuni ideaalse t\u00e4ituvuseni \u2013 7-astmeline laadimisalgoritm annab akule&hellip;","_links":{"self":[{"href":"https:\/\/e-kalastus.ee\/wp-json\/wp\/v2\/product\/73372","targetHints":{"allow":["GET"]}}],"collection":[{"href":"https:\/\/e-kalastus.ee\/wp-json\/wp\/v2\/product"}],"about":[{"href":"https:\/\/e-kalastus.ee\/wp-json\/wp\/v2\/types\/product"}],"wp:featuredmedia":[{"embeddable":true,"href":"https:\/\/e-kalastus.ee\/wp-json\/wp\/v2\/media\/73371"}],"wp:attachment":[{"href":"https:\/\/e-kalastus.ee\/wp-json\/wp\/v2\/media?parent=73372"}],"wp:term":[{"taxonomy":"product_brand","embeddable":true,"href":"https:\/\/e-kalastus.ee\/wp-json\/wp\/v2\/product_brand?post=73372"},{"taxonomy":"product_cat","embeddable":true,"href":"https:\/\/e-kalastus.ee\/wp-json\/wp\/v2\/product_cat?post=73372"},{"taxonomy":"product_tag","embeddable":true,"href":"https:\/\/e-kalastus.ee\/wp-json\/wp\/v2\/product_tag?post=73372"}],"curies":[{"name":"wp","href":"https:\/\/api.w.org\/{rel}","templated":true}]}}