{"id":683,"date":"2023-08-08T12:57:50","date_gmt":"2023-08-08T09:57:50","guid":{"rendered":"https:\/\/e-kalastus.ee\/toode\/noor-sunline-siglon-pe-x8-5-038mm-150m-multicolor\/"},"modified":"2026-03-30T14:50:13","modified_gmt":"2026-03-30T11:50:13","slug":"noor-sunline-siglon-pe-x8-5-038mm-150m-multicolor","status":"publish","type":"product","link":"https:\/\/e-kalastus.ee\/fi\/tuotteet\/sunline-siglon-pe-x8-5-0-0-38mm-35-0kg-300m-multicolor\/","title":{"rendered":"Sunline Siglon PE X8 #5,0 0,38mm 35,0kg 300m #Multicolor"},"content":{"rendered":"<p>T\u00e4m\u00e4 PE-siima on t\u00e4ysin uusi tuote, jonka Sunline on kehitt\u00e4nyt kansainv\u00e4lisille faneilleen ja asiakkailleen. Se on vahva punottu monilankainen siima, joka sopii kaikkiin mahdollisiin kalastustekniikoihin, sill\u00e4 sill\u00e4 on sek\u00e4 korkea lineaarinen ett\u00e4 solmujen lujuus. Siima on kest\u00e4v\u00e4 ja melkein ei haalistu. Yksi t\u00e4rke\u00e4 ominaisuus on sen poikkeuksellisen py\u00f6re\u00e4 muoto, joka takaa erinomaisen sujuvuuden ja hyv\u00e4n heittokyvyn. Kiitos sile\u00e4n pinnan, se tekee kalastusprosessista helpon ja nautinnollisen. Sunline pyrkii tarjoamaan jokaiselle kalastajalle iloa ja tyytyv\u00e4isyytt\u00e4 kalastuksesta t\u00e4ll\u00e4 tuotteella.<\/p>\n\n    <div class=\"xs_social_share_widget xs_share_url after_content \t\tmain_content  wslu-style-1 wslu-share-box-shaped wslu-fill-colored wslu-none wslu-share-horizontal wslu-theme-font-no wslu-main_content\">\n\n\t\t\n        <ul>\n\t\t\t        <\/ul>\n    <\/div>","protected":false},"excerpt":{"rendered":"<p>\u25cf Tiiviisti punottu ja eritt\u00e4in laadukas PE-kalastussiima<br \/>\n\u25cf Erinomainen siiman lujuus ja solmun lujuus<br \/>\n\u25cf Suuri kulumiskest\u00e4vyys ja vahva vetolujuus<br \/>\n\u25cf Erinomainen sujuvuus ja joustavuus<br \/>\n\u25cf Helppo k\u00e4ytt\u00e4\u00e4<\/p>\n","protected":false},"featured_media":69745,"template":"","meta":{"_uag_custom_page_level_css":""},"product_brand":[1524],"product_cat":[1158],"product_tag":[],"class_list":{"0":"post-683","1":"product","2":"type-product","3":"status-publish","4":"has-post-thumbnail","6":"product_brand-sunline","7":"product_cat-noorid","8":"pa_brand-sunline","9":"pa_labimoot-0-36-0-45mm","11":"first","12":"instock","13":"taxable","14":"shipping-taxable","15":"purchasable","16":"product-type-simple"},"uagb_featured_image_src":{"full":["https:\/\/e-kalastus.b-cdn.net\/wp-content\/uploads\/2024\/07\/Siglon-x8-2020-300-multi-89264.jpg",1000,1000,false],"thumbnail":["https:\/\/e-kalastus.b-cdn.net\/wp-content\/uploads\/2024\/07\/Siglon-x8-2020-300-multi-89264-150x150.jpg",150,150,true],"medium":["https:\/\/e-kalastus.b-cdn.net\/wp-content\/uploads\/2024\/07\/Siglon-x8-2020-300-multi-89264-300x300.jpg",300,300,true],"medium_large":["https:\/\/e-kalastus.b-cdn.net\/wp-content\/uploads\/2024\/07\/Siglon-x8-2020-300-multi-89264-768x768.jpg",768,768,true],"large":["https:\/\/e-kalastus.b-cdn.net\/wp-content\/uploads\/2024\/07\/Siglon-x8-2020-300-multi-89264-800x800.jpg",800,800,true],"1536x1536":["https:\/\/e-kalastus.b-cdn.net\/wp-content\/uploads\/2024\/07\/Siglon-x8-2020-300-multi-89264.jpg",1000,1000,false],"2048x2048":["https:\/\/e-kalastus.b-cdn.net\/wp-content\/uploads\/2024\/07\/Siglon-x8-2020-300-multi-89264.jpg",1000,1000,false],"woocommerce_thumbnail":["https:\/\/e-kalastus.b-cdn.net\/wp-content\/uploads\/2024\/07\/Siglon-x8-2020-300-multi-89264-768x768.jpg",324,324,true],"woocommerce_single":["https:\/\/e-kalastus.b-cdn.net\/wp-content\/uploads\/2024\/07\/Siglon-x8-2020-300-multi-89264-768x768.jpg",416,416,true],"woocommerce_gallery_thumbnail":["https:\/\/e-kalastus.b-cdn.net\/wp-content\/uploads\/2024\/07\/Siglon-x8-2020-300-multi-89264-100x100.jpg",100,100,true]},"uagb_author_info":{"display_name":"adam.mrozek","author_link":"https:\/\/e-kalastus.ee\/fi\/author\/"},"uagb_comment_info":0,"uagb_excerpt":"\u25cf Tiiviisti punottu ja eritt\u00e4in laadukas PE-kalastussiima \u25cf Erinomainen siiman lujuus ja solmun lujuus \u25cf Suuri kulumiskest\u00e4vyys ja vahva vetolujuus \u25cf Erinomainen sujuvuus ja joustavuus \u25cf Helppo k\u00e4ytt\u00e4\u00e4","_links":{"self":[{"href":"https:\/\/e-kalastus.ee\/fi\/wp-json\/wp\/v2\/product\/683","targetHints":{"allow":["GET"]}}],"collection":[{"href":"https:\/\/e-kalastus.ee\/fi\/wp-json\/wp\/v2\/product"}],"about":[{"href":"https:\/\/e-kalastus.ee\/fi\/wp-json\/wp\/v2\/types\/product"}],"wp:featuredmedia":[{"embeddable":true,"href":"https:\/\/e-kalastus.ee\/fi\/wp-json\/wp\/v2\/media\/69745"}],"wp:attachment":[{"href":"https:\/\/e-kalastus.ee\/fi\/wp-json\/wp\/v2\/media?parent=683"}],"wp:term":[{"taxonomy":"product_brand","embeddable":true,"href":"https:\/\/e-kalastus.ee\/fi\/wp-json\/wp\/v2\/product_brand?post=683"},{"taxonomy":"product_cat","embeddable":true,"href":"https:\/\/e-kalastus.ee\/fi\/wp-json\/wp\/v2\/product_cat?post=683"},{"taxonomy":"product_tag","embeddable":true,"href":"https:\/\/e-kalastus.ee\/fi\/wp-json\/wp\/v2\/product_tag?post=683"}],"curies":[{"name":"wp","href":"https:\/\/api.w.org\/{rel}","templated":true}]}}