{"id":63747,"date":"2024-06-25T22:05:58","date_gmt":"2024-06-25T19:05:58","guid":{"rendered":"https:\/\/e-kalastus.ee\/toode\/lihtkasiong-mistrall-zino-pole-7m-10-30g\/"},"modified":"2026-04-16T16:32:36","modified_gmt":"2026-04-16T13:32:36","slug":"lihtkasiong-mistrall-zino-pole-7m-10-30g","status":"publish","type":"product","link":"https:\/\/e-kalastus.ee\/fi\/tuotteet\/mistrall-zino-pole-7m-10-30g\/","title":{"rendered":"Mistrall Zino Pole 7m 10-30g"},"content":{"rendered":"<p>Pituus: 7 m<br \/>\nTesti: 10-30 g<br \/>\nPaino: 401 g<br \/>\nKuljetuspituus: 120 cm<br \/>\nOsat: 7 (teleskooppi)<\/p>\n\n    <div class=\"xs_social_share_widget xs_share_url after_content \t\tmain_content  wslu-style-1 wslu-share-box-shaped wslu-fill-colored wslu-none wslu-share-horizontal wslu-theme-font-no wslu-main_content\">\n\n\t\t\n        <ul>\n\t\t\t        <\/ul>\n    <\/div>","protected":false},"excerpt":{"rendered":"<p>Aborella-tyyppinen onkivapa, jolla on huomattava voimavara ja joka on valmistettu laadukkaasta Korean grafiitista. Kevyt, mutta samalla eritt\u00e4in vahva. Hyv\u00e4 tasapaino ja parempi kontrolli vavan toiminnan yli auttavat kalan v\u00e4sytt\u00e4misess\u00e4. Erinomainen valinta aloittelijoille.<\/p>\n","protected":false},"featured_media":63746,"template":"","meta":{"_uag_custom_page_level_css":""},"product_brand":[1026],"product_cat":[1282],"product_tag":[],"class_list":{"0":"post-63747","1":"product","2":"type-product","3":"status-publish","4":"has-post-thumbnail","6":"product_brand-mistrall","7":"product_cat-kasiong","8":"product_shipping_class-suur","9":"pa_brand-mistrall","11":"first","12":"instock","13":"sale","14":"taxable","15":"shipping-taxable","16":"purchasable","17":"product-type-simple"},"uagb_featured_image_src":{"full":["https:\/\/e-kalastus.b-cdn.net\/wp-content\/uploads\/2024\/06\/image-24580.png",999,994,false],"thumbnail":["https:\/\/e-kalastus.b-cdn.net\/wp-content\/uploads\/2024\/06\/image-24580-150x150.png.jpg",150,150,true],"medium":["https:\/\/e-kalastus.b-cdn.net\/wp-content\/uploads\/2024\/06\/image-24580-300x300.png.jpg",300,300,true],"medium_large":["https:\/\/e-kalastus.b-cdn.net\/wp-content\/uploads\/2024\/06\/image-24580-768x768.png.jpg",768,768,true],"large":["https:\/\/e-kalastus.b-cdn.net\/wp-content\/uploads\/2024\/06\/image-24580-800x800.png.jpg",800,800,true],"1536x1536":["https:\/\/e-kalastus.b-cdn.net\/wp-content\/uploads\/2024\/06\/image-24580.png",999,994,false],"2048x2048":["https:\/\/e-kalastus.b-cdn.net\/wp-content\/uploads\/2024\/06\/image-24580.png",999,994,false],"woocommerce_thumbnail":["https:\/\/e-kalastus.b-cdn.net\/wp-content\/uploads\/2024\/06\/image-24580-768x768.png.jpg",324,324,true],"woocommerce_single":["https:\/\/e-kalastus.b-cdn.net\/wp-content\/uploads\/2024\/06\/image-24580.png",416,414,false],"woocommerce_gallery_thumbnail":["https:\/\/e-kalastus.b-cdn.net\/wp-content\/uploads\/2024\/06\/image-24580-100x100.png.jpg",100,100,true]},"uagb_author_info":{"display_name":"adam.mrozek","author_link":"https:\/\/e-kalastus.ee\/fi\/author\/"},"uagb_comment_info":0,"uagb_excerpt":"Aborella-tyyppinen onkivapa, jolla on huomattava voimavara ja joka on valmistettu laadukkaasta Korean grafiitista. Kevyt, mutta samalla eritt\u00e4in vahva. Hyv\u00e4 tasapaino ja parempi kontrolli vavan toiminnan yli auttavat kalan v\u00e4sytt\u00e4misess\u00e4. Erinomainen valinta aloittelijoille.","_links":{"self":[{"href":"https:\/\/e-kalastus.ee\/fi\/wp-json\/wp\/v2\/product\/63747","targetHints":{"allow":["GET"]}}],"collection":[{"href":"https:\/\/e-kalastus.ee\/fi\/wp-json\/wp\/v2\/product"}],"about":[{"href":"https:\/\/e-kalastus.ee\/fi\/wp-json\/wp\/v2\/types\/product"}],"wp:featuredmedia":[{"embeddable":true,"href":"https:\/\/e-kalastus.ee\/fi\/wp-json\/wp\/v2\/media\/63746"}],"wp:attachment":[{"href":"https:\/\/e-kalastus.ee\/fi\/wp-json\/wp\/v2\/media?parent=63747"}],"wp:term":[{"taxonomy":"product_brand","embeddable":true,"href":"https:\/\/e-kalastus.ee\/fi\/wp-json\/wp\/v2\/product_brand?post=63747"},{"taxonomy":"product_cat","embeddable":true,"href":"https:\/\/e-kalastus.ee\/fi\/wp-json\/wp\/v2\/product_cat?post=63747"},{"taxonomy":"product_tag","embeddable":true,"href":"https:\/\/e-kalastus.ee\/fi\/wp-json\/wp\/v2\/product_tag?post=63747"}],"curies":[{"name":"wp","href":"https:\/\/api.w.org\/{rel}","templated":true}]}}