{"id":63635,"date":"2024-06-21T09:36:02","date_gmt":"2024-06-21T06:36:02","guid":{"rendered":"https:\/\/e-kalastus.ee\/toode\/peibutussoot-traper-classic-karp-25kg-00063\/"},"modified":"2026-03-30T14:39:52","modified_gmt":"2026-03-30T11:39:52","slug":"peibutussoot-traper-classic-karp-25kg-00063","status":"publish","type":"product","link":"https:\/\/e-kalastus.ee\/toode\/peibutussoot-traper-classic-karp-25kg-00063\/","title":{"rendered":"Peibutuss\u00f6\u00f6t Traper Classic Karp 2,5kg 00063"},"content":{"rendered":"\n    <div class=\"xs_social_share_widget xs_share_url after_content \t\tmain_content  wslu-style-1 wslu-share-box-shaped wslu-fill-colored wslu-none wslu-share-horizontal wslu-theme-font-no wslu-main_content\">\n\n\t\t\n        <ul>\n\t\t\t        <\/ul>\n    <\/div> \n","protected":false},"excerpt":{"rendered":"<p>Traper Popular \u2013 on tootja k\u00f5ige populaarsem sari. S\u00f6\u00f6dad on m\u00f5eldud karpkala, kogre, linaski ja teiste kalaliikide p\u00fc\u00fcgiks, feederp\u00fc\u00fcgiks ehk tegu on v\u00e4ga mitmek\u00fclgsete s\u00f6\u00f6tadega.<\/p>\n","protected":false},"featured_media":63634,"template":"","meta":{"_uag_custom_page_level_css":""},"product_brand":[1522],"product_cat":[1186],"product_tag":[],"class_list":{"0":"post-63635","1":"product","2":"type-product","3":"status-publish","4":"has-post-thumbnail","6":"product_brand-traper","7":"product_cat-soodad","8":"pa_brand-traper","10":"first","11":"instock","12":"sale","13":"taxable","14":"shipping-taxable","15":"purchasable","16":"product-type-simple"},"uagb_featured_image_src":{"full":["https:\/\/e-kalastus.b-cdn.net\/wp-content\/uploads\/2024\/06\/image-24461.png",773,1000,false],"thumbnail":["https:\/\/e-kalastus.b-cdn.net\/wp-content\/uploads\/2024\/06\/image-24461-150x150.png.jpg",150,150,true],"medium":["https:\/\/e-kalastus.b-cdn.net\/wp-content\/uploads\/2024\/06\/image-24461-300x300.png.jpg",300,300,true],"medium_large":["https:\/\/e-kalastus.b-cdn.net\/wp-content\/uploads\/2024\/06\/image-24461-768x768.png.jpg",768,768,true],"large":["https:\/\/e-kalastus.b-cdn.net\/wp-content\/uploads\/2024\/06\/image-24461-800x800.png.jpg",800,800,true],"1536x1536":["https:\/\/e-kalastus.b-cdn.net\/wp-content\/uploads\/2024\/06\/image-24461.png",773,1000,false],"2048x2048":["https:\/\/e-kalastus.b-cdn.net\/wp-content\/uploads\/2024\/06\/image-24461.png",773,1000,false],"woocommerce_thumbnail":["https:\/\/e-kalastus.b-cdn.net\/wp-content\/uploads\/2024\/06\/image-24461-768x768.png.jpg",324,324,true],"woocommerce_single":["https:\/\/e-kalastus.b-cdn.net\/wp-content\/uploads\/2024\/06\/image-24461.png",416,538,false],"woocommerce_gallery_thumbnail":["https:\/\/e-kalastus.b-cdn.net\/wp-content\/uploads\/2024\/06\/image-24461-100x100.png.jpg",100,100,true]},"uagb_author_info":{"display_name":"adam.mrozek","author_link":"https:\/\/e-kalastus.ee\/author\/"},"uagb_comment_info":0,"uagb_excerpt":"Traper Popular \u2013 on tootja k\u00f5ige populaarsem sari. S\u00f6\u00f6dad on m\u00f5eldud karpkala, kogre, linaski ja teiste kalaliikide p\u00fc\u00fcgiks, feederp\u00fc\u00fcgiks ehk tegu on v\u00e4ga mitmek\u00fclgsete s\u00f6\u00f6tadega.","_links":{"self":[{"href":"https:\/\/e-kalastus.ee\/wp-json\/wp\/v2\/product\/63635","targetHints":{"allow":["GET"]}}],"collection":[{"href":"https:\/\/e-kalastus.ee\/wp-json\/wp\/v2\/product"}],"about":[{"href":"https:\/\/e-kalastus.ee\/wp-json\/wp\/v2\/types\/product"}],"wp:featuredmedia":[{"embeddable":true,"href":"https:\/\/e-kalastus.ee\/wp-json\/wp\/v2\/media\/63634"}],"wp:attachment":[{"href":"https:\/\/e-kalastus.ee\/wp-json\/wp\/v2\/media?parent=63635"}],"wp:term":[{"taxonomy":"product_brand","embeddable":true,"href":"https:\/\/e-kalastus.ee\/wp-json\/wp\/v2\/product_brand?post=63635"},{"taxonomy":"product_cat","embeddable":true,"href":"https:\/\/e-kalastus.ee\/wp-json\/wp\/v2\/product_cat?post=63635"},{"taxonomy":"product_tag","embeddable":true,"href":"https:\/\/e-kalastus.ee\/wp-json\/wp\/v2\/product_tag?post=63635"}],"curies":[{"name":"wp","href":"https:\/\/api.w.org\/{rel}","templated":true}]}}