{"id":61531,"date":"2024-05-06T09:42:28","date_gmt":"2024-05-06T06:42:28","guid":{"rendered":"https:\/\/e-kalastus.ee\/toode\/silikoon-westin-stanley-the-stickleback-55cm-1tk-sparkling-chartreuse\/"},"modified":"2026-04-16T16:43:32","modified_gmt":"2026-04-16T13:43:32","slug":"silikoon-westin-stanley-the-stickleback-55cm-1tk-sparkling-chartreuse","status":"publish","type":"product","link":"https:\/\/e-kalastus.ee\/fi\/tuotteet\/westin-stanley-the-stickleback-pehme-viehe-55cm-sparkling-chartreuse\/","title":{"rendered":"Westin Stanley The Stickleback 5,5cm 1kpl #Sparkling Chartreuse"},"content":{"rendered":"<p><\/p>\n<p>Kiiski on rasva- ja valkuarikkaita herkkupala, jota rakastavat kaikki hampaat petokalat \u2013 ja nyt voit pyyt\u00e4\u00e4 sit\u00e4 itse Westinin avulla. Stanley the Stickleback -pehme viehe on 3D-skannaus oikeasta kalasta ja sopii kalastukseen sek\u00e4 suolaisessa ett\u00e4 makeassa vedess\u00e4. Valmistettu eritt\u00e4in pehme\u00e4st\u00e4 ja joustavasta muovista, Stanley tuntuu mukavalta sek\u00e4 kevyess\u00e4 perinteisess\u00e4 jigikoukussa ett\u00e4 dropshotissa \u2013 h\u00e4n ei ole valikoiva, mutta eritt\u00e4in houkutteleva! Kaiken muotoiset ja kokoiset petokalat kiehtuvat h\u00e4nen arvaamattomasta uimaliikkeest\u00e4\u00e4n, lapapyrst\u00f6st\u00e4\u00e4n, aktiivisista silmist\u00e4\u00e4n ja k\u00e4sinmaalatuista v\u00e4reist\u00e4\u00e4n.<\/p>\n<ul>\n<li>\n<p role=\"presentation\">Optimoitu eritt\u00e4in aaltoileva joustavuus<br \/>\n\t&nbsp;<\/p>\n<\/li>\n<li>\n<p role=\"presentation\">Aktiiviset silm\u00e4t<br \/>\n\t&nbsp;<\/p>\n<\/li>\n<li>\n<p role=\"presentation\">El\u00e4v\u00e4nveroinen viehe<br \/>\n\t&nbsp;<\/p>\n<\/li>\n<li>\n<p role=\"presentation\">Helposti leikitt\u00e4v\u00e4 lapapyrst\u00f6<br \/>\n\t&nbsp;<\/p>\n<\/li>\n<li>\n<p role=\"presentation\">K\u00e4sinmaalattu yksityiskohtainen viimeistely<\/p>\n<\/li>\n<\/ul>\n<p><\/p>\n\n    <div class=\"xs_social_share_widget xs_share_url after_content \t\tmain_content  wslu-style-1 wslu-share-box-shaped wslu-fill-colored wslu-none wslu-share-horizontal wslu-theme-font-no wslu-main_content\">\n\n\t\t\n        <ul>\n\t\t\t        <\/ul>\n    <\/div>","protected":false},"excerpt":{"rendered":"<p>Stanley the Stickleback on eritt\u00e4in joustava ja el\u00e4v\u00e4nveroinen viehe, joka houkuttelee kaikkia petokaloja realistisella liikkeell\u00e4\u00e4n, aktiivisilla silmill\u00e4\u00e4n ja yksityiskohtaisella viimeistelyll\u00e4\u00e4n.<\/p>\n","protected":false},"featured_media":119648,"template":"","meta":{"_uag_custom_page_level_css":""},"product_brand":[763],"product_cat":[1424],"product_tag":[],"class_list":{"0":"post-61531","1":"product","2":"type-product","3":"status-publish","4":"has-post-thumbnail","6":"product_brand-westin","7":"product_cat-stanley-the-stickleback","8":"pa_brand-westin","10":"first","11":"instock","12":"taxable","13":"shipping-taxable","14":"purchasable","15":"product-type-simple"},"uagb_featured_image_src":{"full":["https:\/\/e-kalastus.b-cdn.net\/wp-content\/uploads\/2025\/08\/images-1-134-3.jpg",259,194,false],"thumbnail":["https:\/\/e-kalastus.b-cdn.net\/wp-content\/uploads\/2025\/08\/images-1-134-3-150x150.jpg",150,150,true],"medium":["https:\/\/e-kalastus.b-cdn.net\/wp-content\/uploads\/2025\/08\/images-1-134-3.jpg",259,194,false],"medium_large":["https:\/\/e-kalastus.b-cdn.net\/wp-content\/uploads\/2025\/08\/images-1-134-3.jpg",259,194,false],"large":["https:\/\/e-kalastus.b-cdn.net\/wp-content\/uploads\/2025\/08\/images-1-134-3.jpg",259,194,false],"1536x1536":["https:\/\/e-kalastus.b-cdn.net\/wp-content\/uploads\/2025\/08\/images-1-134-3.jpg",259,194,false],"2048x2048":["https:\/\/e-kalastus.b-cdn.net\/wp-content\/uploads\/2025\/08\/images-1-134-3.jpg",259,194,false],"woocommerce_thumbnail":["https:\/\/e-kalastus.b-cdn.net\/wp-content\/uploads\/2025\/08\/images-1-134-3.jpg",259,194,false],"woocommerce_single":["https:\/\/e-kalastus.b-cdn.net\/wp-content\/uploads\/2025\/08\/images-1-134-3.jpg",259,194,false],"woocommerce_gallery_thumbnail":["https:\/\/e-kalastus.b-cdn.net\/wp-content\/uploads\/2025\/08\/images-1-134-3-100x100.jpg",100,100,true]},"uagb_author_info":{"display_name":"adam.mrozek","author_link":"https:\/\/e-kalastus.ee\/fi\/author\/"},"uagb_comment_info":0,"uagb_excerpt":"Stanley the Stickleback on eritt\u00e4in joustava ja el\u00e4v\u00e4nveroinen viehe, joka houkuttelee kaikkia petokaloja realistisella liikkeell\u00e4\u00e4n, aktiivisilla silmill\u00e4\u00e4n ja yksityiskohtaisella viimeistelyll\u00e4\u00e4n.","_links":{"self":[{"href":"https:\/\/e-kalastus.ee\/fi\/wp-json\/wp\/v2\/product\/61531","targetHints":{"allow":["GET"]}}],"collection":[{"href":"https:\/\/e-kalastus.ee\/fi\/wp-json\/wp\/v2\/product"}],"about":[{"href":"https:\/\/e-kalastus.ee\/fi\/wp-json\/wp\/v2\/types\/product"}],"wp:featuredmedia":[{"embeddable":true,"href":"https:\/\/e-kalastus.ee\/fi\/wp-json\/wp\/v2\/media\/119648"}],"wp:attachment":[{"href":"https:\/\/e-kalastus.ee\/fi\/wp-json\/wp\/v2\/media?parent=61531"}],"wp:term":[{"taxonomy":"product_brand","embeddable":true,"href":"https:\/\/e-kalastus.ee\/fi\/wp-json\/wp\/v2\/product_brand?post=61531"},{"taxonomy":"product_cat","embeddable":true,"href":"https:\/\/e-kalastus.ee\/fi\/wp-json\/wp\/v2\/product_cat?post=61531"},{"taxonomy":"product_tag","embeddable":true,"href":"https:\/\/e-kalastus.ee\/fi\/wp-json\/wp\/v2\/product_tag?post=61531"}],"curies":[{"name":"wp","href":"https:\/\/api.w.org\/{rel}","templated":true}]}}