{"id":61449,"date":"2024-05-03T09:27:27","date_gmt":"2024-05-03T06:27:27","guid":{"rendered":"https:\/\/e-kalastus.ee\/toode\/silikoon-westin-shadteez-16cm-1tk-bling-perch\/"},"modified":"2026-03-30T14:12:21","modified_gmt":"2026-03-30T11:12:21","slug":"silikoon-westin-shadteez-16cm-1tk-bling-perch","status":"publish","type":"product","link":"https:\/\/e-kalastus.ee\/fi\/tuotteet\/westin-shadteez-16cm-1kpl-bling-perch-silikoniviehe\/","title":{"rendered":"Westin Shadteez 16cm 1kpl #Bling Perch"},"content":{"rendered":"<p><\/p>\n<p>J\u00e4tt\u00e4\u00e4 muut shad-vieheet varjoon \u2013 ShadTeez on viimeistelty t\u00e4ydellisyyteen asti pienimpiin yksityiskohtiin saakka. Syv\u00e4 runko, hoikka keskiosa ja leve\u00e4 pyrst\u00f6 luovat py\u00f6riv\u00e4n, vatsan v\u00e4lkkyv\u00e4n uimaliikkeen jopa hitaalla kelauksella, j\u00e4tt\u00e4en suuret petokalat t\u00e4ysin lumoutuneiksi. T\u00e4ydellinen valinta jigaukseen, heittokalastukseen ja pystykalastukseen. Matkimalla hieman loukkaantunutta ja paniikissa olevaa kalaa l\u00f6yd\u00e4t enn\u00e4tyssaaliisi nopeammin kuin osaat kuvitellakaan!<\/p>\n<ul>\n<li>\n<p role=\"presentation\">Optimoitu joustavuus<br \/>\n\t&nbsp;<\/p>\n<\/li>\n<li>\n<p role=\"presentation\">Realistiset silm\u00e4t<br \/>\n\t&nbsp;<\/p>\n<\/li>\n<li>\n<p role=\"presentation\">Helposti liikkuva melapyrst\u00f6<br \/>\n\t&nbsp;<\/p>\n<\/li>\n<li>\n<p role=\"presentation\">Korkea runkoprofiili ja voimakas vatsan v\u00e4lke<br \/>\n\t&nbsp;<\/p>\n<\/li>\n<li>\n<p role=\"presentation\">K\u00e4sin maalattu yksityiskohtainen viimeistely<br \/>\n\t&nbsp;<\/p>\n<\/li>\n<li>\n<p role=\"presentation\">Toimitetaan laatikossa<br \/>\n\t&nbsp;<\/p>\n<\/li>\n<li>\n<p role=\"presentation\">Paino: 7 cm 4 g | 9 cm 7 g | 12 cm 15 g | 16 cm 39 g | 19 cm 56 g<\/p>\n<\/li>\n<\/ul>\n<p><\/p>\n\n    <div class=\"xs_social_share_widget xs_share_url after_content \t\tmain_content  wslu-style-1 wslu-share-box-shaped wslu-fill-colored wslu-none wslu-share-horizontal wslu-theme-font-no wslu-main_content\">\n\n\t\t\n        <ul>\n\t\t\t        <\/ul>\n    <\/div>","protected":false},"excerpt":{"rendered":"<p>ShadTeez on eritt\u00e4in realistinen viehe, joka yhdist\u00e4\u00e4 el\u00e4v\u00e4nkaltaisen liikkeen ja yksityiskohtaisen viimeistelyn houkutellakseen ligi jopa varovaisimmat petokalat.<\/p>\n","protected":false},"featured_media":61448,"template":"","meta":{"_uag_custom_page_level_css":""},"product_brand":[763],"product_cat":[1419],"product_tag":[],"class_list":{"0":"post-61449","1":"product","2":"type-product","3":"status-publish","4":"has-post-thumbnail","6":"product_brand-westin","7":"product_cat-shadteez","8":"pa_brand-westin","10":"first","11":"instock","12":"taxable","13":"shipping-taxable","14":"purchasable","15":"product-type-simple"},"uagb_featured_image_src":{"full":["https:\/\/e-kalastus.b-cdn.net\/wp-content\/uploads\/2024\/05\/46332-jpg.png",1000,750,false],"thumbnail":["https:\/\/e-kalastus.b-cdn.net\/wp-content\/uploads\/2024\/05\/46332-jpg-150x150.png.jpg",150,150,true],"medium":["https:\/\/e-kalastus.b-cdn.net\/wp-content\/uploads\/2024\/05\/46332-jpg-300x300.png.jpg",300,300,true],"medium_large":["https:\/\/e-kalastus.b-cdn.net\/wp-content\/uploads\/2024\/05\/46332-jpg-768x768.png.jpg",768,768,true],"large":["https:\/\/e-kalastus.b-cdn.net\/wp-content\/uploads\/2024\/05\/46332-jpg-800x800.png.jpg",800,800,true],"1536x1536":["https:\/\/e-kalastus.b-cdn.net\/wp-content\/uploads\/2024\/05\/46332-jpg.png",1000,750,false],"2048x2048":["https:\/\/e-kalastus.b-cdn.net\/wp-content\/uploads\/2024\/05\/46332-jpg.png",1000,750,false],"woocommerce_thumbnail":["https:\/\/e-kalastus.b-cdn.net\/wp-content\/uploads\/2024\/05\/46332-jpg-768x768.png.jpg",324,324,true],"woocommerce_single":["https:\/\/e-kalastus.b-cdn.net\/wp-content\/uploads\/2024\/05\/46332-jpg.png",416,312,false],"woocommerce_gallery_thumbnail":["https:\/\/e-kalastus.b-cdn.net\/wp-content\/uploads\/2024\/05\/46332-jpg-100x100.png.jpg",100,100,true]},"uagb_author_info":{"display_name":"adam.mrozek","author_link":"https:\/\/e-kalastus.ee\/fi\/author\/"},"uagb_comment_info":0,"uagb_excerpt":"ShadTeez on eritt\u00e4in realistinen viehe, joka yhdist\u00e4\u00e4 el\u00e4v\u00e4nkaltaisen liikkeen ja yksityiskohtaisen viimeistelyn houkutellakseen ligi jopa varovaisimmat petokalat.","_links":{"self":[{"href":"https:\/\/e-kalastus.ee\/fi\/wp-json\/wp\/v2\/product\/61449","targetHints":{"allow":["GET"]}}],"collection":[{"href":"https:\/\/e-kalastus.ee\/fi\/wp-json\/wp\/v2\/product"}],"about":[{"href":"https:\/\/e-kalastus.ee\/fi\/wp-json\/wp\/v2\/types\/product"}],"wp:featuredmedia":[{"embeddable":true,"href":"https:\/\/e-kalastus.ee\/fi\/wp-json\/wp\/v2\/media\/61448"}],"wp:attachment":[{"href":"https:\/\/e-kalastus.ee\/fi\/wp-json\/wp\/v2\/media?parent=61449"}],"wp:term":[{"taxonomy":"product_brand","embeddable":true,"href":"https:\/\/e-kalastus.ee\/fi\/wp-json\/wp\/v2\/product_brand?post=61449"},{"taxonomy":"product_cat","embeddable":true,"href":"https:\/\/e-kalastus.ee\/fi\/wp-json\/wp\/v2\/product_cat?post=61449"},{"taxonomy":"product_tag","embeddable":true,"href":"https:\/\/e-kalastus.ee\/fi\/wp-json\/wp\/v2\/product_tag?post=61449"}],"curies":[{"name":"wp","href":"https:\/\/api.w.org\/{rel}","templated":true}]}}