{"id":61251,"date":"2024-05-02T10:27:26","date_gmt":"2024-05-02T07:27:26","guid":{"rendered":"https:\/\/e-kalastus.ee\/toode\/silikoon-westin-ricky-the-roach-shadtail-10cm-2tk-headlight\/"},"modified":"2026-03-30T14:37:24","modified_gmt":"2026-03-30T11:37:24","slug":"silikoon-westin-ricky-the-roach-shadtail-10cm-2tk-headlight","status":"publish","type":"product","link":"https:\/\/e-kalastus.ee\/fi\/tuotteet\/westin-ricky-the-roach-shadtail-10cm-2kpl-headlight\/","title":{"rendered":"Westin Ricky The Roach Shadtail 10cm 2kpl #Headlight"},"content":{"rendered":"<p><\/p>\n<p>Pid\u00e4 silm\u00e4ll\u00e4 nopeutta t\u00e4ll\u00e4 Ricky the Roach -versiolla \u2013 lyhyempi h\u00e4nt\u00e4 mahdollistaa sulavan ja hitaan liukumisen veden l\u00e4pi, kun taas suuri shad-tyyppinen h\u00e4nt\u00e4 tarjoaa nopeamman ja arvaamattomamman pelin. Kumpaa tyyli\u00e4 valitsetkin, t\u00e4m\u00e4 viehe her\u00e4\u00e4 heti eloon veteen p\u00e4\u00e4sty\u00e4\u00e4n, liikkuen tiukalla py\u00f6riv\u00e4ll\u00e4 kehonliikkeell\u00e4. Se n\u00e4ytt\u00e4\u00e4 aivan oikealta s\u00e4rjelt\u00e4 \u2013 itse asiassa jotkut urheilukalastajat olisivat onnellisia saadessaan oikeasti sellaisen, joten petokalat rakastavat varmasti sy\u00f6d\u00e4 sit\u00e4. T\u00e4ydellinen valinta jigaukseen ja heittoon suurille petokaloille, kuten hauelle ja ahdelle.<\/p>\n<ul>\n<li>\n<p role=\"presentation\">Optimoitu joustavuus<br \/>\n\t&nbsp;<\/p>\n<\/li>\n<li>\n<p role=\"presentation\">Realistiset silm\u00e4t<br \/>\n\t&nbsp;<\/p>\n<\/li>\n<li>\n<p role=\"presentation\">Helposti pelattava shad-h\u00e4nt\u00e4<br \/>\n\t&nbsp;<\/p>\n<\/li>\n<li>\n<p role=\"presentation\">Solkio kehonmuoto ja vahva vatsav\u00e4lke<br \/>\n\t&nbsp;<\/p>\n<\/li>\n<li>\n<p role=\"presentation\">K\u00e4sin maalattu yksityiskohtainen viimeistely<br \/>\n\t&nbsp;<\/p>\n<\/li>\n<li>\n<p role=\"presentation\">Blister-pakkauksessa<br \/>\n\t&nbsp;<\/p>\n<\/li>\n<li>\n<p role=\"presentation\">Paino: 7 cm 6 g \u2013 2 kpl | 10 cm 14 g \u2013 2 kpl | 14 cm 42 g \u2013 1 kpl | 18 cm 85 g \u2013 1 kpl<\/p>\n<\/li>\n<\/ul>\n<p><\/p>\n\n    <div class=\"xs_social_share_widget xs_share_url after_content \t\tmain_content  wslu-style-1 wslu-share-box-shaped wslu-fill-colored wslu-none wslu-share-horizontal wslu-theme-font-no wslu-main_content\">\n\n\t\t\n        <ul>\n\t\t\t        <\/ul>\n    <\/div>","protected":false},"excerpt":{"rendered":"<p>Ricky the Roach on el\u00e4v\u00e4n n\u00e4k\u00f6inen viehe, jonka sulava tai nopea peli matkii t\u00e4ydellisesti s\u00e4rke\u00e4 ja houkuttelee suuria petokaloja, kuten haukea ja ahventa.<\/p>\n","protected":false},"featured_media":61250,"template":"","meta":{"_uag_custom_page_level_css":""},"product_brand":[763],"product_cat":[1423],"product_tag":[],"class_list":{"0":"post-61251","1":"product","2":"type-product","3":"status-publish","4":"has-post-thumbnail","6":"product_brand-westin","7":"product_cat-ricky-the-roach","8":"pa_brand-westin","10":"first","11":"instock","12":"taxable","13":"shipping-taxable","14":"purchasable","15":"product-type-simple"},"uagb_featured_image_src":{"full":["https:\/\/e-kalastus.b-cdn.net\/wp-content\/uploads\/2024\/05\/5707549435830-westin-ricky-the-roach-shadtail-gummifisch-10cm-headlight-14g-2-stuck.jpg",1000,1000,false],"thumbnail":["https:\/\/e-kalastus.b-cdn.net\/wp-content\/uploads\/2024\/05\/5707549435830-westin-ricky-the-roach-shadtail-gummifisch-10cm-headlight-14g-2-stuck-150x150.jpg",150,150,true],"medium":["https:\/\/e-kalastus.b-cdn.net\/wp-content\/uploads\/2024\/05\/5707549435830-westin-ricky-the-roach-shadtail-gummifisch-10cm-headlight-14g-2-stuck-300x300.jpg",300,300,true],"medium_large":["https:\/\/e-kalastus.b-cdn.net\/wp-content\/uploads\/2024\/05\/5707549435830-westin-ricky-the-roach-shadtail-gummifisch-10cm-headlight-14g-2-stuck-768x768.jpg",768,768,true],"large":["https:\/\/e-kalastus.b-cdn.net\/wp-content\/uploads\/2024\/05\/5707549435830-westin-ricky-the-roach-shadtail-gummifisch-10cm-headlight-14g-2-stuck-800x800.jpg",800,800,true],"1536x1536":["https:\/\/e-kalastus.b-cdn.net\/wp-content\/uploads\/2024\/05\/5707549435830-westin-ricky-the-roach-shadtail-gummifisch-10cm-headlight-14g-2-stuck.jpg",1000,1000,false],"2048x2048":["https:\/\/e-kalastus.b-cdn.net\/wp-content\/uploads\/2024\/05\/5707549435830-westin-ricky-the-roach-shadtail-gummifisch-10cm-headlight-14g-2-stuck.jpg",1000,1000,false],"woocommerce_thumbnail":["https:\/\/e-kalastus.b-cdn.net\/wp-content\/uploads\/2024\/05\/5707549435830-westin-ricky-the-roach-shadtail-gummifisch-10cm-headlight-14g-2-stuck-768x768.jpg",324,324,true],"woocommerce_single":["https:\/\/e-kalastus.b-cdn.net\/wp-content\/uploads\/2024\/05\/5707549435830-westin-ricky-the-roach-shadtail-gummifisch-10cm-headlight-14g-2-stuck-768x768.jpg",416,416,true],"woocommerce_gallery_thumbnail":["https:\/\/e-kalastus.b-cdn.net\/wp-content\/uploads\/2024\/05\/5707549435830-westin-ricky-the-roach-shadtail-gummifisch-10cm-headlight-14g-2-stuck-100x100.jpg",100,100,true]},"uagb_author_info":{"display_name":"adam.mrozek","author_link":"https:\/\/e-kalastus.ee\/fi\/author\/"},"uagb_comment_info":0,"uagb_excerpt":"Ricky the Roach on el\u00e4v\u00e4n n\u00e4k\u00f6inen viehe, jonka sulava tai nopea peli matkii t\u00e4ydellisesti s\u00e4rke\u00e4 ja houkuttelee suuria petokaloja, kuten haukea ja ahventa.","_links":{"self":[{"href":"https:\/\/e-kalastus.ee\/fi\/wp-json\/wp\/v2\/product\/61251","targetHints":{"allow":["GET"]}}],"collection":[{"href":"https:\/\/e-kalastus.ee\/fi\/wp-json\/wp\/v2\/product"}],"about":[{"href":"https:\/\/e-kalastus.ee\/fi\/wp-json\/wp\/v2\/types\/product"}],"wp:featuredmedia":[{"embeddable":true,"href":"https:\/\/e-kalastus.ee\/fi\/wp-json\/wp\/v2\/media\/61250"}],"wp:attachment":[{"href":"https:\/\/e-kalastus.ee\/fi\/wp-json\/wp\/v2\/media?parent=61251"}],"wp:term":[{"taxonomy":"product_brand","embeddable":true,"href":"https:\/\/e-kalastus.ee\/fi\/wp-json\/wp\/v2\/product_brand?post=61251"},{"taxonomy":"product_cat","embeddable":true,"href":"https:\/\/e-kalastus.ee\/fi\/wp-json\/wp\/v2\/product_cat?post=61251"},{"taxonomy":"product_tag","embeddable":true,"href":"https:\/\/e-kalastus.ee\/fi\/wp-json\/wp\/v2\/product_tag?post=61251"}],"curies":[{"name":"wp","href":"https:\/\/api.w.org\/{rel}","templated":true}]}}