{"id":61239,"date":"2024-05-02T10:27:21","date_gmt":"2024-05-02T07:27:21","guid":{"rendered":"https:\/\/e-kalastus.ee\/toode\/silikoon-westin-ricky-the-roach-shadtail-7cm-2tk-lively-roach\/"},"modified":"2026-03-30T14:55:33","modified_gmt":"2026-03-30T11:55:33","slug":"silikoon-westin-ricky-the-roach-shadtail-7cm-2tk-lively-roach","status":"publish","type":"product","link":"https:\/\/e-kalastus.ee\/toode\/silikoon-westin-ricky-the-roach-shadtail-7cm-2tk-lively-roach\/","title":{"rendered":"Westin Ricky The Roach Shadtail 7cm 2tk #Lively Roach"},"content":{"rendered":"<p><\/p>\n<p dir=\"ltr\" style=\"line-height:1.7999999999999998;margin-top:12pt;margin-bottom:12pt\"><span id=\"docs-internal-guid-23d4f9dc-7fff-5625-fa74-3c165048e9df\"><span style=\"font-size: 11pt;font-family: Arial, sans-serif;background-color: transparent;vertical-align: baseline\">Hoia kiirusel silm peal selle <\/span><span style=\"font-size: 11pt;font-family: Arial, sans-serif;background-color: transparent;font-weight: 700;vertical-align: baseline\">Ricky the Roach\u2019i<\/span><span style=\"font-size: 11pt;font-family: Arial, sans-serif;background-color: transparent;vertical-align: baseline\"> versiooniga \u2013 l\u00fchem saba v\u00f5imaldab sujuvat ja aeglast liuglemist l\u00e4bi vee, samas kui suur shad-t\u00fc\u00fcpi saba annab kiirema ja ettearvamatuma m\u00e4ngu. \u00dcksk\u00f5ik, kumba stiili valid, see lant \u00e4rkab ellu kohe, kui vette satub, liikudes tiheda rulluva kehaliikumisega. See n\u00e4eb v\u00e4lja nagu p\u00e4ris s\u00e4rg \u2013 tegelikult oleksid m\u00f5ned rahukalastajad \u00f5nnelikud, kui sellise p\u00e4riselt p\u00fc\u00fcaksid, nii et r\u00f6\u00f6vkalad armastavad teda kindlasti s\u00fc\u00fca. T\u00e4iuslik valik jigimiseks ja heitmiseks suurte r\u00f6\u00f6vkalade, nagu koha ja haug, p\u00fc\u00fcgiks.<\/span><\/span><\/p>\n<ul style=\"margin-top:0;margin-bottom:0;padding-inline-start:48px\">\n<li dir=\"ltr\" style=\"list-style-type: disc;font-size: 11pt;font-family: Arial, sans-serif;background-color: transparent;vertical-align: baseline;white-space: pre\">\n<p dir=\"ltr\" role=\"presentation\" style=\"line-height:1.7999999999999998;margin-top:12pt;margin-bottom:0pt\"><span id=\"docs-internal-guid-23d4f9dc-7fff-5625-fa74-3c165048e9df\"><span style=\"font-size: 11pt;background-color: transparent;vertical-align: baseline\">Optimeeritud painduvus<\/span><\/span><br \/>\n\t&nbsp;<\/p>\n<\/li>\n<li dir=\"ltr\" style=\"list-style-type: disc;font-size: 11pt;font-family: Arial, sans-serif;background-color: transparent;vertical-align: baseline;white-space: pre\">\n<p dir=\"ltr\" role=\"presentation\" style=\"line-height:1.7999999999999998;margin-top:0pt;margin-bottom:0pt\"><span id=\"docs-internal-guid-23d4f9dc-7fff-5625-fa74-3c165048e9df\"><span style=\"font-size: 11pt;background-color: transparent;vertical-align: baseline\">Realistlikud silmad<\/span><\/span><br \/>\n\t&nbsp;<\/p>\n<\/li>\n<li dir=\"ltr\" style=\"list-style-type: disc;font-size: 11pt;font-family: Arial, sans-serif;background-color: transparent;vertical-align: baseline;white-space: pre\">\n<p dir=\"ltr\" role=\"presentation\" style=\"line-height:1.7999999999999998;margin-top:0pt;margin-bottom:0pt\"><span id=\"docs-internal-guid-23d4f9dc-7fff-5625-fa74-3c165048e9df\"><span style=\"font-size: 11pt;background-color: transparent;vertical-align: baseline\">Lihtsasti m\u00e4ngiv shad-saba<\/span><\/span><br \/>\n\t&nbsp;<\/p>\n<\/li>\n<li dir=\"ltr\" style=\"list-style-type: disc;font-size: 11pt;font-family: Arial, sans-serif;background-color: transparent;vertical-align: baseline;white-space: pre\">\n<p dir=\"ltr\" role=\"presentation\" style=\"line-height:1.7999999999999998;margin-top:0pt;margin-bottom:0pt\"><span id=\"docs-internal-guid-23d4f9dc-7fff-5625-fa74-3c165048e9df\"><span style=\"font-size: 11pt;background-color: transparent;vertical-align: baseline\">Sale kehakuju ja tugev k\u00f5hualune v\u00e4lgatus<\/span><\/span><br \/>\n\t&nbsp;<\/p>\n<\/li>\n<li dir=\"ltr\" style=\"list-style-type: disc;font-size: 11pt;font-family: Arial, sans-serif;background-color: transparent;vertical-align: baseline;white-space: pre\">\n<p dir=\"ltr\" role=\"presentation\" style=\"line-height:1.7999999999999998;margin-top:0pt;margin-bottom:0pt\"><span id=\"docs-internal-guid-23d4f9dc-7fff-5625-fa74-3c165048e9df\"><span style=\"font-size: 11pt;background-color: transparent;vertical-align: baseline\">K\u00e4sitsi v\u00e4rvitud detailne viimistlus<\/span><\/span><br \/>\n\t&nbsp;<\/p>\n<\/li>\n<li dir=\"ltr\" style=\"list-style-type: disc;font-size: 11pt;font-family: Arial, sans-serif;background-color: transparent;vertical-align: baseline;white-space: pre\">\n<p dir=\"ltr\" role=\"presentation\" style=\"line-height:1.7999999999999998;margin-top:0pt;margin-bottom:12pt\"><span id=\"docs-internal-guid-23d4f9dc-7fff-5625-fa74-3c165048e9df\"><span style=\"font-size: 11pt;background-color: transparent;vertical-align: baseline\">Blisterpakendis<\/span><\/span><br \/>\n\t&nbsp;<\/p>\n<\/li>\n<li dir=\"ltr\" style=\"list-style-type: disc;font-size: 11pt;font-family: Arial, sans-serif;background-color: transparent;vertical-align: baseline;white-space: pre\">\n<p dir=\"ltr\" role=\"presentation\" style=\"line-height:1.7999999999999998;margin-top:12pt;margin-bottom:12pt\"><span id=\"docs-internal-guid-23d4f9dc-7fff-5625-fa74-3c165048e9df\"><span style=\"font-size: 11pt;background-color: transparent;vertical-align: baseline\">Kaal: 7 cm 6 g \u2013 2 tk | 10 cm 14 g \u2013 2 tk | 14 cm 42 g \u2013 1 tk | 18 cm 85 g \u2013 1 tk<\/span><\/span><\/p>\n<\/li>\n<\/ul>\n<p><\/p>\n\n    <div class=\"xs_social_share_widget xs_share_url after_content \t\tmain_content  wslu-style-1 wslu-share-box-shaped wslu-fill-colored wslu-none wslu-share-horizontal wslu-theme-font-no wslu-main_content\">\n\n\t\t\n        <ul>\n\t\t\t        <\/ul>\n    <\/div>","protected":false},"excerpt":{"rendered":"<p>Ricky the Roach on elutruu lant, mille sujuv v\u00f5i kiire m\u00e4ng imiteerib t\u00e4iuslikult s\u00e4rge ja meelitab ligi suuri r\u00f6\u00f6vkalasid nagu haug ja koha.<\/p>\n","protected":false},"featured_media":61238,"template":"","meta":{"_uag_custom_page_level_css":""},"product_brand":[763],"product_cat":[1423],"product_tag":[],"class_list":{"0":"post-61239","1":"product","2":"type-product","3":"status-publish","4":"has-post-thumbnail","6":"product_brand-westin","7":"product_cat-ricky-the-roach","8":"pa_brand-westin","10":"first","11":"instock","12":"taxable","13":"shipping-taxable","14":"purchasable","15":"product-type-simple"},"uagb_featured_image_src":{"full":["https:\/\/e-kalastus.b-cdn.net\/wp-content\/uploads\/2024\/05\/images-1012.jpg",259,194,false],"thumbnail":["https:\/\/e-kalastus.b-cdn.net\/wp-content\/uploads\/2024\/05\/images-1012-150x150.jpg",150,150,true],"medium":["https:\/\/e-kalastus.b-cdn.net\/wp-content\/uploads\/2024\/05\/images-1012-300x300.jpg",300,300,true],"medium_large":["https:\/\/e-kalastus.b-cdn.net\/wp-content\/uploads\/2024\/05\/images-1012-768x768.jpg",768,768,true],"large":["https:\/\/e-kalastus.b-cdn.net\/wp-content\/uploads\/2024\/05\/images-1012-800x800.jpg",800,800,true],"1536x1536":["https:\/\/e-kalastus.b-cdn.net\/wp-content\/uploads\/2024\/05\/images-1012.jpg",259,194,false],"2048x2048":["https:\/\/e-kalastus.b-cdn.net\/wp-content\/uploads\/2024\/05\/images-1012.jpg",259,194,false],"woocommerce_thumbnail":["https:\/\/e-kalastus.b-cdn.net\/wp-content\/uploads\/2024\/05\/images-1012-768x768.jpg",324,324,true],"woocommerce_single":["https:\/\/e-kalastus.b-cdn.net\/wp-content\/uploads\/2024\/05\/images-1012.jpg",259,194,false],"woocommerce_gallery_thumbnail":["https:\/\/e-kalastus.b-cdn.net\/wp-content\/uploads\/2024\/05\/images-1012-100x100.jpg",100,100,true]},"uagb_author_info":{"display_name":"adam.mrozek","author_link":"https:\/\/e-kalastus.ee\/author\/"},"uagb_comment_info":0,"uagb_excerpt":"Ricky the Roach on elutruu lant, mille sujuv v\u00f5i kiire m\u00e4ng imiteerib t\u00e4iuslikult s\u00e4rge ja meelitab ligi suuri r\u00f6\u00f6vkalasid nagu haug ja koha.","_links":{"self":[{"href":"https:\/\/e-kalastus.ee\/wp-json\/wp\/v2\/product\/61239","targetHints":{"allow":["GET"]}}],"collection":[{"href":"https:\/\/e-kalastus.ee\/wp-json\/wp\/v2\/product"}],"about":[{"href":"https:\/\/e-kalastus.ee\/wp-json\/wp\/v2\/types\/product"}],"wp:featuredmedia":[{"embeddable":true,"href":"https:\/\/e-kalastus.ee\/wp-json\/wp\/v2\/media\/61238"}],"wp:attachment":[{"href":"https:\/\/e-kalastus.ee\/wp-json\/wp\/v2\/media?parent=61239"}],"wp:term":[{"taxonomy":"product_brand","embeddable":true,"href":"https:\/\/e-kalastus.ee\/wp-json\/wp\/v2\/product_brand?post=61239"},{"taxonomy":"product_cat","embeddable":true,"href":"https:\/\/e-kalastus.ee\/wp-json\/wp\/v2\/product_cat?post=61239"},{"taxonomy":"product_tag","embeddable":true,"href":"https:\/\/e-kalastus.ee\/wp-json\/wp\/v2\/product_tag?post=61239"}],"curies":[{"name":"wp","href":"https:\/\/api.w.org\/{rel}","templated":true}]}}