{"id":61235,"date":"2024-05-02T10:00:03","date_gmt":"2024-05-02T07:00:03","guid":{"rendered":"https:\/\/e-kalastus.ee\/toode\/silikoon-westin-stanley-the-stickleback-75cm-spawning-stickleback-6tk\/"},"modified":"2026-03-30T14:23:33","modified_gmt":"2026-03-30T11:23:33","slug":"silikoon-westin-stanley-the-stickleback-75cm-spawning-stickleback-6tk","status":"publish","type":"product","link":"https:\/\/e-kalastus.ee\/toode\/silikoon-westin-stanley-the-stickleback-75cm-spawning-stickleback-6tk\/","title":{"rendered":"Westin Stanley The Stickleback 7,5cm 6tk #Spawning Stickleback"},"content":{"rendered":"<p><\/p>\n<p dir=\"ltr\" style=\"line-height:1.7999999999999998;margin-top:12pt;margin-bottom:12pt\"><span id=\"docs-internal-guid-aafeef2d-7fff-0fd3-a206-045c12d008d7\"><span style=\"font-size: 11pt;font-family: Arial, sans-serif;background-color: transparent;font-weight: 700;vertical-align: baseline\">S\u00e4inas on rasva- ja valgurikas maiuspala, mida armastavad k\u00f5ik hambulised r\u00f6\u00f6vkalad \u2013 ja n\u00fc\u00fcd saad selle ka ise p\u00fc\u00fcda Westini abil.<\/span><span style=\"font-size: 11pt;font-family: Arial, sans-serif;background-color: transparent;vertical-align: baseline\"> <\/span><span style=\"font-size: 11pt;font-family: Arial, sans-serif;background-color: transparent;font-weight: 700;vertical-align: baseline\">Stanley the Stickleback<\/span><span style=\"font-size: 11pt;font-family: Arial, sans-serif;background-color: transparent;vertical-align: baseline\"> pehme lant on 3D-skaneering p\u00e4ris kalast ja sobib p\u00fc\u00fcgiks nii soolases kui magevees. Valmistatud \u00fclima pehme ja painduva plastikust, tunneb Stanley end mugavalt nii kerge traditsioonilise jigipea kui dropshoti k\u00fcljes \u2013 ta ei ole valiv, kuid on \u00e4\u00e4rmiselt ahvatlev! K\u00f5ikide vormide ja suurustega r\u00f6\u00f6vkalad k\u00f6idab tema ettearvamatu ujumisliikumine, laba-saba, aktiivsed silmad ja k\u00e4sitsi maalitud v\u00e4rvid.<\/span><\/span><\/p>\n<ul style=\"margin-top:0;margin-bottom:0;padding-inline-start:48px\">\n<li dir=\"ltr\" style=\"list-style-type: disc;font-size: 11pt;font-family: Arial, sans-serif;background-color: transparent;vertical-align: baseline;white-space: pre\">\n<p dir=\"ltr\" role=\"presentation\" style=\"line-height:1.7999999999999998;margin-top:12pt;margin-bottom:0pt\"><span id=\"docs-internal-guid-aafeef2d-7fff-0fd3-a206-045c12d008d7\"><span style=\"font-size: 11pt;background-color: transparent;vertical-align: baseline\">Optimeeritud \u00fclilaineline painduvus<\/span><\/span><br \/>\n\t&nbsp;<\/p>\n<\/li>\n<li dir=\"ltr\" style=\"list-style-type: disc;font-size: 11pt;font-family: Arial, sans-serif;background-color: transparent;vertical-align: baseline;white-space: pre\">\n<p dir=\"ltr\" role=\"presentation\" style=\"line-height:1.7999999999999998;margin-top:0pt;margin-bottom:0pt\"><span id=\"docs-internal-guid-aafeef2d-7fff-0fd3-a206-045c12d008d7\"><span style=\"font-size: 11pt;background-color: transparent;vertical-align: baseline\">Aktiivsed silmad<\/span><\/span><br \/>\n\t&nbsp;<\/p>\n<\/li>\n<li dir=\"ltr\" style=\"list-style-type: disc;font-size: 11pt;font-family: Arial, sans-serif;background-color: transparent;vertical-align: baseline;white-space: pre\">\n<p dir=\"ltr\" role=\"presentation\" style=\"line-height:1.7999999999999998;margin-top:0pt;margin-bottom:0pt\"><span id=\"docs-internal-guid-aafeef2d-7fff-0fd3-a206-045c12d008d7\"><span style=\"font-size: 11pt;background-color: transparent;vertical-align: baseline\">Elutruu lant<\/span><\/span><br \/>\n\t&nbsp;<\/p>\n<\/li>\n<li dir=\"ltr\" style=\"list-style-type: disc;font-size: 11pt;font-family: Arial, sans-serif;background-color: transparent;vertical-align: baseline;white-space: pre\">\n<p dir=\"ltr\" role=\"presentation\" style=\"line-height:1.7999999999999998;margin-top:0pt;margin-bottom:12pt\"><span id=\"docs-internal-guid-aafeef2d-7fff-0fd3-a206-045c12d008d7\"><span style=\"font-size: 11pt;background-color: transparent;vertical-align: baseline\">Lihtsasti m\u00e4ngiv laba-saba<\/span><\/span><br \/>\n\t&nbsp;<\/p>\n<\/li>\n<li dir=\"ltr\" style=\"list-style-type: disc;font-size: 11pt;font-family: Arial, sans-serif;background-color: transparent;vertical-align: baseline;white-space: pre\">\n<p dir=\"ltr\" role=\"presentation\" style=\"line-height:1.7999999999999998;margin-top:12pt;margin-bottom:12pt\"><span id=\"docs-internal-guid-aafeef2d-7fff-0fd3-a206-045c12d008d7\"><span style=\"font-size: 11pt;background-color: transparent;vertical-align: baseline\">K\u00e4sitsi maalitud detailne viimistlus<\/span><\/span><\/p>\n<\/li>\n<\/ul>\n<p><\/p>\n\n    <div class=\"xs_social_share_widget xs_share_url after_content \t\tmain_content  wslu-style-1 wslu-share-box-shaped wslu-fill-colored wslu-none wslu-share-horizontal wslu-theme-font-no wslu-main_content\">\n\n\t\t\n        <ul>\n\t\t\t        <\/ul>\n    <\/div>","protected":false},"excerpt":{"rendered":"<p>Stanley the Stickleback on \u00fclipainduv ja elutruu lant, mis meelitab k\u00f5iki r\u00f6\u00f6vkalasid oma realistliku liikumise, aktiivsete silmade ja detailse viimistlusega.<\/p>\n","protected":false},"featured_media":61234,"template":"","meta":{"_uag_custom_page_level_css":""},"product_brand":[763],"product_cat":[1424],"product_tag":[],"class_list":{"0":"post-61235","1":"product","2":"type-product","3":"status-publish","4":"has-post-thumbnail","6":"product_brand-westin","7":"product_cat-stanley-the-stickleback","8":"pa_brand-westin","10":"first","11":"instock","12":"taxable","13":"shipping-taxable","14":"purchasable","15":"product-type-simple"},"uagb_featured_image_src":{"full":["https:\/\/e-kalastus.b-cdn.net\/wp-content\/uploads\/2024\/05\/5707549425053-westin-stanley-the-stickleback-gummifisch-7-5cm-spawning-stickleback-4g-6-stuck.jpg",1000,1000,false],"thumbnail":["https:\/\/e-kalastus.b-cdn.net\/wp-content\/uploads\/2024\/05\/5707549425053-westin-stanley-the-stickleback-gummifisch-7-5cm-spawning-stickleback-4g-6-stuck-150x150.jpg",150,150,true],"medium":["https:\/\/e-kalastus.b-cdn.net\/wp-content\/uploads\/2024\/05\/5707549425053-westin-stanley-the-stickleback-gummifisch-7-5cm-spawning-stickleback-4g-6-stuck-300x300.jpg",300,300,true],"medium_large":["https:\/\/e-kalastus.b-cdn.net\/wp-content\/uploads\/2024\/05\/5707549425053-westin-stanley-the-stickleback-gummifisch-7-5cm-spawning-stickleback-4g-6-stuck-768x768.jpg",768,768,true],"large":["https:\/\/e-kalastus.b-cdn.net\/wp-content\/uploads\/2024\/05\/5707549425053-westin-stanley-the-stickleback-gummifisch-7-5cm-spawning-stickleback-4g-6-stuck-800x800.jpg",800,800,true],"1536x1536":["https:\/\/e-kalastus.b-cdn.net\/wp-content\/uploads\/2024\/05\/5707549425053-westin-stanley-the-stickleback-gummifisch-7-5cm-spawning-stickleback-4g-6-stuck.jpg",1000,1000,false],"2048x2048":["https:\/\/e-kalastus.b-cdn.net\/wp-content\/uploads\/2024\/05\/5707549425053-westin-stanley-the-stickleback-gummifisch-7-5cm-spawning-stickleback-4g-6-stuck.jpg",1000,1000,false],"woocommerce_thumbnail":["https:\/\/e-kalastus.b-cdn.net\/wp-content\/uploads\/2024\/05\/5707549425053-westin-stanley-the-stickleback-gummifisch-7-5cm-spawning-stickleback-4g-6-stuck-768x768.jpg",324,324,true],"woocommerce_single":["https:\/\/e-kalastus.b-cdn.net\/wp-content\/uploads\/2024\/05\/5707549425053-westin-stanley-the-stickleback-gummifisch-7-5cm-spawning-stickleback-4g-6-stuck-768x768.jpg",416,416,true],"woocommerce_gallery_thumbnail":["https:\/\/e-kalastus.b-cdn.net\/wp-content\/uploads\/2024\/05\/5707549425053-westin-stanley-the-stickleback-gummifisch-7-5cm-spawning-stickleback-4g-6-stuck-100x100.jpg",100,100,true]},"uagb_author_info":{"display_name":"adam.mrozek","author_link":"https:\/\/e-kalastus.ee\/author\/"},"uagb_comment_info":0,"uagb_excerpt":"Stanley the Stickleback on \u00fclipainduv ja elutruu lant, mis meelitab k\u00f5iki r\u00f6\u00f6vkalasid oma realistliku liikumise, aktiivsete silmade ja detailse viimistlusega.","_links":{"self":[{"href":"https:\/\/e-kalastus.ee\/wp-json\/wp\/v2\/product\/61235","targetHints":{"allow":["GET"]}}],"collection":[{"href":"https:\/\/e-kalastus.ee\/wp-json\/wp\/v2\/product"}],"about":[{"href":"https:\/\/e-kalastus.ee\/wp-json\/wp\/v2\/types\/product"}],"wp:featuredmedia":[{"embeddable":true,"href":"https:\/\/e-kalastus.ee\/wp-json\/wp\/v2\/media\/61234"}],"wp:attachment":[{"href":"https:\/\/e-kalastus.ee\/wp-json\/wp\/v2\/media?parent=61235"}],"wp:term":[{"taxonomy":"product_brand","embeddable":true,"href":"https:\/\/e-kalastus.ee\/wp-json\/wp\/v2\/product_brand?post=61235"},{"taxonomy":"product_cat","embeddable":true,"href":"https:\/\/e-kalastus.ee\/wp-json\/wp\/v2\/product_cat?post=61235"},{"taxonomy":"product_tag","embeddable":true,"href":"https:\/\/e-kalastus.ee\/wp-json\/wp\/v2\/product_tag?post=61235"}],"curies":[{"name":"wp","href":"https:\/\/api.w.org\/{rel}","templated":true}]}}