{"id":56731,"date":"2024-04-04T13:52:38","date_gmt":"2024-04-04T10:52:38","guid":{"rendered":"https:\/\/e-kalastus.ee\/toode\/konksusoot-traper-corn-puff-puhutud-mais-sokolaad-4mm-20g-15043\/"},"modified":"2026-03-30T15:26:45","modified_gmt":"2026-03-30T12:26:45","slug":"konksusoot-traper-corn-puff-puhutud-mais-sokolaad-4mm-20g-15043","status":"publish","type":"product","link":"https:\/\/e-kalastus.ee\/toode\/konksusoot-traper-corn-puff-puhutud-mais-sokolaad-4mm-20g-15043\/","title":{"rendered":"Konksus\u00f6\u00f6t TRAPER Corn Puff (puhutud mais) \u0160okolaad 4mm\/20g 15043"},"content":{"rendered":"\n    <div class=\"xs_social_share_widget xs_share_url after_content \t\tmain_content  wslu-style-1 wslu-share-box-shaped wslu-fill-colored wslu-none wslu-share-horizontal wslu-theme-font-no wslu-main_content\">\n\n\t\t\n        <ul>\n\t\t\t        <\/ul>\n    <\/div> \n","protected":false},"excerpt":{"rendered":"<p>Puhutud maisist valmistatud kerge ja ujuv konksus\u00f6\u00f6t. 4 mm suurused t\u00fckid t\u00f5usevad vees \u00fcles ning aitavad p\u00fc\u00fcda \u201clennus\u201d olevat kala. S\u00f6\u00f6t on lihtne konksu otsa panna, p\u00fcsib h\u00e4sti ning sobib erinevate kalade p\u00fc\u00fcgiks.<\/p>\n","protected":false},"featured_media":56759,"template":"","meta":{"_uag_custom_page_level_css":""},"product_brand":[1522],"product_cat":[1186],"product_tag":[],"class_list":{"0":"post-56731","1":"product","2":"type-product","3":"status-publish","4":"has-post-thumbnail","6":"product_brand-traper","7":"product_cat-soodad","8":"pa_brand-traper","10":"first","11":"instock","12":"sale","13":"taxable","14":"shipping-taxable","15":"purchasable","16":"product-type-simple"},"uagb_featured_image_src":{"full":["https:\/\/e-kalastus.b-cdn.net\/wp-content\/uploads\/2024\/04\/247376438.jpg",700,700,false],"thumbnail":["https:\/\/e-kalastus.b-cdn.net\/wp-content\/uploads\/2024\/04\/247376438-150x150.jpg",150,150,true],"medium":["https:\/\/e-kalastus.b-cdn.net\/wp-content\/uploads\/2024\/04\/247376438-300x300.jpg",300,300,true],"medium_large":["https:\/\/e-kalastus.b-cdn.net\/wp-content\/uploads\/2024\/04\/247376438-768x768.jpg",768,768,true],"large":["https:\/\/e-kalastus.b-cdn.net\/wp-content\/uploads\/2024\/04\/247376438-800x800.jpg",800,800,true],"1536x1536":["https:\/\/e-kalastus.b-cdn.net\/wp-content\/uploads\/2024\/04\/247376438.jpg",700,700,false],"2048x2048":["https:\/\/e-kalastus.b-cdn.net\/wp-content\/uploads\/2024\/04\/247376438.jpg",700,700,false],"woocommerce_thumbnail":["https:\/\/e-kalastus.b-cdn.net\/wp-content\/uploads\/2024\/04\/247376438-768x768.jpg",324,324,true],"woocommerce_single":["https:\/\/e-kalastus.b-cdn.net\/wp-content\/uploads\/2024\/04\/247376438-768x768.jpg",416,416,true],"woocommerce_gallery_thumbnail":["https:\/\/e-kalastus.b-cdn.net\/wp-content\/uploads\/2024\/04\/247376438-100x100.jpg",100,100,true]},"uagb_author_info":{"display_name":"adam.mrozek","author_link":"https:\/\/e-kalastus.ee\/author\/"},"uagb_comment_info":0,"uagb_excerpt":"Puhutud maisist valmistatud kerge ja ujuv konksus\u00f6\u00f6t. 4 mm suurused t\u00fckid t\u00f5usevad vees \u00fcles ning aitavad p\u00fc\u00fcda \u201clennus\u201d olevat kala. S\u00f6\u00f6t on lihtne konksu otsa panna, p\u00fcsib h\u00e4sti ning sobib erinevate kalade p\u00fc\u00fcgiks.","_links":{"self":[{"href":"https:\/\/e-kalastus.ee\/wp-json\/wp\/v2\/product\/56731","targetHints":{"allow":["GET"]}}],"collection":[{"href":"https:\/\/e-kalastus.ee\/wp-json\/wp\/v2\/product"}],"about":[{"href":"https:\/\/e-kalastus.ee\/wp-json\/wp\/v2\/types\/product"}],"wp:featuredmedia":[{"embeddable":true,"href":"https:\/\/e-kalastus.ee\/wp-json\/wp\/v2\/media\/56759"}],"wp:attachment":[{"href":"https:\/\/e-kalastus.ee\/wp-json\/wp\/v2\/media?parent=56731"}],"wp:term":[{"taxonomy":"product_brand","embeddable":true,"href":"https:\/\/e-kalastus.ee\/wp-json\/wp\/v2\/product_brand?post=56731"},{"taxonomy":"product_cat","embeddable":true,"href":"https:\/\/e-kalastus.ee\/wp-json\/wp\/v2\/product_cat?post=56731"},{"taxonomy":"product_tag","embeddable":true,"href":"https:\/\/e-kalastus.ee\/wp-json\/wp\/v2\/product_tag?post=56731"}],"curies":[{"name":"wp","href":"https:\/\/api.w.org\/{rel}","templated":true}]}}