{"id":56714,"date":"2024-04-04T10:51:47","date_gmt":"2024-04-04T07:51:47","guid":{"rendered":"https:\/\/e-kalastus.ee\/toode\/leivapuru-traper-gst-groundbait-additive-green-fluo-400g-01158\/"},"modified":"2026-04-03T13:25:40","modified_gmt":"2026-04-03T10:25:40","slug":"leivapuru-traper-gst-groundbait-additive-green-fluo-400g-01158","status":"publish","type":"product","link":"https:\/\/e-kalastus.ee\/toode\/leivapuru-traper-gst-groundbait-additive-green-fluo-400g-01158\/","title":{"rendered":"Leivapuru Traper GST Groundbait Additive Green Fluo 400g 01158"},"content":{"rendered":"\n    <div class=\"xs_social_share_widget xs_share_url after_content \t\tmain_content  wslu-style-1 wslu-share-box-shaped wslu-fill-colored wslu-none wslu-share-horizontal wslu-theme-font-no wslu-main_content\">\n\n\t\t\n        <ul>\n\t\t\t        <\/ul>\n    <\/div> \n","protected":false},"excerpt":{"rendered":"<p>Traper Gold koosneb k\u00fcpsetatud leivagraanulitest, mis jahvatatakse jahuks ning leotatakse erinevate maitse- ja atraktantidega.  Iga lisand on loodud selleks, et kalamees saaks oma s\u00f6\u00f6ta t\u00e4iustada ja kohandada seda teatud p\u00fc\u00fcgitingimustega<\/p>\n","protected":false},"featured_media":121521,"template":"","meta":{"_uag_custom_page_level_css":""},"product_brand":[1522],"product_cat":[1187],"product_tag":[],"class_list":{"0":"post-56714","1":"product","2":"type-product","3":"status-publish","4":"has-post-thumbnail","6":"product_brand-traper","7":"product_cat-kuivlisandid","8":"pa_brand-traper","10":"first","11":"instock","12":"sale","13":"taxable","14":"shipping-taxable","15":"purchasable","16":"product-type-simple"},"uagb_featured_image_src":{"full":["https:\/\/e-kalastus.b-cdn.net\/wp-content\/uploads\/2025\/08\/01158-jpg-3.png",800,800,false],"thumbnail":["https:\/\/e-kalastus.b-cdn.net\/wp-content\/uploads\/2025\/08\/01158-jpg-3-150x150.png",150,150,true],"medium":["https:\/\/e-kalastus.b-cdn.net\/wp-content\/uploads\/2025\/08\/01158-jpg-3-300x300.png",300,300,true],"medium_large":["https:\/\/e-kalastus.b-cdn.net\/wp-content\/uploads\/2025\/08\/01158-jpg-3-768x768.png",768,768,true],"large":["https:\/\/e-kalastus.b-cdn.net\/wp-content\/uploads\/2025\/08\/01158-jpg-3.png",800,800,false],"1536x1536":["https:\/\/e-kalastus.b-cdn.net\/wp-content\/uploads\/2025\/08\/01158-jpg-3.png",800,800,false],"2048x2048":["https:\/\/e-kalastus.b-cdn.net\/wp-content\/uploads\/2025\/08\/01158-jpg-3.png",800,800,false],"woocommerce_thumbnail":["https:\/\/e-kalastus.b-cdn.net\/wp-content\/uploads\/2025\/08\/01158-jpg-3-768x768.png",324,324,true],"woocommerce_single":["https:\/\/e-kalastus.b-cdn.net\/wp-content\/uploads\/2025\/08\/01158-jpg-3.png",416,416,false],"woocommerce_gallery_thumbnail":["https:\/\/e-kalastus.b-cdn.net\/wp-content\/uploads\/2025\/08\/01158-jpg-3-100x100.png",100,100,true]},"uagb_author_info":{"display_name":"adam.mrozek","author_link":"https:\/\/e-kalastus.ee\/author\/"},"uagb_comment_info":0,"uagb_excerpt":"Traper Gold koosneb k\u00fcpsetatud leivagraanulitest, mis jahvatatakse jahuks ning leotatakse erinevate maitse- ja atraktantidega. Iga lisand on loodud selleks, et kalamees saaks oma s\u00f6\u00f6ta t\u00e4iustada ja kohandada seda teatud p\u00fc\u00fcgitingimustega","_links":{"self":[{"href":"https:\/\/e-kalastus.ee\/wp-json\/wp\/v2\/product\/56714","targetHints":{"allow":["GET"]}}],"collection":[{"href":"https:\/\/e-kalastus.ee\/wp-json\/wp\/v2\/product"}],"about":[{"href":"https:\/\/e-kalastus.ee\/wp-json\/wp\/v2\/types\/product"}],"wp:featuredmedia":[{"embeddable":true,"href":"https:\/\/e-kalastus.ee\/wp-json\/wp\/v2\/media\/121521"}],"wp:attachment":[{"href":"https:\/\/e-kalastus.ee\/wp-json\/wp\/v2\/media?parent=56714"}],"wp:term":[{"taxonomy":"product_brand","embeddable":true,"href":"https:\/\/e-kalastus.ee\/wp-json\/wp\/v2\/product_brand?post=56714"},{"taxonomy":"product_cat","embeddable":true,"href":"https:\/\/e-kalastus.ee\/wp-json\/wp\/v2\/product_cat?post=56714"},{"taxonomy":"product_tag","embeddable":true,"href":"https:\/\/e-kalastus.ee\/wp-json\/wp\/v2\/product_tag?post=56714"}],"curies":[{"name":"wp","href":"https:\/\/api.w.org\/{rel}","templated":true}]}}