{"id":56594,"date":"2024-03-27T12:42:13","date_gmt":"2024-03-27T10:42:13","guid":{"rendered":"https:\/\/e-kalastus.ee\/toode\/kasiong-golden-catch-wonder-neo-allround-bolo-5-0m\/"},"modified":"2026-03-30T14:31:18","modified_gmt":"2026-03-30T11:31:18","slug":"kasiong-golden-catch-wonder-neo-allround-bolo-5-0m","status":"publish","type":"product","link":"https:\/\/e-kalastus.ee\/toode\/kasiong-golden-catch-wonder-neo-allround-bolo-5-0m\/","title":{"rendered":"Golden Catch Wonder Neo Allround Bolo 5.0m"},"content":{"rendered":"\n    <div class=\"xs_social_share_widget xs_share_url after_content \t\tmain_content  wslu-style-1 wslu-share-box-shaped wslu-fill-colored wslu-none wslu-share-horizontal wslu-theme-font-no wslu-main_content\">\n\n\t\t\n        <ul>\n\t\t\t        <\/ul>\n    <\/div> \n","protected":false},"excerpt":{"rendered":"<p>Ridval on paksemad seinad, mis on valmistatud  TC3 s\u00fcsinikust, mis annab sellele ridvate seeriale suure v\u00f5imsuse ja j\u00f5udluse varu. See v\u00f5imaldab \u00f5nge h\u00e4sti kontrollida ka keerulistes p\u00fc\u00fcgitingimustes, veetaimestiku, vesirooside v\u00f5i murdunud okste l\u00e4hedal. Bolo ridvade peal olevad liikuvad r\u00f5ngad v\u00f5imaldavad koormuse \u00f5iget jaotamist. Bolo versiooni ridvad on varustatud kerge rullikinnitusega.<\/p>\n","protected":false},"featured_media":77665,"template":"","meta":{"_uag_custom_page_level_css":""},"product_brand":[],"product_cat":[1282],"product_tag":[],"class_list":{"0":"post-56594","1":"product","2":"type-product","3":"status-publish","4":"has-post-thumbnail","6":"product_cat-kasiong","7":"product_shipping_class-suur","9":"first","10":"instock","11":"sale","12":"taxable","13":"shipping-taxable","14":"purchasable","15":"product-type-simple"},"uagb_featured_image_src":{"full":["https:\/\/e-kalastus.b-cdn.net\/wp-content\/uploads\/2025\/02\/image-33057.png",1000,1000,false],"thumbnail":["https:\/\/e-kalastus.b-cdn.net\/wp-content\/uploads\/2025\/02\/image-33057-150x150.png.jpg",150,150,true],"medium":["https:\/\/e-kalastus.b-cdn.net\/wp-content\/uploads\/2025\/02\/image-33057-300x300.png.jpg",300,300,true],"medium_large":["https:\/\/e-kalastus.b-cdn.net\/wp-content\/uploads\/2025\/02\/image-33057-768x768.png.jpg",768,768,true],"large":["https:\/\/e-kalastus.b-cdn.net\/wp-content\/uploads\/2025\/02\/image-33057-800x800.png.jpg",800,800,true],"1536x1536":["https:\/\/e-kalastus.b-cdn.net\/wp-content\/uploads\/2025\/02\/image-33057.png",1000,1000,false],"2048x2048":["https:\/\/e-kalastus.b-cdn.net\/wp-content\/uploads\/2025\/02\/image-33057.png",1000,1000,false],"woocommerce_thumbnail":["https:\/\/e-kalastus.b-cdn.net\/wp-content\/uploads\/2025\/02\/image-33057-768x768.png.jpg",324,324,true],"woocommerce_single":["https:\/\/e-kalastus.b-cdn.net\/wp-content\/uploads\/2025\/02\/image-33057-768x768.png.jpg",416,416,true],"woocommerce_gallery_thumbnail":["https:\/\/e-kalastus.b-cdn.net\/wp-content\/uploads\/2025\/02\/image-33057-100x100.png.jpg",100,100,true]},"uagb_author_info":{"display_name":"adam.mrozek","author_link":"https:\/\/e-kalastus.ee\/author\/"},"uagb_comment_info":0,"uagb_excerpt":"Ridval on paksemad seinad, mis on valmistatud TC3 s\u00fcsinikust, mis annab sellele ridvate seeriale suure v\u00f5imsuse ja j\u00f5udluse varu. See v\u00f5imaldab \u00f5nge h\u00e4sti kontrollida ka keerulistes p\u00fc\u00fcgitingimustes, veetaimestiku, vesirooside v\u00f5i murdunud okste l\u00e4hedal. Bolo ridvade peal olevad liikuvad r\u00f5ngad v\u00f5imaldavad koormuse \u00f5iget jaotamist. Bolo versiooni ridvad on varustatud kerge rullikinnitusega.","_links":{"self":[{"href":"https:\/\/e-kalastus.ee\/wp-json\/wp\/v2\/product\/56594","targetHints":{"allow":["GET"]}}],"collection":[{"href":"https:\/\/e-kalastus.ee\/wp-json\/wp\/v2\/product"}],"about":[{"href":"https:\/\/e-kalastus.ee\/wp-json\/wp\/v2\/types\/product"}],"wp:featuredmedia":[{"embeddable":true,"href":"https:\/\/e-kalastus.ee\/wp-json\/wp\/v2\/media\/77665"}],"wp:attachment":[{"href":"https:\/\/e-kalastus.ee\/wp-json\/wp\/v2\/media?parent=56594"}],"wp:term":[{"taxonomy":"product_brand","embeddable":true,"href":"https:\/\/e-kalastus.ee\/wp-json\/wp\/v2\/product_brand?post=56594"},{"taxonomy":"product_cat","embeddable":true,"href":"https:\/\/e-kalastus.ee\/wp-json\/wp\/v2\/product_cat?post=56594"},{"taxonomy":"product_tag","embeddable":true,"href":"https:\/\/e-kalastus.ee\/wp-json\/wp\/v2\/product_tag?post=56594"}],"curies":[{"name":"wp","href":"https:\/\/api.w.org\/{rel}","templated":true}]}}