{"id":55249,"date":"2024-03-20T11:26:56","date_gmt":"2024-03-20T09:26:56","guid":{"rendered":"https:\/\/e-kalastus.ee\/toode\/leivapuru-traper-gold-series-fluo-mix-crushed-400g\/"},"modified":"2026-03-30T15:44:27","modified_gmt":"2026-03-30T12:44:27","slug":"leivapuru-traper-gold-series-fluo-mix-crushed-400g","status":"publish","type":"product","link":"https:\/\/e-kalastus.ee\/toode\/leivapuru-traper-gold-series-fluo-mix-crushed-400g\/","title":{"rendered":"Leivapuru Traper GST Groundbait Additive Fluo MIX Crushed 400g"},"content":{"rendered":"\n    <div class=\"xs_social_share_widget xs_share_url after_content \t\tmain_content  wslu-style-1 wslu-share-box-shaped wslu-fill-colored wslu-none wslu-share-horizontal wslu-theme-font-no wslu-main_content\">\n\n\t\t\n        <ul>\n\t\t\t        <\/ul>\n    <\/div> \n","protected":false},"excerpt":{"rendered":"<p>Traper Gold koosneb k\u00fcpsetatud leivagraanulitest, mis jahvatatakse jahuks ning leotatakse erinevate maitse- ja atraktantidega.  Iga lisand on loodud selleks, et kalamees saaks oma s\u00f6\u00f6ta t\u00e4iustada ja kohandada seda teatud p\u00fc\u00fcgitingimustega<\/p>\n","protected":false},"featured_media":55248,"template":"","meta":{"_uag_custom_page_level_css":""},"product_brand":[1522],"product_cat":[1187],"product_tag":[],"class_list":{"0":"post-55249","1":"product","2":"type-product","3":"status-publish","4":"has-post-thumbnail","6":"product_brand-traper","7":"product_cat-kuivlisandid","8":"pa_brand-traper","10":"first","11":"instock","12":"sale","13":"taxable","14":"shipping-taxable","15":"purchasable","16":"product-type-simple"},"uagb_featured_image_src":{"full":["https:\/\/e-kalastus.b-cdn.net\/wp-content\/uploads\/2024\/03\/47490-0.jpg",800,600,false],"thumbnail":["https:\/\/e-kalastus.b-cdn.net\/wp-content\/uploads\/2024\/03\/47490-0-150x150.jpg",150,150,true],"medium":["https:\/\/e-kalastus.b-cdn.net\/wp-content\/uploads\/2024\/03\/47490-0-300x300.jpg",300,300,true],"medium_large":["https:\/\/e-kalastus.b-cdn.net\/wp-content\/uploads\/2024\/03\/47490-0-768x768.jpg",768,768,true],"large":["https:\/\/e-kalastus.b-cdn.net\/wp-content\/uploads\/2024\/03\/47490-0-800x800.jpg",800,800,true],"1536x1536":["https:\/\/e-kalastus.b-cdn.net\/wp-content\/uploads\/2024\/03\/47490-0.jpg",800,600,false],"2048x2048":["https:\/\/e-kalastus.b-cdn.net\/wp-content\/uploads\/2024\/03\/47490-0.jpg",800,600,false],"woocommerce_thumbnail":["https:\/\/e-kalastus.b-cdn.net\/wp-content\/uploads\/2024\/03\/47490-0-768x768.jpg",324,324,true],"woocommerce_single":["https:\/\/e-kalastus.b-cdn.net\/wp-content\/uploads\/2024\/03\/47490-0.jpg",416,312,false],"woocommerce_gallery_thumbnail":["https:\/\/e-kalastus.b-cdn.net\/wp-content\/uploads\/2024\/03\/47490-0-100x100.jpg",100,100,true]},"uagb_author_info":{"display_name":"adam.mrozek","author_link":"https:\/\/e-kalastus.ee\/author\/"},"uagb_comment_info":0,"uagb_excerpt":"Traper Gold koosneb k\u00fcpsetatud leivagraanulitest, mis jahvatatakse jahuks ning leotatakse erinevate maitse- ja atraktantidega. Iga lisand on loodud selleks, et kalamees saaks oma s\u00f6\u00f6ta t\u00e4iustada ja kohandada seda teatud p\u00fc\u00fcgitingimustega","_links":{"self":[{"href":"https:\/\/e-kalastus.ee\/wp-json\/wp\/v2\/product\/55249","targetHints":{"allow":["GET"]}}],"collection":[{"href":"https:\/\/e-kalastus.ee\/wp-json\/wp\/v2\/product"}],"about":[{"href":"https:\/\/e-kalastus.ee\/wp-json\/wp\/v2\/types\/product"}],"wp:featuredmedia":[{"embeddable":true,"href":"https:\/\/e-kalastus.ee\/wp-json\/wp\/v2\/media\/55248"}],"wp:attachment":[{"href":"https:\/\/e-kalastus.ee\/wp-json\/wp\/v2\/media?parent=55249"}],"wp:term":[{"taxonomy":"product_brand","embeddable":true,"href":"https:\/\/e-kalastus.ee\/wp-json\/wp\/v2\/product_brand?post=55249"},{"taxonomy":"product_cat","embeddable":true,"href":"https:\/\/e-kalastus.ee\/wp-json\/wp\/v2\/product_cat?post=55249"},{"taxonomy":"product_tag","embeddable":true,"href":"https:\/\/e-kalastus.ee\/wp-json\/wp\/v2\/product_tag?post=55249"}],"curies":[{"name":"wp","href":"https:\/\/api.w.org\/{rel}","templated":true}]}}