{"id":54063,"date":"2024-03-18T08:26:26","date_gmt":"2024-03-18T06:26:26","guid":{"rendered":"https:\/\/e-kalastus.ee\/toode\/noor-shimano-kairiki-x5-sinking-steel-gray-0-15mm-5-50kg-150m\/"},"modified":"2026-04-16T15:52:21","modified_gmt":"2026-04-16T12:52:21","slug":"noor-shimano-kairiki-x5-sinking-steel-gray-0-15mm-5-50kg-150m","status":"publish","type":"product","link":"https:\/\/e-kalastus.ee\/fi\/tuotteet\/shimano-kairiki-x5-sinking-steel-gray-punottu-siima-0-15mm-5-50kg-150m\/","title":{"rendered":"Shimano Kairiki X5 Sinking Steel Gray 0.15mm\/5.50kg\/150m"},"content":{"rendered":"<p><\/p>\n<p><b>Uusi Kairiki G5 on Shimanon punottu siima, jolla on ainutlaatuiset ominaisuudet.<\/b><\/p>\n<p>T\u00e4m\u00e4 nelis\u00e4ikeinen punottu siima k\u00e4ytt\u00e4\u00e4 ytimen\u00e4 korkeamman ominaispainon materiaalista valmistettua kuitua. Tuloksena on <b>nopeasti upottava<\/b> siima, joka tarjoaa kalastajille useita etuja. Siima on raskaampi ja siksi v\u00e4hemm\u00e4n tuulen vaikutuksen alainen heiton aikana sek\u00e4 virtauksen vaikutuksen alainen vieheen ensimm\u00e4isess\u00e4 vajoamisvaiheessa. T\u00e4m\u00e4n ansiosta kalastaja saa nopeammin hallinnan vieheen yli.<\/p>\n<p><b>Uppumisvaiheessa siima uppoo nopeammin kuin tavallinen punottu siima<\/b>, mik\u00e4 helpottaa syvemm\u00e4ll\u00e4 \u2013 erityisesti kevyemmill\u00e4 monisteilla \u2013 kalastamista. Muita korkean ominaispainon siimoja ovat esimerkiksi nailon ja fluorokarboni, mutta verrattuna niihin <b>Kairiki G5 ei veny lainkaan<\/b> ja <b>katkeamislujuus on huomattavasti korkeampi<\/b>.<\/p>\n<p>T\u00e4m\u00e4 uusi Kairiki G5 on suunniteltu todelliselle kalastusv\u00e4lineharrastajalle, joka haluaa vied\u00e4 kalastusvarusteensa maksimiin l\u00e4helle saavuttaakseen parhaat mahdolliset tulokset.<\/p>\n<p><\/p>\n\n    <div class=\"xs_social_share_widget xs_share_url after_content \t\tmain_content  wslu-style-1 wslu-share-box-shaped wslu-fill-colored wslu-none wslu-share-horizontal wslu-theme-font-no wslu-main_content\">\n\n\t\t\n        <ul>\n\t\t\t        <\/ul>\n    <\/div>","protected":false},"excerpt":{"rendered":"<p>Punottu siima Kairiki G5 &#8211; 150 metri\u00e4 yleisk\u00e4ytt\u00f6ist\u00e4 siimaa. Valmistettu Japanissa!<\/p>\n","protected":false},"featured_media":54083,"template":"","meta":{"_uag_custom_page_level_css":""},"product_brand":[762],"product_cat":[1158],"product_tag":[],"class_list":{"0":"post-54063","1":"product","2":"type-product","3":"status-publish","4":"has-post-thumbnail","6":"product_brand-shimano","7":"product_cat-noorid","8":"pa_brand-shimano","10":"first","11":"instock","12":"taxable","13":"shipping-taxable","14":"purchasable","15":"product-type-simple"},"uagb_featured_image_src":{"full":["https:\/\/e-kalastus.b-cdn.net\/wp-content\/uploads\/2024\/03\/wpx-b1ec77d69320b61d9f69fe1824b9a4f6-3.jpg",1000,1000,false],"thumbnail":["https:\/\/e-kalastus.b-cdn.net\/wp-content\/uploads\/2024\/03\/wpx-b1ec77d69320b61d9f69fe1824b9a4f6-3-150x150.jpg",150,150,true],"medium":["https:\/\/e-kalastus.b-cdn.net\/wp-content\/uploads\/2024\/03\/wpx-b1ec77d69320b61d9f69fe1824b9a4f6-3-300x300.jpg",300,300,true],"medium_large":["https:\/\/e-kalastus.b-cdn.net\/wp-content\/uploads\/2024\/03\/wpx-b1ec77d69320b61d9f69fe1824b9a4f6-3-768x768.jpg",768,768,true],"large":["https:\/\/e-kalastus.b-cdn.net\/wp-content\/uploads\/2024\/03\/wpx-b1ec77d69320b61d9f69fe1824b9a4f6-3-800x800.jpg",800,800,true],"1536x1536":["https:\/\/e-kalastus.b-cdn.net\/wp-content\/uploads\/2024\/03\/wpx-b1ec77d69320b61d9f69fe1824b9a4f6-3.jpg",1000,1000,false],"2048x2048":["https:\/\/e-kalastus.b-cdn.net\/wp-content\/uploads\/2024\/03\/wpx-b1ec77d69320b61d9f69fe1824b9a4f6-3.jpg",1000,1000,false],"woocommerce_thumbnail":["https:\/\/e-kalastus.b-cdn.net\/wp-content\/uploads\/2024\/03\/wpx-b1ec77d69320b61d9f69fe1824b9a4f6-3-768x768.jpg",324,324,true],"woocommerce_single":["https:\/\/e-kalastus.b-cdn.net\/wp-content\/uploads\/2024\/03\/wpx-b1ec77d69320b61d9f69fe1824b9a4f6-3-768x768.jpg",416,416,true],"woocommerce_gallery_thumbnail":["https:\/\/e-kalastus.b-cdn.net\/wp-content\/uploads\/2024\/03\/wpx-b1ec77d69320b61d9f69fe1824b9a4f6-3-100x100.jpg",100,100,true]},"uagb_author_info":{"display_name":"adam.mrozek","author_link":"https:\/\/e-kalastus.ee\/fi\/author\/"},"uagb_comment_info":0,"uagb_excerpt":"Punottu siima Kairiki G5 - 150 metri\u00e4 yleisk\u00e4ytt\u00f6ist\u00e4 siimaa. Valmistettu Japanissa!","_links":{"self":[{"href":"https:\/\/e-kalastus.ee\/fi\/wp-json\/wp\/v2\/product\/54063","targetHints":{"allow":["GET"]}}],"collection":[{"href":"https:\/\/e-kalastus.ee\/fi\/wp-json\/wp\/v2\/product"}],"about":[{"href":"https:\/\/e-kalastus.ee\/fi\/wp-json\/wp\/v2\/types\/product"}],"wp:featuredmedia":[{"embeddable":true,"href":"https:\/\/e-kalastus.ee\/fi\/wp-json\/wp\/v2\/media\/54083"}],"wp:attachment":[{"href":"https:\/\/e-kalastus.ee\/fi\/wp-json\/wp\/v2\/media?parent=54063"}],"wp:term":[{"taxonomy":"product_brand","embeddable":true,"href":"https:\/\/e-kalastus.ee\/fi\/wp-json\/wp\/v2\/product_brand?post=54063"},{"taxonomy":"product_cat","embeddable":true,"href":"https:\/\/e-kalastus.ee\/fi\/wp-json\/wp\/v2\/product_cat?post=54063"},{"taxonomy":"product_tag","embeddable":true,"href":"https:\/\/e-kalastus.ee\/fi\/wp-json\/wp\/v2\/product_tag?post=54063"}],"curies":[{"name":"wp","href":"https:\/\/api.w.org\/{rel}","templated":true}]}}