{"id":54059,"date":"2024-03-18T08:11:29","date_gmt":"2024-03-18T06:11:29","guid":{"rendered":"https:\/\/e-kalastus.ee\/toode\/noor-shimano-kairiki-x8-mantis-green-0-28mm-2930kg-150m\/"},"modified":"2026-03-30T14:52:56","modified_gmt":"2026-03-30T11:52:56","slug":"noor-shimano-kairiki-x8-mantis-green-0-28mm-2930kg-150m","status":"publish","type":"product","link":"https:\/\/e-kalastus.ee\/fi\/tuotteet\/shimano-kairiki-x8-mantis-green-punottusiima-028mm-2930kg-150m\/","title":{"rendered":"Shimano Kairiki X8 Mantis Green 0.28mm\/29.30kg\/150m"},"content":{"rendered":"<p><\/p>\n<p><b>Kairikilla on uusi ulkon\u00e4k\u00f6 ja se on nyt valmistettu uudella VT-rakennemenetelm\u00e4ll\u00e4, joka tarjoaa tasaisemman pinnan pidemmille heitoille.<\/b><\/p>\n<p>Uudella tyylill\u00e4 varustettu <b>Kairiki SX8<\/b> tunnetaan nyt nimell\u00e4 <b>Kairiki 8<\/b> ja se on valmistettu k\u00e4ytt\u00e4en <b>VT-rakennemenetelm\u00e4\u00e4<\/b>, joka luodaan kohdistamalla vahvaa j\u00e4nnityst\u00e4 vastakkaisiin suuntiin punontaprosessin aikana, antaen <b>punottusiimalle<\/b> tasaisemman pinnan ja paremman herkkyyden. Tasaisemman pinnan ansiosta <b>siima<\/b> on my\u00f6s v\u00e4hemm\u00e4n meluisa, koska se aiheuttaa v\u00e4hemm\u00e4n kitkaa renkaiden v\u00e4lill\u00e4, minimoiden heittomelun.<\/p>\n<p><\/p>\n\n    <div class=\"xs_social_share_widget xs_share_url after_content \t\tmain_content  wslu-style-1 wslu-share-box-shaped wslu-fill-colored wslu-none wslu-share-horizontal wslu-theme-font-no wslu-main_content\">\n\n\t\t\n        <ul>\n\t\t\t        <\/ul>\n    <\/div>","protected":false},"excerpt":{"rendered":"<p>Punottu siima Kairiki X8 &#8211; 150 metri\u00e4 yleisk\u00e4ytt\u00f6ist\u00e4 siimaa. Valmistettu Japanissa!<\/p>\n","protected":false},"featured_media":54089,"template":"","meta":{"_uag_custom_page_level_css":""},"product_brand":[762],"product_cat":[1158],"product_tag":[],"class_list":{"0":"post-54059","1":"product","2":"type-product","3":"status-publish","4":"has-post-thumbnail","6":"product_brand-shimano","7":"product_cat-noorid","8":"pa_brand-shimano","10":"first","11":"instock","12":"taxable","13":"shipping-taxable","14":"purchasable","15":"product-type-simple"},"uagb_featured_image_src":{"full":["https:\/\/e-kalastus.b-cdn.net\/wp-content\/uploads\/2024\/03\/6311-shimano-kairiki-8-vt-mantis-green-2.jpg",1000,525,false],"thumbnail":["https:\/\/e-kalastus.b-cdn.net\/wp-content\/uploads\/2024\/03\/6311-shimano-kairiki-8-vt-mantis-green-2-150x150.jpg",150,150,true],"medium":["https:\/\/e-kalastus.b-cdn.net\/wp-content\/uploads\/2024\/03\/6311-shimano-kairiki-8-vt-mantis-green-2-300x300.jpg",300,300,true],"medium_large":["https:\/\/e-kalastus.b-cdn.net\/wp-content\/uploads\/2024\/03\/6311-shimano-kairiki-8-vt-mantis-green-2-768x768.jpg",768,768,true],"large":["https:\/\/e-kalastus.b-cdn.net\/wp-content\/uploads\/2024\/03\/6311-shimano-kairiki-8-vt-mantis-green-2-800x800.jpg",800,800,true],"1536x1536":["https:\/\/e-kalastus.b-cdn.net\/wp-content\/uploads\/2024\/03\/6311-shimano-kairiki-8-vt-mantis-green-2.jpg",1000,525,false],"2048x2048":["https:\/\/e-kalastus.b-cdn.net\/wp-content\/uploads\/2024\/03\/6311-shimano-kairiki-8-vt-mantis-green-2.jpg",1000,525,false],"woocommerce_thumbnail":["https:\/\/e-kalastus.b-cdn.net\/wp-content\/uploads\/2024\/03\/6311-shimano-kairiki-8-vt-mantis-green-2-768x768.jpg",324,324,true],"woocommerce_single":["https:\/\/e-kalastus.b-cdn.net\/wp-content\/uploads\/2024\/03\/6311-shimano-kairiki-8-vt-mantis-green-2.jpg",416,218,false],"woocommerce_gallery_thumbnail":["https:\/\/e-kalastus.b-cdn.net\/wp-content\/uploads\/2024\/03\/6311-shimano-kairiki-8-vt-mantis-green-2-100x100.jpg",100,100,true]},"uagb_author_info":{"display_name":"adam.mrozek","author_link":"https:\/\/e-kalastus.ee\/fi\/author\/"},"uagb_comment_info":0,"uagb_excerpt":"Punottu siima Kairiki X8 - 150 metri\u00e4 yleisk\u00e4ytt\u00f6ist\u00e4 siimaa. Valmistettu Japanissa!","_links":{"self":[{"href":"https:\/\/e-kalastus.ee\/fi\/wp-json\/wp\/v2\/product\/54059","targetHints":{"allow":["GET"]}}],"collection":[{"href":"https:\/\/e-kalastus.ee\/fi\/wp-json\/wp\/v2\/product"}],"about":[{"href":"https:\/\/e-kalastus.ee\/fi\/wp-json\/wp\/v2\/types\/product"}],"wp:featuredmedia":[{"embeddable":true,"href":"https:\/\/e-kalastus.ee\/fi\/wp-json\/wp\/v2\/media\/54089"}],"wp:attachment":[{"href":"https:\/\/e-kalastus.ee\/fi\/wp-json\/wp\/v2\/media?parent=54059"}],"wp:term":[{"taxonomy":"product_brand","embeddable":true,"href":"https:\/\/e-kalastus.ee\/fi\/wp-json\/wp\/v2\/product_brand?post=54059"},{"taxonomy":"product_cat","embeddable":true,"href":"https:\/\/e-kalastus.ee\/fi\/wp-json\/wp\/v2\/product_cat?post=54059"},{"taxonomy":"product_tag","embeddable":true,"href":"https:\/\/e-kalastus.ee\/fi\/wp-json\/wp\/v2\/product_tag?post=54059"}],"curies":[{"name":"wp","href":"https:\/\/api.w.org\/{rel}","templated":true}]}}