{"id":4119,"date":"2023-08-18T18:58:39","date_gmt":"2023-08-18T15:58:39","guid":{"rendered":"https:\/\/e-kalastus.ee\/toode\/feeder-golden-catch-verte-x-39m-h-test-130g\/"},"modified":"2026-04-16T16:44:28","modified_gmt":"2026-04-16T13:44:28","slug":"feeder-golden-catch-verte-x-39m-h-test-130g","status":"publish","type":"product","link":"https:\/\/e-kalastus.ee\/fi\/tuotteet\/feeder-vapa-golden-catch-verte-x-39m-testi-130g\/","title":{"rendered":"Golden Catch Verte-X 3,9m testi 130g"},"content":{"rendered":"<p>Tekniset ominaisuudet:<br \/>\n\u2013 Valmistaja: Golden Catch<br \/>\n\u2013 Sarja: Verte-X<br \/>\n\u2013 Rakenne: moniosa<br \/>\n\u2013 Materiaali: hiili (grafiitti)<br \/>\n\u2013 Renkaat: WeBo, SiC-insertit, est\u00e4v\u00e4t siiman takertumisen<br \/>\n\u2013 Kahva: kumip\u00e4\u00e4llysteinen, tarjoaa turvallisen ja mukavan otteen<\/p>\n\n    <div class=\"xs_social_share_widget xs_share_url after_content \t\tmain_content  wslu-style-1 wslu-share-box-shaped wslu-fill-colored wslu-none wslu-share-horizontal wslu-theme-font-no wslu-main_content\">\n\n\t\t\n        <ul>\n\t\t\t        <\/ul>\n    <\/div>","protected":false},"excerpt":{"rendered":"<p>Golden Catch Verte-X Feeder 19 on edulliseen hintaluokkaan kuuluva nopeatoiminen feeder-vapa, joka on suunniteltu ensisijaisesti joikalastukseen. J\u00e4yk\u00e4t hiilikangat varmistavat hyv\u00e4n heittoet\u00e4isyyden ja mahdollistavat hallinnan s\u00e4ilytt\u00e4misen jopa voimakkaiden kalojen taistelussa.<\/p>\n<p>Vavat on luotu pitk\u00e4n matkan heittoihin \u2013 mahdollistaen kalastuksen yli 100 metrin p\u00e4\u00e4st\u00e4 \u2013 ja tarjoavat monipuolisen valikoiman eri pituuksilla ja heittotehoilla.<\/p>\n","protected":false},"featured_media":67107,"template":"","meta":{"_uag_custom_page_level_css":""},"product_brand":[1561],"product_cat":[1491],"product_tag":[],"class_list":{"0":"post-4119","1":"product","2":"type-product","3":"status-publish","4":"has-post-thumbnail","6":"product_brand-golden-catch","7":"product_cat-golden-catch-feederridvad","8":"product_shipping_class-suur","9":"pa_brand-golden-catch","10":"pa_pikkus-3-m","11":"pa_test-130-g","13":"first","14":"instock","15":"sale","16":"taxable","17":"shipping-taxable","18":"purchasable","19":"product-type-simple"},"uagb_featured_image_src":{"full":["https:\/\/e-kalastus.b-cdn.net\/wp-content\/uploads\/2024\/07\/meskere-golden-catch-verte-x-feeder-39-m-130-g.jpg",860,1000,false],"thumbnail":["https:\/\/e-kalastus.b-cdn.net\/wp-content\/uploads\/2024\/07\/meskere-golden-catch-verte-x-feeder-39-m-130-g-150x150.jpg",150,150,true],"medium":["https:\/\/e-kalastus.b-cdn.net\/wp-content\/uploads\/2024\/07\/meskere-golden-catch-verte-x-feeder-39-m-130-g-300x300.jpg",300,300,true],"medium_large":["https:\/\/e-kalastus.b-cdn.net\/wp-content\/uploads\/2024\/07\/meskere-golden-catch-verte-x-feeder-39-m-130-g-768x768.jpg",768,768,true],"large":["https:\/\/e-kalastus.b-cdn.net\/wp-content\/uploads\/2024\/07\/meskere-golden-catch-verte-x-feeder-39-m-130-g-800x800.jpg",800,800,true],"1536x1536":["https:\/\/e-kalastus.b-cdn.net\/wp-content\/uploads\/2024\/07\/meskere-golden-catch-verte-x-feeder-39-m-130-g.jpg",860,1000,false],"2048x2048":["https:\/\/e-kalastus.b-cdn.net\/wp-content\/uploads\/2024\/07\/meskere-golden-catch-verte-x-feeder-39-m-130-g.jpg",860,1000,false],"woocommerce_thumbnail":["https:\/\/e-kalastus.b-cdn.net\/wp-content\/uploads\/2024\/07\/meskere-golden-catch-verte-x-feeder-39-m-130-g-768x768.jpg",324,324,true],"woocommerce_single":["https:\/\/e-kalastus.b-cdn.net\/wp-content\/uploads\/2024\/07\/meskere-golden-catch-verte-x-feeder-39-m-130-g.jpg",416,484,false],"woocommerce_gallery_thumbnail":["https:\/\/e-kalastus.b-cdn.net\/wp-content\/uploads\/2024\/07\/meskere-golden-catch-verte-x-feeder-39-m-130-g-100x100.jpg",100,100,true]},"uagb_author_info":{"display_name":"adam.mrozek","author_link":"https:\/\/e-kalastus.ee\/fi\/author\/"},"uagb_comment_info":0,"uagb_excerpt":"Golden Catch Verte-X Feeder 19 on edulliseen hintaluokkaan kuuluva nopeatoiminen feeder-vapa, joka on suunniteltu ensisijaisesti joikalastukseen. J\u00e4yk\u00e4t hiilikangat varmistavat hyv\u00e4n heittoet\u00e4isyyden ja mahdollistavat hallinnan s\u00e4ilytt\u00e4misen jopa voimakkaiden kalojen taistelussa. Vavat on luotu pitk\u00e4n matkan heittoihin \u2013 mahdollistaen kalastuksen yli 100 metrin p\u00e4\u00e4st\u00e4 \u2013 ja tarjoavat monipuolisen valikoiman eri pituuksilla ja heittotehoilla.","_links":{"self":[{"href":"https:\/\/e-kalastus.ee\/fi\/wp-json\/wp\/v2\/product\/4119","targetHints":{"allow":["GET"]}}],"collection":[{"href":"https:\/\/e-kalastus.ee\/fi\/wp-json\/wp\/v2\/product"}],"about":[{"href":"https:\/\/e-kalastus.ee\/fi\/wp-json\/wp\/v2\/types\/product"}],"wp:featuredmedia":[{"embeddable":true,"href":"https:\/\/e-kalastus.ee\/fi\/wp-json\/wp\/v2\/media\/67107"}],"wp:attachment":[{"href":"https:\/\/e-kalastus.ee\/fi\/wp-json\/wp\/v2\/media?parent=4119"}],"wp:term":[{"taxonomy":"product_brand","embeddable":true,"href":"https:\/\/e-kalastus.ee\/fi\/wp-json\/wp\/v2\/product_brand?post=4119"},{"taxonomy":"product_cat","embeddable":true,"href":"https:\/\/e-kalastus.ee\/fi\/wp-json\/wp\/v2\/product_cat?post=4119"},{"taxonomy":"product_tag","embeddable":true,"href":"https:\/\/e-kalastus.ee\/fi\/wp-json\/wp\/v2\/product_tag?post=4119"}],"curies":[{"name":"wp","href":"https:\/\/api.w.org\/{rel}","templated":true}]}}