{"id":38547,"date":"2023-12-19T08:41:01","date_gmt":"2023-12-19T06:41:01","guid":{"rendered":"https:\/\/e-kalastus.ee\/toode\/kostuum-remington-real-fishing-35c-size-3xl\/"},"modified":"2026-04-10T14:57:08","modified_gmt":"2026-04-10T11:57:08","slug":"kostuum-remington-real-fishing-35c-size-3xl","status":"publish","type":"product","link":"https:\/\/e-kalastus.ee\/fi\/tuotteet\/remington-real-fishing-35c-puku-koko-3xl\/","title":{"rendered":"Remington Real Fishing -35C Puku KOKO 3XL"},"content":{"rendered":"\n    <div class=\"xs_social_share_widget xs_share_url after_content \t\tmain_content  wslu-style-1 wslu-share-box-shaped wslu-fill-colored wslu-none wslu-share-horizontal wslu-theme-font-no wslu-main_content\">\n\n\t\t\n        <ul>\n\t\t\t        <\/ul>\n    <\/div> \n","protected":false},"excerpt":{"rendered":"<p>Remington Real Fishing -kalastuspuku kuuluisalta amerikkalaiselta valmistajalta. Remington on valinta niille, jotka arvostavat kunnollista laatua kohtuulliseen hintaan.<\/p>\n<p>Remington Real Fishing -puku on ihanteellinen valinta, joka on suunniteltu todellisille talviolosuhteissa kalastamisen yst\u00e4ville. Malli on suunniteltu mukavaan k\u00e4ytt\u00f6\u00f6n -10\u00b0C:n ja -35\u00b0C:n v\u00e4lisess\u00e4 l\u00e4mp\u00f6tila-alueella. Remington Real Fishing -talvella k\u00e4ytett\u00e4v\u00e4ll\u00e4 kalastuspuvulla on pehme\u00e4, fleece-polyesterinen ulkopinta, joka takaa melkein \u00e4\u00e4nett\u00f6m\u00e4n k\u00e4yt\u00f6n.<\/p>\n<p>Puvun sis\u00e4ll\u00e4 on erist\u00e4v\u00e4 fleece-kankaan kerros, joka tarjoaa l\u00e4mp\u00f6\u00e4 ja mukavuutta jopa ankarissa talviolosuhteissa. Kalastuspuku on varustettu Climatic Extreme -kalvolla, joka tarjoaa erinomaisen vedenkest\u00e4vyyden ja h\u00f6yrynl\u00e4p\u00e4isevyyden. T\u00e4m\u00e4 tarkoittaa, ett\u00e4 puku ei p\u00e4\u00e4st\u00e4 vett\u00e4 l\u00e4pi ulkoa, mutta antaa kosteuden h\u00f6yrysty\u00e4 sis\u00e4lt\u00e4.<\/p>\n<p>Climatic Extreme -kalvon vedenkest\u00e4vyys ja h\u00f6yrynl\u00e4p\u00e4isevyys ovat 10 000 mm ja 12 000 g\/m\u00b2\/24 tuntia. T\u00e4llaiset korkeat arvot suojaavat m\u00e4r\u00e4\u00e4 lunta ja j\u00e4isi\u00e4 roiskeita vastaan, ja ylim\u00e4\u00e4r\u00e4inen kosteus ja hiki poistuvat erinomaisesti. T\u00e4rke\u00e4 piirre Remington Real Fishing -puvussa on Pro Heat -eriste. Pro Heat -eriste tarjoaa lis\u00e4eristyst\u00e4 pit\u00e4m\u00e4\u00e4n kylm\u00e4n ulkona.<\/p>\n<p>Avara leikkaus ja monet s\u00e4\u00e4d\u00f6t tekev\u00e4t t\u00e4st\u00e4 puvusta mukavan ja sopivan jokaiseen vartaloon. Korkeat haalarit joustavilla v\u00e4lilevyill\u00e4 ja s\u00e4\u00e4dett\u00e4vill\u00e4 olkahihnoilla mahdollistavat puvun mukauttamisen itsellesi t\u00e4ydellisesti.<\/p>\n<p>Remington Real Fishing -puvun takki kiinnittyy kest\u00e4v\u00e4ll\u00e4 vetoketjulla ja nappinauhalla. Syvien vetoketjullisten taskujen l\u00e4sn\u00e4olo mahdollistaa henkil\u00f6kohtaisten esineiden s\u00e4ilytt\u00e4misen ilman huolta niiden turvallisuudesta. Kapeat hihansuut ja korkea pystykaulus est\u00e4v\u00e4t sateen p\u00e4\u00e4syn sis\u00e4\u00e4n. Remington Winter Cyclone Ice Fishing Suit -housuilla leveill\u00e4 lahkeilla voit liikkua vapaasti. Lis\u00e4ksi voit pit\u00e4\u00e4 alla l\u00e4mp\u00f6vaatteita. Housuissa on my\u00f6s syv\u00e4t taskut.<\/p>\n<p>Remington Real Fishing -puvusta tulee luotettava kumppanisi, joka tarjoaa l\u00e4mp\u00f6\u00e4 ja mukavuutta talvisissa kalastusolosuhteissa.<\/p>\n","protected":false},"featured_media":67773,"template":"","meta":{"_uag_custom_page_level_css":""},"product_brand":[1654],"product_cat":[1218],"product_tag":[],"class_list":{"0":"post-38547","1":"product","2":"type-product","3":"status-publish","4":"has-post-thumbnail","6":"product_brand-remington","7":"product_cat-kostuumid","8":"pa_brand-remington","10":"first","11":"instock","12":"sale","13":"taxable","14":"shipping-taxable","15":"purchasable","16":"product-type-simple"},"uagb_featured_image_src":{"full":["https:\/\/e-kalastus.b-cdn.net\/wp-content\/uploads\/2024\/07\/Remington-Real-Fishing-12-4.jpg",750,1000,false],"thumbnail":["https:\/\/e-kalastus.b-cdn.net\/wp-content\/uploads\/2024\/07\/Remington-Real-Fishing-12-4-150x150.jpg",150,150,true],"medium":["https:\/\/e-kalastus.b-cdn.net\/wp-content\/uploads\/2024\/07\/Remington-Real-Fishing-12-4-300x300.jpg",300,300,true],"medium_large":["https:\/\/e-kalastus.b-cdn.net\/wp-content\/uploads\/2024\/07\/Remington-Real-Fishing-12-4-768x768.jpg",768,768,true],"large":["https:\/\/e-kalastus.b-cdn.net\/wp-content\/uploads\/2024\/07\/Remington-Real-Fishing-12-4-800x800.jpg",800,800,true],"1536x1536":["https:\/\/e-kalastus.b-cdn.net\/wp-content\/uploads\/2024\/07\/Remington-Real-Fishing-12-4.jpg",750,1000,false],"2048x2048":["https:\/\/e-kalastus.b-cdn.net\/wp-content\/uploads\/2024\/07\/Remington-Real-Fishing-12-4.jpg",750,1000,false],"woocommerce_thumbnail":["https:\/\/e-kalastus.b-cdn.net\/wp-content\/uploads\/2024\/07\/Remington-Real-Fishing-12-4-768x768.jpg",324,324,true],"woocommerce_single":["https:\/\/e-kalastus.b-cdn.net\/wp-content\/uploads\/2024\/07\/Remington-Real-Fishing-12-4.jpg",416,555,false],"woocommerce_gallery_thumbnail":["https:\/\/e-kalastus.b-cdn.net\/wp-content\/uploads\/2024\/07\/Remington-Real-Fishing-12-4-100x100.jpg",100,100,true]},"uagb_author_info":{"display_name":"adam.mrozek","author_link":"https:\/\/e-kalastus.ee\/fi\/author\/"},"uagb_comment_info":0,"uagb_excerpt":"Remington Real Fishing -kalastuspuku kuuluisalta amerikkalaiselta valmistajalta. Remington on valinta niille, jotka arvostavat kunnollista laatua kohtuulliseen hintaan. Remington Real Fishing -puku on ihanteellinen valinta, joka on suunniteltu todellisille talviolosuhteissa kalastamisen yst\u00e4ville. Malli on suunniteltu mukavaan k\u00e4ytt\u00f6\u00f6n -10\u00b0C:n ja -35\u00b0C:n v\u00e4lisess\u00e4 l\u00e4mp\u00f6tila-alueella. Remington Real Fishing -talvella k\u00e4ytett\u00e4v\u00e4ll\u00e4 kalastuspuvulla on pehme\u00e4, fleece-polyesterinen ulkopinta, joka takaa melkein \u00e4\u00e4nett\u00f6m\u00e4n&hellip;","_links":{"self":[{"href":"https:\/\/e-kalastus.ee\/fi\/wp-json\/wp\/v2\/product\/38547","targetHints":{"allow":["GET"]}}],"collection":[{"href":"https:\/\/e-kalastus.ee\/fi\/wp-json\/wp\/v2\/product"}],"about":[{"href":"https:\/\/e-kalastus.ee\/fi\/wp-json\/wp\/v2\/types\/product"}],"wp:featuredmedia":[{"embeddable":true,"href":"https:\/\/e-kalastus.ee\/fi\/wp-json\/wp\/v2\/media\/67773"}],"wp:attachment":[{"href":"https:\/\/e-kalastus.ee\/fi\/wp-json\/wp\/v2\/media?parent=38547"}],"wp:term":[{"taxonomy":"product_brand","embeddable":true,"href":"https:\/\/e-kalastus.ee\/fi\/wp-json\/wp\/v2\/product_brand?post=38547"},{"taxonomy":"product_cat","embeddable":true,"href":"https:\/\/e-kalastus.ee\/fi\/wp-json\/wp\/v2\/product_cat?post=38547"},{"taxonomy":"product_tag","embeddable":true,"href":"https:\/\/e-kalastus.ee\/fi\/wp-json\/wp\/v2\/product_tag?post=38547"}],"curies":[{"name":"wp","href":"https:\/\/api.w.org\/{rel}","templated":true}]}}