{"id":38535,"date":"2023-12-19T08:40:53","date_gmt":"2023-12-19T06:40:53","guid":{"rendered":"https:\/\/e-kalastus.ee\/toode\/kostuum-remington-winter-cyclone-30c-size-l\/"},"modified":"2026-04-10T15:03:50","modified_gmt":"2026-04-10T12:03:50","slug":"kostuum-remington-winter-cyclone-30c-size-l","status":"publish","type":"product","link":"https:\/\/e-kalastus.ee\/fi\/tuotteet\/remington-winter-cyclone-30c-puku-koko-l\/","title":{"rendered":"Remington Winter Cyclone -30C Puku KOKO L"},"content":{"rendered":"\n    <div class=\"xs_social_share_widget xs_share_url after_content \t\tmain_content  wslu-style-1 wslu-share-box-shaped wslu-fill-colored wslu-none wslu-share-horizontal wslu-theme-font-no wslu-main_content\">\n\n\t\t\n        <ul>\n\t\t\t        <\/ul>\n    <\/div> \n","protected":false},"excerpt":{"rendered":"<p>Talvinen kalastuspuku Remington Winter Cyclone kuuluisalta amerikkalaiselta br\u00e4ndilt\u00e4. Remington on valinta niille, jotka arvostavat kunnollista laatua kohtuulliseen hintaan.<br \/>\nRemington Winter Cyclone -puku on valmistettu 100 % polyesterista ja Climatic Extreme -kalvolla, joka tarjoaa erinomaisen vedenkest\u00e4vyyden ja h\u00f6yrynl\u00e4p\u00e4isevyyden. T\u00e4m\u00e4 tarkoittaa, ett\u00e4 puku ei p\u00e4\u00e4st\u00e4 vett\u00e4 ulkoa l\u00e4pi, mutta antaa kosteuden sis\u00e4lt\u00e4 h\u00f6yrysty\u00e4. Climatic Extreme -kalvon vedenkest\u00e4vyys ja h\u00f6yrynl\u00e4p\u00e4isevyys ovat vastaavasti 10 000 mm ja 10 000 g\/m\u00b2\/24 tuntia. T\u00e4llaiset korkeat arvot suojaavat m\u00e4r\u00e4\u00e4 lunta ja j\u00e4isi\u00e4 roiskeita, kun taas ylim\u00e4\u00e4r\u00e4inen kosteus ja hiki poistuvat tehokkaasti.<br \/>\nClimatic Extreme -kalvo on huipputekninen materiaali, joka tarjoaa erinomaisen suojan kosteudelta, tehden Remington Winter Cyclone -puvusta ihanteellisen talvikalastukseen, vaellukseen ja muihin ulkoiluaktiviteetteihin. T\u00e4m\u00e4n kalvon ansiosta voit olla varma, ett\u00e4 pysyt kuivana kaikissa s\u00e4\u00e4olosuhteissa.<br \/>\nPro Heat -eriste on monimutkainen eriste, joka koostuu mikrokuiduista, jotka pit\u00e4v\u00e4t ilmaa kiinni, sek\u00e4 suuremmista kuiduista, jotka lis\u00e4\u00e4v\u00e4t sen tilavuutta. Pro Heat -eriste tarjoaa lis\u00e4l\u00e4mp\u00f6eristyst\u00e4, suojaa kylm\u00e4lt\u00e4 jopa -30 \u00b0C:n l\u00e4mp\u00f6tiloissa.<br \/>\nPuvun takki kiinnitet\u00e4\u00e4n kest\u00e4v\u00e4ll\u00e4 vetoketjulla. Syvien vetoketjullisten taskujen l\u00e4sn\u00e4olo mahdollistaa henkil\u00f6kohtaisten esineiden s\u00e4ilytt\u00e4misen ilman huolta niiden turvallisuudesta. Kapeat hihansuut hihoissa est\u00e4v\u00e4t sateen p\u00e4\u00e4syn sis\u00e4\u00e4n. Korkea kauluksen pohja suojaa luotettavasti kaulaa ja osaa kasvoista sateelta.<br \/>\nRemington Winter Cyclone Ice Fishing Suit -puvun leve\u00e4lahkeiset housut antavat sinun liikkua vapaasti. Lis\u00e4ksi voit pit\u00e4\u00e4 alla termoalusvaatteita. Housuissa on my\u00f6s taskut.<br \/>\nKorkean vedenkest\u00e4vyyden ja h\u00f6yrynl\u00e4p\u00e4isevyyden, sek\u00e4 kalvon ja laadukkaan eristyksen ansiosta Remington Winter Cyclone -puvusta tulee moniksi vuosiksi luotettava suojelija kalastuksen, matkailun ja ulkoilun harrastajille.<\/p>\n","protected":false},"featured_media":66592,"template":"","meta":{"_uag_custom_page_level_css":""},"product_brand":[1654],"product_cat":[1218],"product_tag":[],"class_list":{"0":"post-38535","1":"product","2":"type-product","3":"status-publish","4":"has-post-thumbnail","6":"product_brand-remington","7":"product_cat-kostuumid","8":"pa_brand-remington","10":"first","11":"instock","12":"sale","13":"taxable","14":"shipping-taxable","15":"purchasable","16":"product-type-simple"},"uagb_featured_image_src":{"full":["https:\/\/e-kalastus.b-cdn.net\/wp-content\/uploads\/2024\/07\/Remington-Winter-Cyclone-1-2.jpg",750,1000,false],"thumbnail":["https:\/\/e-kalastus.b-cdn.net\/wp-content\/uploads\/2024\/07\/Remington-Winter-Cyclone-1-2-150x150.jpg",150,150,true],"medium":["https:\/\/e-kalastus.b-cdn.net\/wp-content\/uploads\/2024\/07\/Remington-Winter-Cyclone-1-2-300x300.jpg",300,300,true],"medium_large":["https:\/\/e-kalastus.b-cdn.net\/wp-content\/uploads\/2024\/07\/Remington-Winter-Cyclone-1-2-768x768.jpg",768,768,true],"large":["https:\/\/e-kalastus.b-cdn.net\/wp-content\/uploads\/2024\/07\/Remington-Winter-Cyclone-1-2-800x800.jpg",800,800,true],"1536x1536":["https:\/\/e-kalastus.b-cdn.net\/wp-content\/uploads\/2024\/07\/Remington-Winter-Cyclone-1-2.jpg",750,1000,false],"2048x2048":["https:\/\/e-kalastus.b-cdn.net\/wp-content\/uploads\/2024\/07\/Remington-Winter-Cyclone-1-2.jpg",750,1000,false],"woocommerce_thumbnail":["https:\/\/e-kalastus.b-cdn.net\/wp-content\/uploads\/2024\/07\/Remington-Winter-Cyclone-1-2-768x768.jpg",324,324,true],"woocommerce_single":["https:\/\/e-kalastus.b-cdn.net\/wp-content\/uploads\/2024\/07\/Remington-Winter-Cyclone-1-2.jpg",416,555,false],"woocommerce_gallery_thumbnail":["https:\/\/e-kalastus.b-cdn.net\/wp-content\/uploads\/2024\/07\/Remington-Winter-Cyclone-1-2-100x100.jpg",100,100,true]},"uagb_author_info":{"display_name":"adam.mrozek","author_link":"https:\/\/e-kalastus.ee\/fi\/author\/"},"uagb_comment_info":0,"uagb_excerpt":"Talvinen kalastuspuku Remington Winter Cyclone kuuluisalta amerikkalaiselta br\u00e4ndilt\u00e4. Remington on valinta niille, jotka arvostavat kunnollista laatua kohtuulliseen hintaan. Remington Winter Cyclone -puku on valmistettu 100 % polyesterista ja Climatic Extreme -kalvolla, joka tarjoaa erinomaisen vedenkest\u00e4vyyden ja h\u00f6yrynl\u00e4p\u00e4isevyyden. T\u00e4m\u00e4 tarkoittaa, ett\u00e4 puku ei p\u00e4\u00e4st\u00e4 vett\u00e4 ulkoa l\u00e4pi, mutta antaa kosteuden sis\u00e4lt\u00e4 h\u00f6yrysty\u00e4. Climatic Extreme -kalvon vedenkest\u00e4vyys&hellip;","_links":{"self":[{"href":"https:\/\/e-kalastus.ee\/fi\/wp-json\/wp\/v2\/product\/38535","targetHints":{"allow":["GET"]}}],"collection":[{"href":"https:\/\/e-kalastus.ee\/fi\/wp-json\/wp\/v2\/product"}],"about":[{"href":"https:\/\/e-kalastus.ee\/fi\/wp-json\/wp\/v2\/types\/product"}],"wp:featuredmedia":[{"embeddable":true,"href":"https:\/\/e-kalastus.ee\/fi\/wp-json\/wp\/v2\/media\/66592"}],"wp:attachment":[{"href":"https:\/\/e-kalastus.ee\/fi\/wp-json\/wp\/v2\/media?parent=38535"}],"wp:term":[{"taxonomy":"product_brand","embeddable":true,"href":"https:\/\/e-kalastus.ee\/fi\/wp-json\/wp\/v2\/product_brand?post=38535"},{"taxonomy":"product_cat","embeddable":true,"href":"https:\/\/e-kalastus.ee\/fi\/wp-json\/wp\/v2\/product_cat?post=38535"},{"taxonomy":"product_tag","embeddable":true,"href":"https:\/\/e-kalastus.ee\/fi\/wp-json\/wp\/v2\/product_tag?post=38535"}],"curies":[{"name":"wp","href":"https:\/\/api.w.org\/{rel}","templated":true}]}}