{"id":38455,"date":"2023-12-15T09:40:48","date_gmt":"2023-12-15T07:40:48","guid":{"rendered":"https:\/\/e-kalastus.ee\/toode\/kajalood-deeper-smart-sonar-chirp-2-fish-spotter-kit-2023-with-neck-gainer-and-westin-sport-glasses\/"},"modified":"2026-04-10T15:50:46","modified_gmt":"2026-04-10T12:50:46","slug":"kajalood-deeper-smart-sonar-chirp-2-fish-spotter-kit-2023-with-neck-gainer-and-westin-sport-glasses","status":"publish","type":"product","link":"https:\/\/e-kalastus.ee\/toode\/kajalood-deeper-smart-sonar-chirp-2-fish-spotter-kit-2023-with-neck-gainer-and-westin-sport-glasses\/","title":{"rendered":"Kajalood Deeper Smart Sonar CHIRP+ 2 Fish Spotter Kit 2023 with Neck Gainer and Westin Sport Glasses"},"content":{"rendered":"\n    <div class=\"xs_social_share_widget xs_share_url after_content \t\tmain_content  wslu-style-1 wslu-share-box-shaped wslu-fill-colored wslu-none wslu-share-horizontal wslu-theme-font-no wslu-main_content\">\n\n\t\t\n        <ul>\n\t\t\t        <\/ul>\n    <\/div> \n","protected":false},"excerpt":{"rendered":"<p>Komplektis kajalood Deeper smart Sonar CHIRP+2, deeper torusall, westini p\u00e4ikeseprillid.<\/p>\n<p>Deeper Chirp+ 2 kajalood<\/p>\n<p>Materjal: ABS \u00fcmbris, titaanist sisu<br \/>\n\u00dchilduvus:  Uuri l\u00e4hemalt<br \/>\nSonari t\u00fc\u00fcp: 3 sagedusega CHIRP &#8211; kitsas CHIRP 675 kHz (koonuse nurk 7\u00b0), keskmine CHIRP 240 kHz (koonuse nurk 20\u00b0), lai CHIRP 100 kHz (koonuse nurk 47\u00b0)<br \/>\nEraldusv\u00f5ime: 1 cm\/0,4 tolli kitsas Chirp, 2,4 cm\/0,94 keskmine Chirp, 2,4 cm\/0,94 lai Chirp<br \/>\nS\u00fcgavuse ulatus: 15 cm\/6 tolli \u2013 100 m\/330 jalga<br \/>\nSonari skaneerimistihedus: Kuni 15 \/sekundit<br \/>\nSonari re\u017eiimid: Kaldap\u00fc\u00fck, Paat, J\u00e4\u00e4p\u00fc\u00fck, S\u00f6\u00f6dapaat, N\u00e4ita ainult skaneeringuid, Ainult skanneeri (ilma GPSita)<br \/>\nTemperatuuriandur: sisseehitatud temperatuuriandur (t\u00e4psus 0,2\u00b0C)<br \/>\nT\u00f6\u00f6temperatuur: -20 \u00b0C kuni 40 \u00b0C\/-4 \u00b0F kuni 104 \u00b0F<br \/>\nGNSS (globaalse positsioneerimiss\u00fcsteemi toega): GPS, GLONASS, Galileo, BeiDou, QZSS<br \/>\nT\u00f6\u00f6aeg: GPS SEES kuni 9 tundi, GPS V\u00c4LJAS kuni 15 tundi<br \/>\nLaadimistehnoloogia: kiirlaadimine, 80% 60 min, 100% 110 min<br \/>\nSisemine aku: Liitium-ioon, 3,8 V laetav, 1300 mAh<br \/>\nToiteadapter (pole komplektis, soovitatav): Sisend 110 V\/220 V. V\u00e4ljund Micro USB, 5 V 2 A<br \/>\n\u00dchenduse t\u00fc\u00fcp: Wi-Fi<br \/>\n\u00dchenduse ulatus: stabiilne \u00fchendus kuni 120 m\/394 jalga.<br \/>\nV\u00e4rv: k\u00f5rbeliiv<\/p>\n<p>Deeperi Torusall<\/p>\n<p>Selle stiilse torusalliga saad vabas \u00f5hus tuulistes oludes kauem kala p\u00fc\u00fcda. Valmistatud kergest, hingavast, niiskust imavast kangast, hoiab see sind ilmastikuolude eest kaitstuna, samas tunned end lahedana ja mugavalt. Saadaval kamuflaa\u017eitoonis v\u00f5i mustana ja nutika, valgustpeegeldava Deeperi logoga. See mitmek\u00fclgne torusall sobib suurep\u00e4raselt kandmiseks koos m\u00fctsiga, peakattena v\u00f5i oma n\u00e4o alaosa kaitsmiseks tuule ja p\u00e4ikese eest.<\/p>\n<p>Hingamisavad nina ja suu jaoks<br \/>\nPikk keep kaela suurep\u00e4raseks katmiseks<br \/>\nLai kasutusalade valik<br \/>\n\u00dcks suurus, venitamata k\u00f5ige laiemast kohast 40 cm x 25 cm<br \/>\nV\u00e4rv: kamoflaa\u017e<\/p>\n<p>SPETSIFIKATSIOONID JA HOOLDUS<br \/>\n90% mikropol\u00fcester, 10% elastaan<br \/>\nMasinpesu sooja veega, \u00f5rn ts\u00fckkel<br \/>\nPesta pahupidi keeratult<br \/>\nMitte valgendada<br \/>\n\u00d5rn trummelkuivatus<br \/>\nMitte triikida<\/p>\n<p>WESTIN W6 SPORT 15 P\u00c4IKESEPRILLID<\/p>\n<p>Kvaliteetsed prillid, mis on m\u00f5eldud kalastamiseks.<br \/>\nFunktsionaalsed ja stiilsed p\u00e4ikeseprillid tagavad suurep\u00e4rase n\u00e4htavuse ja \u00fclima kaitse kahjulike UV-kiirte eest. Ideaalne vee peal kalastamiseks, kuid sobib h\u00e4sti ka kaldalt p\u00fc\u00fcdes.<\/p>\n<p>Rilsan\u00ae Clear Rnew\u00ae 45% biop\u00f5hine raamimaterjal<br \/>\nPolariseeritud pol\u00fckarbonaadist l\u00e4\u00e4ts (eriti vastupidav)<br \/>\nJaapani polariseeritud kile<br \/>\nMereveevastane kate l\u00e4\u00e4tsede m\u00f5lemal k\u00fcljel<br \/>\nL\u00e4\u00e4tse sees peegeldusvastane kate<br \/>\nFiltri kategooria 3 (k\u00f5rge kaitse p\u00e4ikesevalguse eest)<br \/>\nObjektiivi kategooria 3<br \/>\nUV400 (100% kaitse kahjulike UV-kiirte eest)<br \/>\nAlusk\u00f5ver 8 mugavaks istumiseks<br \/>\nMatt musta v\u00e4rvi raam<br \/>\nRoheline l\u00e4\u00e4tsev\u00e4rv<br \/>\nTugev p\u00e4ikeseprillide kaitse\u00fcmbris<br \/>\npuhastuslapp<\/p>\n","protected":false},"featured_media":70153,"template":"","meta":{"_uag_custom_page_level_css":""},"product_brand":[],"product_cat":[1211],"product_tag":[],"class_list":{"0":"post-38455","1":"product","2":"type-product","3":"status-publish","4":"has-post-thumbnail","6":"product_cat-kajaloodid","8":"first","9":"outofstock","10":"sale","11":"taxable","12":"shipping-taxable","13":"purchasable","14":"product-type-simple"},"uagb_featured_image_src":{"full":["https:\/\/e-kalastus.b-cdn.net\/wp-content\/uploads\/2024\/07\/deeper-x-westin-fish-spotter-kit.jpg",1000,1000,false],"thumbnail":["https:\/\/e-kalastus.b-cdn.net\/wp-content\/uploads\/2024\/07\/deeper-x-westin-fish-spotter-kit-150x150.jpg",150,150,true],"medium":["https:\/\/e-kalastus.b-cdn.net\/wp-content\/uploads\/2024\/07\/deeper-x-westin-fish-spotter-kit-300x300.jpg",300,300,true],"medium_large":["https:\/\/e-kalastus.b-cdn.net\/wp-content\/uploads\/2024\/07\/deeper-x-westin-fish-spotter-kit-768x768.jpg",768,768,true],"large":["https:\/\/e-kalastus.b-cdn.net\/wp-content\/uploads\/2024\/07\/deeper-x-westin-fish-spotter-kit-800x800.jpg",800,800,true],"1536x1536":["https:\/\/e-kalastus.b-cdn.net\/wp-content\/uploads\/2024\/07\/deeper-x-westin-fish-spotter-kit.jpg",1000,1000,false],"2048x2048":["https:\/\/e-kalastus.b-cdn.net\/wp-content\/uploads\/2024\/07\/deeper-x-westin-fish-spotter-kit.jpg",1000,1000,false],"woocommerce_thumbnail":["https:\/\/e-kalastus.b-cdn.net\/wp-content\/uploads\/2024\/07\/deeper-x-westin-fish-spotter-kit-768x768.jpg",324,324,true],"woocommerce_single":["https:\/\/e-kalastus.b-cdn.net\/wp-content\/uploads\/2024\/07\/deeper-x-westin-fish-spotter-kit-768x768.jpg",416,416,true],"woocommerce_gallery_thumbnail":["https:\/\/e-kalastus.b-cdn.net\/wp-content\/uploads\/2024\/07\/deeper-x-westin-fish-spotter-kit-100x100.jpg",100,100,true]},"uagb_author_info":{"display_name":"adam.mrozek","author_link":"https:\/\/e-kalastus.ee\/author\/"},"uagb_comment_info":0,"uagb_excerpt":"Komplektis kajalood Deeper smart Sonar CHIRP+2, deeper torusall, westini p\u00e4ikeseprillid. Deeper Chirp+ 2 kajalood Materjal: ABS \u00fcmbris, titaanist sisu \u00dchilduvus: Uuri l\u00e4hemalt Sonari t\u00fc\u00fcp: 3 sagedusega CHIRP - kitsas CHIRP 675 kHz (koonuse nurk 7\u00b0), keskmine CHIRP 240 kHz (koonuse nurk 20\u00b0), lai CHIRP 100 kHz (koonuse nurk 47\u00b0) Eraldusv\u00f5ime: 1 cm\/0,4 tolli kitsas Chirp,&hellip;","_links":{"self":[{"href":"https:\/\/e-kalastus.ee\/wp-json\/wp\/v2\/product\/38455","targetHints":{"allow":["GET"]}}],"collection":[{"href":"https:\/\/e-kalastus.ee\/wp-json\/wp\/v2\/product"}],"about":[{"href":"https:\/\/e-kalastus.ee\/wp-json\/wp\/v2\/types\/product"}],"wp:featuredmedia":[{"embeddable":true,"href":"https:\/\/e-kalastus.ee\/wp-json\/wp\/v2\/media\/70153"}],"wp:attachment":[{"href":"https:\/\/e-kalastus.ee\/wp-json\/wp\/v2\/media?parent=38455"}],"wp:term":[{"taxonomy":"product_brand","embeddable":true,"href":"https:\/\/e-kalastus.ee\/wp-json\/wp\/v2\/product_brand?post=38455"},{"taxonomy":"product_cat","embeddable":true,"href":"https:\/\/e-kalastus.ee\/wp-json\/wp\/v2\/product_cat?post=38455"},{"taxonomy":"product_tag","embeddable":true,"href":"https:\/\/e-kalastus.ee\/wp-json\/wp\/v2\/product_tag?post=38455"}],"curies":[{"name":"wp","href":"https:\/\/api.w.org\/{rel}","templated":true}]}}