{"id":32808,"date":"2023-12-01T17:00:22","date_gmt":"2023-12-01T15:00:22","guid":{"rendered":"https:\/\/e-kalastus.ee\/toode\/jaapuur-strikemaster-lite-flite-champion-110mm\/"},"modified":"2026-03-30T15:36:57","modified_gmt":"2026-03-30T12:36:57","slug":"jaapuur-strikemaster-lite-flite-champion-110mm","status":"publish","type":"product","link":"https:\/\/e-kalastus.ee\/fi\/tuotteet\/jaakaira-strikemaster-lite-flite-champion-110mm\/","title":{"rendered":"J\u00e4\u00e4kaira StrikeMaster Lite Flite Champion 110mm"},"content":{"rendered":"\n    <div class=\"xs_social_share_widget xs_share_url after_content \t\tmain_content  wslu-style-1 wslu-share-box-shaped wslu-fill-colored wslu-none wslu-share-horizontal wslu-theme-font-no wslu-main_content\">\n\n\t\t\n        <ul>\n\t\t\t        <\/ul>\n    <\/div> \n","protected":false},"excerpt":{"rendered":"<p>Kilpailukalastajille suunniteltu StrikeMaster Lite-Flite Champion on kevyt, tehokas ja monipuolinen. Poran tehokkuus on huippuluokkaa, sill\u00e4 j\u00e4ykk\u00e4 Hexacon-runko ja putken taivutus siirt\u00e4v\u00e4t kaiken energian olkap\u00e4\u00e4n kaltevuudesta leikkuuteriin. Molekyylisen, eritt\u00e4in kevyen Lite Flite -kierteen ansiosta poran siirrett\u00e4vyys ja tasapaino ovat huipputasoa, sill\u00e4 kalastaja voi s\u00e4\u00e4t\u00e4\u00e4 kierteen pituutta omien mieltymystens\u00e4 ja j\u00e4\u00e4olojen mukaan.<\/p>\n<p>ArcTec-polymeerikierre ei j\u00e4\u00e4dy niin helposti kuin metallikierre. Tarvittaessa j\u00e4\u00e4n voi poistaa yksinkertaisesti taivuttamalla ruuvia.<\/p>\n<p>Patentoitu ja kevyt ArcTec Fiber -kruunu Expert-leikkuuterien kanssa leikkaa tasaisen j\u00e4\u00e4leikkeen miss\u00e4 tahansa tilanteessa. Leikkuup\u00e4it\u00e4 voidaan vaihtaa my\u00f6s kilpailuaamuna, eik\u00e4 tarvitse huolehtia terien teroittamisesta.<\/p>\n<p>\u2022 Kilpailukalastajille<br \/>\n\u2022 J\u00e4ykk\u00e4 putken taivutus<br \/>\n\u2022 J\u00e4ykk\u00e4 ter\u00e4s Hexacon-runko<br \/>\n\u2022 Kevyt ja modulaarinen Lite Flite ArcTec -kierre, jonka pituuden kalastaja voi s\u00e4\u00e4t\u00e4\u00e4 itse<br \/>\n\u2022 Patentoitu ArcTec Fiber -kruunu vaihdettavilla Expert 4\u201d -terill\u00e4<\/p>\n","protected":false},"featured_media":71639,"template":"","meta":{"_uag_custom_page_level_css":""},"product_brand":[767],"product_cat":[1172],"product_tag":[],"class_list":{"0":"post-32808","1":"product","2":"type-product","3":"status-publish","4":"has-post-thumbnail","6":"product_brand-rapala","7":"product_cat-jaapuurid-ja-terad","8":"product_shipping_class-suur","9":"pa_brand-rapala","10":"pa_pikkus-100-120mm","12":"first","13":"instock","14":"taxable","15":"shipping-taxable","16":"purchasable","17":"product-type-simple"},"uagb_featured_image_src":{"full":["https:\/\/e-kalastus.b-cdn.net\/wp-content\/uploads\/2024\/07\/strikemaster-lite-flite-champion-110mm-race-ice-mm0124.jpg",395,606,false],"thumbnail":["https:\/\/e-kalastus.b-cdn.net\/wp-content\/uploads\/2024\/07\/strikemaster-lite-flite-champion-110mm-race-ice-mm0124-150x150.jpg",150,150,true],"medium":["https:\/\/e-kalastus.b-cdn.net\/wp-content\/uploads\/2024\/07\/strikemaster-lite-flite-champion-110mm-race-ice-mm0124-300x300.jpg",300,300,true],"medium_large":["https:\/\/e-kalastus.b-cdn.net\/wp-content\/uploads\/2024\/07\/strikemaster-lite-flite-champion-110mm-race-ice-mm0124-768x768.jpg",768,768,true],"large":["https:\/\/e-kalastus.b-cdn.net\/wp-content\/uploads\/2024\/07\/strikemaster-lite-flite-champion-110mm-race-ice-mm0124-800x800.jpg",800,800,true],"1536x1536":["https:\/\/e-kalastus.b-cdn.net\/wp-content\/uploads\/2024\/07\/strikemaster-lite-flite-champion-110mm-race-ice-mm0124.jpg",395,606,false],"2048x2048":["https:\/\/e-kalastus.b-cdn.net\/wp-content\/uploads\/2024\/07\/strikemaster-lite-flite-champion-110mm-race-ice-mm0124.jpg",395,606,false],"woocommerce_thumbnail":["https:\/\/e-kalastus.b-cdn.net\/wp-content\/uploads\/2024\/07\/strikemaster-lite-flite-champion-110mm-race-ice-mm0124-768x768.jpg",324,324,true],"woocommerce_single":["https:\/\/e-kalastus.b-cdn.net\/wp-content\/uploads\/2024\/07\/strikemaster-lite-flite-champion-110mm-race-ice-mm0124.jpg",395,606,false],"woocommerce_gallery_thumbnail":["https:\/\/e-kalastus.b-cdn.net\/wp-content\/uploads\/2024\/07\/strikemaster-lite-flite-champion-110mm-race-ice-mm0124-100x100.jpg",100,100,true]},"uagb_author_info":{"display_name":"adam.mrozek","author_link":"https:\/\/e-kalastus.ee\/fi\/author\/"},"uagb_comment_info":0,"uagb_excerpt":"Kilpailukalastajille suunniteltu StrikeMaster Lite-Flite Champion on kevyt, tehokas ja monipuolinen. Poran tehokkuus on huippuluokkaa, sill\u00e4 j\u00e4ykk\u00e4 Hexacon-runko ja putken taivutus siirt\u00e4v\u00e4t kaiken energian olkap\u00e4\u00e4n kaltevuudesta leikkuuteriin. Molekyylisen, eritt\u00e4in kevyen Lite Flite -kierteen ansiosta poran siirrett\u00e4vyys ja tasapaino ovat huipputasoa, sill\u00e4 kalastaja voi s\u00e4\u00e4t\u00e4\u00e4 kierteen pituutta omien mieltymystens\u00e4 ja j\u00e4\u00e4olojen mukaan. ArcTec-polymeerikierre ei j\u00e4\u00e4dy niin helposti&hellip;","_links":{"self":[{"href":"https:\/\/e-kalastus.ee\/fi\/wp-json\/wp\/v2\/product\/32808","targetHints":{"allow":["GET"]}}],"collection":[{"href":"https:\/\/e-kalastus.ee\/fi\/wp-json\/wp\/v2\/product"}],"about":[{"href":"https:\/\/e-kalastus.ee\/fi\/wp-json\/wp\/v2\/types\/product"}],"wp:featuredmedia":[{"embeddable":true,"href":"https:\/\/e-kalastus.ee\/fi\/wp-json\/wp\/v2\/media\/71639"}],"wp:attachment":[{"href":"https:\/\/e-kalastus.ee\/fi\/wp-json\/wp\/v2\/media?parent=32808"}],"wp:term":[{"taxonomy":"product_brand","embeddable":true,"href":"https:\/\/e-kalastus.ee\/fi\/wp-json\/wp\/v2\/product_brand?post=32808"},{"taxonomy":"product_cat","embeddable":true,"href":"https:\/\/e-kalastus.ee\/fi\/wp-json\/wp\/v2\/product_cat?post=32808"},{"taxonomy":"product_tag","embeddable":true,"href":"https:\/\/e-kalastus.ee\/fi\/wp-json\/wp\/v2\/product_tag?post=32808"}],"curies":[{"name":"wp","href":"https:\/\/api.w.org\/{rel}","templated":true}]}}