{"id":29282,"date":"2023-11-24T10:39:01","date_gmt":"2023-11-24T08:39:01","guid":{"rendered":"https:\/\/e-kalastus.ee\/toode\/narval-frost-candy-vib-85mm-26g-020-wavy-parrot\/"},"modified":"2026-03-30T15:02:52","modified_gmt":"2026-03-30T12:02:52","slug":"narval-frost-candy-vib-85mm-26g-020-wavy-parrot","status":"publish","type":"product","link":"https:\/\/e-kalastus.ee\/fi\/tuotteet\/narval-frost-candy-vib-85mm-26g-020-wavy-parrot\/","title":{"rendered":"Narval Frost Candy VIB 85mm 26g #020 Wavy Parrot"},"content":{"rendered":"<p><\/p>\n<p>Narval Frost Candy Vib 85 mm on erityisesti suunniteltu hauen ja muiden petokalojen pyyntiin eri olosuhteissa. Sen kapea ja painavampi runko varmistaa nopean k\u00e4ynnistyksen ja selke\u00e4sti havaittavan v\u00e4rin\u00e4n, joka auttaa her\u00e4tt\u00e4m\u00e4\u00e4n kalojen huomion jopa haastavammissa tilanteissa.<\/p>\n<p>&nbsp;<\/p>\n<p>Viehe sopii erinomaisesti pystysuoraan pilkkikalastukseen j\u00e4\u00e4rei\u00e4st\u00e4, mutta toimii tehokkaasti my\u00f6s avoveden kaudella. Laaja v\u00e4riskaala, mukaan lukien UV-aktiiviset s\u00e4vyt, mahdollistaa sopivan vaihtoehdon valinnan veden l\u00e4pin\u00e4kyvyyden, valaistusolosuhteiden ja kalojen aktiivisuuden mukaan. Malli on saatavilla viidess\u00e4 eri koossa ja painossa, tarjoten joustavuutta sek\u00e4 syvyyden ett\u00e4 kalastustyylin valinnassa. Kokeile eri v\u00e4rej\u00e4 ja vie pyyntisi seuraavalle tasolle!<\/p>\n<div>&nbsp;<\/div>\n<p><\/p>\n\n    <div class=\"xs_social_share_widget xs_share_url after_content \t\tmain_content  wslu-style-1 wslu-share-box-shaped wslu-fill-colored wslu-none wslu-share-horizontal wslu-theme-font-no wslu-main_content\">\n\n\t\t\n        <ul>\n\t\t\t        <\/ul>\n    <\/div>","protected":false},"excerpt":{"rendered":"<p>Narval Frost Candy Vib 85 mm on kapea ja painava v\u00e4rin\u00e4viehe, joka on luotu erityisesti hauen ja muiden petokalojen pyyntiin. Se k\u00e4ynnistyy helposti ja tuottaa voimakasta v\u00e4rin\u00e4\u00e4, sopien sek\u00e4 pystysuoraan pilkkikalastukseen ett\u00e4 avoveden kalastukseen. Laaja v\u00e4riskaala UV-korostuksilla mahdollistaa sopeutumisen erilaisiin kalastusolosuhteisiin. Saatavilla useissa koossa ja painossa.<\/p>\n","protected":false},"featured_media":70189,"template":"","meta":{"_uag_custom_page_level_css":""},"product_brand":[1153],"product_cat":[1459],"product_tag":[],"class_list":{"0":"post-29282","1":"product","2":"type-product","3":"status-publish","4":"has-post-thumbnail","6":"product_brand-narval","7":"product_cat-frost-candy","8":"pa_brand-narval","9":"pa_pikkus-70-100mm","11":"first","12":"instock","13":"taxable","14":"shipping-taxable","15":"purchasable","16":"product-type-simple"},"uagb_featured_image_src":{"full":["https:\/\/e-kalastus.b-cdn.net\/wp-content\/uploads\/2024\/07\/narval-frost-candy-vib-80mm-21g-020-wavy-parrot-2.jpg",458,458,false],"thumbnail":["https:\/\/e-kalastus.b-cdn.net\/wp-content\/uploads\/2024\/07\/narval-frost-candy-vib-80mm-21g-020-wavy-parrot-2-150x150.jpg",150,150,true],"medium":["https:\/\/e-kalastus.b-cdn.net\/wp-content\/uploads\/2024\/07\/narval-frost-candy-vib-80mm-21g-020-wavy-parrot-2-300x300.jpg",300,300,true],"medium_large":["https:\/\/e-kalastus.b-cdn.net\/wp-content\/uploads\/2024\/07\/narval-frost-candy-vib-80mm-21g-020-wavy-parrot-2-768x768.jpg",768,768,true],"large":["https:\/\/e-kalastus.b-cdn.net\/wp-content\/uploads\/2024\/07\/narval-frost-candy-vib-80mm-21g-020-wavy-parrot-2-800x800.jpg",800,800,true],"1536x1536":["https:\/\/e-kalastus.b-cdn.net\/wp-content\/uploads\/2024\/07\/narval-frost-candy-vib-80mm-21g-020-wavy-parrot-2.jpg",458,458,false],"2048x2048":["https:\/\/e-kalastus.b-cdn.net\/wp-content\/uploads\/2024\/07\/narval-frost-candy-vib-80mm-21g-020-wavy-parrot-2.jpg",458,458,false],"woocommerce_thumbnail":["https:\/\/e-kalastus.b-cdn.net\/wp-content\/uploads\/2024\/07\/narval-frost-candy-vib-80mm-21g-020-wavy-parrot-2-768x768.jpg",324,324,true],"woocommerce_single":["https:\/\/e-kalastus.b-cdn.net\/wp-content\/uploads\/2024\/07\/narval-frost-candy-vib-80mm-21g-020-wavy-parrot-2-768x768.jpg",416,416,true],"woocommerce_gallery_thumbnail":["https:\/\/e-kalastus.b-cdn.net\/wp-content\/uploads\/2024\/07\/narval-frost-candy-vib-80mm-21g-020-wavy-parrot-2-100x100.jpg",100,100,true]},"uagb_author_info":{"display_name":"adam.mrozek","author_link":"https:\/\/e-kalastus.ee\/fi\/author\/"},"uagb_comment_info":0,"uagb_excerpt":"Narval Frost Candy Vib 85 mm on kapea ja painava v\u00e4rin\u00e4viehe, joka on luotu erityisesti hauen ja muiden petokalojen pyyntiin. Se k\u00e4ynnistyy helposti ja tuottaa voimakasta v\u00e4rin\u00e4\u00e4, sopien sek\u00e4 pystysuoraan pilkkikalastukseen ett\u00e4 avoveden kalastukseen. Laaja v\u00e4riskaala UV-korostuksilla mahdollistaa sopeutumisen erilaisiin kalastusolosuhteisiin. Saatavilla useissa koossa ja painossa.","_links":{"self":[{"href":"https:\/\/e-kalastus.ee\/fi\/wp-json\/wp\/v2\/product\/29282","targetHints":{"allow":["GET"]}}],"collection":[{"href":"https:\/\/e-kalastus.ee\/fi\/wp-json\/wp\/v2\/product"}],"about":[{"href":"https:\/\/e-kalastus.ee\/fi\/wp-json\/wp\/v2\/types\/product"}],"wp:featuredmedia":[{"embeddable":true,"href":"https:\/\/e-kalastus.ee\/fi\/wp-json\/wp\/v2\/media\/70189"}],"wp:attachment":[{"href":"https:\/\/e-kalastus.ee\/fi\/wp-json\/wp\/v2\/media?parent=29282"}],"wp:term":[{"taxonomy":"product_brand","embeddable":true,"href":"https:\/\/e-kalastus.ee\/fi\/wp-json\/wp\/v2\/product_brand?post=29282"},{"taxonomy":"product_cat","embeddable":true,"href":"https:\/\/e-kalastus.ee\/fi\/wp-json\/wp\/v2\/product_cat?post=29282"},{"taxonomy":"product_tag","embeddable":true,"href":"https:\/\/e-kalastus.ee\/fi\/wp-json\/wp\/v2\/product_tag?post=29282"}],"curies":[{"name":"wp","href":"https:\/\/api.w.org\/{rel}","templated":true}]}}