{"id":28783,"date":"2023-11-20T14:09:56","date_gmt":"2023-11-20T12:09:56","guid":{"rendered":"https:\/\/e-kalastus.ee\/toode\/kajalood-praktik-8-v2-est-eng-rus\/"},"modified":"2026-04-10T15:52:04","modified_gmt":"2026-04-10T12:52:04","slug":"kajalood-praktik-8-v2-est-eng-rus","status":"publish","type":"product","link":"https:\/\/e-kalastus.ee\/toode\/kajalood-praktik-8-v2-est-eng-rus\/","title":{"rendered":"Kajalood Praktik 8 Multi Language"},"content":{"rendered":"<p><\/p>\n<div style=\", Helvetica, Arial, sans-serif;font-size: 15px\">\n<p>Tehnilised andmed<\/p>\n<ul>\n<li>Kajaloodimise s\u00fcgavusvahemik: 0,5 kuni 70 m<\/li>\n<li>Kiirte arv: 2<\/li>\n<li>T\u00f6\u00f6temperatuuri vahemik: -25\u00b0 kuni +45\u00b0C<\/li>\n<li>Kalade s\u00fcmbolite kuvamine: jah<\/li>\n<li>P\u00f5hjareljeefi ja struktuuri kuvamine: jah<\/li>\n<li>Tundlikkuse reguleerimine: jah<\/li>\n<li>Ekraani heledusreguleerimine: jah<\/li>\n<li>Ekraan: v\u00e4rviline, peegeldusvastane<\/li>\n<li>Ekraani resolutsioon: IPS maatriks, 320&#215;240<\/li>\n<li>Kaabli pikkus: 2 m<\/li>\n<li>Sisseehitatud LiPo aku: 2000 mAh<\/li>\n<li>Talve\/suvere\u017eiim: jah<\/li>\n<li>Suum: jah<\/li>\n<li>M\u00fcra ja objektide filter: jah<\/li>\n<li>Kajaloodi diagnostika: jah<\/li>\n<li>Pakendi m\u00f5\u00f5dud: 150 x 150 x 65 mm<\/li>\n<\/ul>\n<\/div>\n<p><\/p>\n\n    <div class=\"xs_social_share_widget xs_share_url after_content \t\tmain_content  wslu-style-1 wslu-share-box-shaped wslu-fill-colored wslu-none wslu-share-horizontal wslu-theme-font-no wslu-main_content\">\n\n\t\t\n        <ul>\n\t\t\t        <\/ul>\n    <\/div>","protected":false},"excerpt":{"rendered":"<p>Kajalood on 2-keelne ( Inglise, Vene)<\/p>\n<p>Kalastajate hulgas populaarse Praktik kajaloodi v\u00e4rviline 2023.a. mitmesageduslik edasiarendus Praktik 8, mida on mugav aktiivsel j\u00e4\u00e4p\u00fc\u00fcgil kasutada. N\u00e4itab nii kala kui lanti. Ilmselt on venelaste poolt m\u00f5eldud Eesti kalameeste n\u00e4rvide rikkumiseks, kui kehva v\u00f5tu puhul n\u00e4ed korduvalt ja selgelt kala landile j\u00e4rele t\u00f5usmas ja ilma lanti puutumata j\u00e4lle lahkumas. Varasematega v\u00f5rreldes tundlikum, mitme sagedusega ja v\u00e4rvilise ekraaniga. PRAKTIK 8 eri variantidel on kasutuses kas USB-pesa abil laaditav sisemine liitiumaku, mis asub ekraani korpuses, v\u00f5i analoogselt varasemaga andurisse paigaldatavad AA patareid. Anduris paiknevad patareid peavad teoreetiliselt vastu paremini, kui tugevate miinuskraadide k\u00e4es asuvas ekraanis paiknev aku. Samas on Eesti kasutajad ka akuvariantidega Praktik 8 puhul andnud tagasisidet, et aku kestab ilma laadimata vabalt mitu p\u00e4eva. Akuvariandi eeliseks on j\u00e4lle asjaolu, et andur on \u00fches t\u00fckis ega pole avatav. Avatavad andurid (patareide vahetuseks) olid niiskust saades vanematel mudelitel \u00fched p\u00f5hilised vigade ja probleemide allikad.<br \/>\nKajalood on v\u00e4ike ja mahub ilusti taskusse. Andur on v\u00e4rvilise ekraaniga \u00fchendatud juhtme abil (seadme kogukaal vaid 170g). Tootja andmetel saab \u00fche laadimisega v\u00f5i \u00fche komplekti patareidega l\u00e4bi v\u00e4hemalt 20 t\u00f6\u00f6tundi aga senine praktika n\u00e4itab, et tublisti rohkemgi. Kajalood suudab toimetada 0.5 \u2013 70 m s\u00fcgavuses vees ja talub temperatuure vahemikus -25C kuni +50C.<br \/>\nAnduri vaatenurk on s\u00f5ltuvalt kasutatavast sagedusest kas 12 v\u00f5i 35 kraadi, signaali sagedus varieerub 300 ja 500 kHz vahel, s\u00f5ltuvalt rezhiimist.<\/p>\n","protected":false},"featured_media":69243,"template":"","meta":{"_uag_custom_page_level_css":""},"product_brand":[1548],"product_cat":[1244],"product_tag":[],"class_list":{"0":"post-28783","1":"product","2":"type-product","3":"status-publish","4":"has-post-thumbnail","6":"product_brand-praktik","7":"product_cat-talvised-kajaloodid","8":"pa_brand-praktik","10":"first","11":"instock","12":"sale","13":"taxable","14":"shipping-taxable","15":"purchasable","16":"product-type-simple"},"uagb_featured_image_src":{"full":["https:\/\/e-kalastus.b-cdn.net\/wp-content\/uploads\/2024\/07\/2997-2997-63f78a895ab552-39884669-praktik-8-large.jpg",800,800,false],"thumbnail":["https:\/\/e-kalastus.b-cdn.net\/wp-content\/uploads\/2024\/07\/2997-2997-63f78a895ab552-39884669-praktik-8-large-150x150.jpg",150,150,true],"medium":["https:\/\/e-kalastus.b-cdn.net\/wp-content\/uploads\/2024\/07\/2997-2997-63f78a895ab552-39884669-praktik-8-large-300x300.jpg",300,300,true],"medium_large":["https:\/\/e-kalastus.b-cdn.net\/wp-content\/uploads\/2024\/07\/2997-2997-63f78a895ab552-39884669-praktik-8-large-768x768.jpg",768,768,true],"large":["https:\/\/e-kalastus.b-cdn.net\/wp-content\/uploads\/2024\/07\/2997-2997-63f78a895ab552-39884669-praktik-8-large-800x800.jpg",800,800,true],"1536x1536":["https:\/\/e-kalastus.b-cdn.net\/wp-content\/uploads\/2024\/07\/2997-2997-63f78a895ab552-39884669-praktik-8-large.jpg",800,800,false],"2048x2048":["https:\/\/e-kalastus.b-cdn.net\/wp-content\/uploads\/2024\/07\/2997-2997-63f78a895ab552-39884669-praktik-8-large.jpg",800,800,false],"woocommerce_thumbnail":["https:\/\/e-kalastus.b-cdn.net\/wp-content\/uploads\/2024\/07\/2997-2997-63f78a895ab552-39884669-praktik-8-large-768x768.jpg",324,324,true],"woocommerce_single":["https:\/\/e-kalastus.b-cdn.net\/wp-content\/uploads\/2024\/07\/2997-2997-63f78a895ab552-39884669-praktik-8-large-768x768.jpg",416,416,true],"woocommerce_gallery_thumbnail":["https:\/\/e-kalastus.b-cdn.net\/wp-content\/uploads\/2024\/07\/2997-2997-63f78a895ab552-39884669-praktik-8-large-100x100.jpg",100,100,true]},"uagb_author_info":{"display_name":"adam.mrozek","author_link":"https:\/\/e-kalastus.ee\/author\/"},"uagb_comment_info":0,"uagb_excerpt":"Kajalood on 2-keelne ( Inglise, Vene) Kalastajate hulgas populaarse Praktik kajaloodi v\u00e4rviline 2023.a. mitmesageduslik edasiarendus Praktik 8, mida on mugav aktiivsel j\u00e4\u00e4p\u00fc\u00fcgil kasutada. N\u00e4itab nii kala kui lanti. Ilmselt on venelaste poolt m\u00f5eldud Eesti kalameeste n\u00e4rvide rikkumiseks, kui kehva v\u00f5tu puhul n\u00e4ed korduvalt ja selgelt kala landile j\u00e4rele t\u00f5usmas ja ilma lanti puutumata j\u00e4lle lahkumas.&hellip;","_links":{"self":[{"href":"https:\/\/e-kalastus.ee\/wp-json\/wp\/v2\/product\/28783","targetHints":{"allow":["GET"]}}],"collection":[{"href":"https:\/\/e-kalastus.ee\/wp-json\/wp\/v2\/product"}],"about":[{"href":"https:\/\/e-kalastus.ee\/wp-json\/wp\/v2\/types\/product"}],"wp:featuredmedia":[{"embeddable":true,"href":"https:\/\/e-kalastus.ee\/wp-json\/wp\/v2\/media\/69243"}],"wp:attachment":[{"href":"https:\/\/e-kalastus.ee\/wp-json\/wp\/v2\/media?parent=28783"}],"wp:term":[{"taxonomy":"product_brand","embeddable":true,"href":"https:\/\/e-kalastus.ee\/wp-json\/wp\/v2\/product_brand?post=28783"},{"taxonomy":"product_cat","embeddable":true,"href":"https:\/\/e-kalastus.ee\/wp-json\/wp\/v2\/product_cat?post=28783"},{"taxonomy":"product_tag","embeddable":true,"href":"https:\/\/e-kalastus.ee\/wp-json\/wp\/v2\/product_tag?post=28783"}],"curies":[{"name":"wp","href":"https:\/\/api.w.org\/{rel}","templated":true}]}}