{"id":26282,"date":"2023-11-11T13:16:17","date_gmt":"2023-11-11T11:16:17","guid":{"rendered":"https:\/\/e-kalastus.ee\/toode\/keeper-iso-float-tube-143x108cm\/"},"modified":"2026-04-16T16:00:44","modified_gmt":"2026-04-16T13:00:44","slug":"keeper-iso-float-tube-143x108cm","status":"publish","type":"product","link":"https:\/\/e-kalastus.ee\/toode\/keeper-iso-float-tube-143x108cm\/","title":{"rendered":"Keeper Iso float tube 143x108cm"},"content":{"rendered":"<p><\/p>\n<div style=\"padding: 2px 0px\">vahuga t\u00e4idetud seljatugi ja iste on mugavad ning aitavad kaasa ka ujuvusele<\/div>\n<div style=\"padding: 2px 0px\">balloonidel kaks suurt hoidikut varustuse jaoks<\/div>\n<div style=\"padding: 2px 0px\">ninas on koht seljakotile<\/div>\n<div style=\"padding: 2px 0px\">tasku istme taga<\/div>\n<div style=\"padding: 2px 0px\">seljaskandmise rihmad<\/div>\n<div style=\"padding: 2px 0px\">k\u00e4eulatuses on materjalile tr\u00fckitud joonlaud kalade m\u00f5\u00f5tmiseks<\/div>\n<div style=\"padding: 2px 0px\">ligikaudsed m\u00f5\u00f5dud: 143 x 108 cm<\/div>\n<div style=\"padding: 2px 0px\">kaal: 6,6 kg<\/div>\n<div style=\"padding: 2px 0px\">maksimaalne lubatud kaal 145 kg<\/div>\n<p><\/p>\n\n    <div class=\"xs_social_share_widget xs_share_url after_content \t\tmain_content  wslu-style-1 wslu-share-box-shaped wslu-fill-colored wslu-none wslu-share-horizontal wslu-theme-font-no wslu-main_content\">\n\n\t\t\n        <ul>\n\t\t\t        <\/ul>\n    <\/div>","protected":false},"excerpt":{"rendered":"<p>vahuga t\u00e4idetud seljatugi ja iste on mugavad ning aitavad kaasa ka ujuvusele balloonidel kaks suurt hoidikut varustuse jaoks ninas on koht seljakotile tasku istme taga seljaskandmise rihmad k\u00e4eulatuses on materjalile tr\u00fckitud joonlaud kalade m\u00f5\u00f5tmiseks ligikaudsed m\u00f5\u00f5dud: 143 x 108 cm kaal: 6,6 kg maksimaalne lubatud kaal 145 kg<\/p>\n","protected":false},"featured_media":70420,"template":"","meta":{"_uag_custom_page_level_css":""},"product_brand":[],"product_cat":[1213],"product_tag":[],"class_list":{"0":"post-26282","1":"product","2":"type-product","3":"status-publish","4":"has-post-thumbnail","6":"product_cat-paadid","7":"product_shipping_class-suur","9":"first","10":"outofstock","11":"sale","12":"taxable","13":"shipping-taxable","14":"purchasable","15":"product-type-simple"},"uagb_featured_image_src":{"full":["https:\/\/e-kalastus.b-cdn.net\/wp-content\/uploads\/2024\/07\/Vision-keeper-belly-boat.jpg",653,999,false],"thumbnail":["https:\/\/e-kalastus.b-cdn.net\/wp-content\/uploads\/2024\/07\/Vision-keeper-belly-boat-150x150.jpg",150,150,true],"medium":["https:\/\/e-kalastus.b-cdn.net\/wp-content\/uploads\/2024\/07\/Vision-keeper-belly-boat-300x300.jpg",300,300,true],"medium_large":["https:\/\/e-kalastus.b-cdn.net\/wp-content\/uploads\/2024\/07\/Vision-keeper-belly-boat-768x768.jpg",768,768,true],"large":["https:\/\/e-kalastus.b-cdn.net\/wp-content\/uploads\/2024\/07\/Vision-keeper-belly-boat-800x800.jpg",800,800,true],"1536x1536":["https:\/\/e-kalastus.b-cdn.net\/wp-content\/uploads\/2024\/07\/Vision-keeper-belly-boat.jpg",653,999,false],"2048x2048":["https:\/\/e-kalastus.b-cdn.net\/wp-content\/uploads\/2024\/07\/Vision-keeper-belly-boat.jpg",653,999,false],"woocommerce_thumbnail":["https:\/\/e-kalastus.b-cdn.net\/wp-content\/uploads\/2024\/07\/Vision-keeper-belly-boat-768x768.jpg",324,324,true],"woocommerce_single":["https:\/\/e-kalastus.b-cdn.net\/wp-content\/uploads\/2024\/07\/Vision-keeper-belly-boat.jpg",416,636,false],"woocommerce_gallery_thumbnail":["https:\/\/e-kalastus.b-cdn.net\/wp-content\/uploads\/2024\/07\/Vision-keeper-belly-boat-100x100.jpg",100,100,true]},"uagb_author_info":{"display_name":"adam.mrozek","author_link":"https:\/\/e-kalastus.ee\/author\/"},"uagb_comment_info":0,"uagb_excerpt":"vahuga t\u00e4idetud seljatugi ja iste on mugavad ning aitavad kaasa ka ujuvusele balloonidel kaks suurt hoidikut varustuse jaoks ninas on koht seljakotile tasku istme taga seljaskandmise rihmad k\u00e4eulatuses on materjalile tr\u00fckitud joonlaud kalade m\u00f5\u00f5tmiseks ligikaudsed m\u00f5\u00f5dud: 143 x 108 cm kaal: 6,6 kg maksimaalne lubatud kaal 145 kg","_links":{"self":[{"href":"https:\/\/e-kalastus.ee\/wp-json\/wp\/v2\/product\/26282","targetHints":{"allow":["GET"]}}],"collection":[{"href":"https:\/\/e-kalastus.ee\/wp-json\/wp\/v2\/product"}],"about":[{"href":"https:\/\/e-kalastus.ee\/wp-json\/wp\/v2\/types\/product"}],"wp:featuredmedia":[{"embeddable":true,"href":"https:\/\/e-kalastus.ee\/wp-json\/wp\/v2\/media\/70420"}],"wp:attachment":[{"href":"https:\/\/e-kalastus.ee\/wp-json\/wp\/v2\/media?parent=26282"}],"wp:term":[{"taxonomy":"product_brand","embeddable":true,"href":"https:\/\/e-kalastus.ee\/wp-json\/wp\/v2\/product_brand?post=26282"},{"taxonomy":"product_cat","embeddable":true,"href":"https:\/\/e-kalastus.ee\/wp-json\/wp\/v2\/product_cat?post=26282"},{"taxonomy":"product_tag","embeddable":true,"href":"https:\/\/e-kalastus.ee\/wp-json\/wp\/v2\/product_tag?post=26282"}],"curies":[{"name":"wp","href":"https:\/\/api.w.org\/{rel}","templated":true}]}}