{"id":25716,"date":"2023-11-05T11:49:18","date_gmt":"2023-11-05T09:49:18","guid":{"rendered":"https:\/\/e-kalastus.ee\/toode\/kostuum-dam-imax-ocean-thermo-suit-xxl\/"},"modified":"2026-04-09T15:03:14","modified_gmt":"2026-04-09T12:03:14","slug":"kostuum-dam-imax-ocean-thermo-suit-xxl","status":"publish","type":"product","link":"https:\/\/e-kalastus.ee\/toode\/kostuum-dam-imax-ocean-thermo-suit-xxl\/","title":{"rendered":"Kost\u00fc\u00fcm DAM Imax Ocean Thermo Suit SIZE XXL"},"content":{"rendered":"\n    <div class=\"xs_social_share_widget xs_share_url after_content \t\tmain_content  wslu-style-1 wslu-share-box-shaped wslu-fill-colored wslu-none wslu-share-horizontal wslu-theme-font-no wslu-main_content\">\n\n\t\t\n        <ul>\n\t\t\t        <\/ul>\n    <\/div> \n","protected":false},"excerpt":{"rendered":"<p>Kalastades halbades ilmastikuoludes hoiab Imax ocean thermo suit kost\u00fc\u00fcm sind alati kuivana ja soojana!<\/p>\n<p>Jope:<br \/>\nKangas 100% pol\u00fcester PVC kattega<br \/>\n100% veekindel 8000mm TPU-membraan<br \/>\nMikrofliisvooder 100% pol\u00fcester<br \/>\n160gsm pol\u00fc-t\u00e4idisega polster<br \/>\nEemaldatav kapuuts<br \/>\nLukkudega taskud on vooderdatud sooja fliisiga<br \/>\nHelkurid taskutel<br \/>\nSisetasku<br \/>\nReguleeritav mansett<\/p>\n<p>P\u00fcksid:<br \/>\nElastsed, reguleeritavad traksid<br \/>\nKaks lukuga taskut<br \/>\nEes kahesuunaline t\u00f5mblukk<br \/>\nPikkade t\u00f5mblukkudega ja reguleeritavate takjapaeltega s\u00e4\u00e4red<\/p>\n","protected":false},"featured_media":67425,"template":"","meta":{"_uag_custom_page_level_css":""},"product_brand":[1542],"product_cat":[1218],"product_tag":[],"class_list":{"0":"post-25716","1":"product","2":"type-product","3":"status-publish","4":"has-post-thumbnail","6":"product_brand-dam","7":"product_cat-kostuumid","8":"pa_brand-dam","10":"first","11":"instock","12":"sale","13":"taxable","14":"shipping-taxable","15":"purchasable","16":"product-type-simple"},"uagb_featured_image_src":{"full":["https:\/\/e-kalastus.b-cdn.net\/wp-content\/uploads\/2024\/07\/Imax-oceanic-thermo-suit-64567-size-l-2.jpg",395,606,false],"thumbnail":["https:\/\/e-kalastus.b-cdn.net\/wp-content\/uploads\/2024\/07\/Imax-oceanic-thermo-suit-64567-size-l-2-150x150.jpg",150,150,true],"medium":["https:\/\/e-kalastus.b-cdn.net\/wp-content\/uploads\/2024\/07\/Imax-oceanic-thermo-suit-64567-size-l-2-300x300.jpg",300,300,true],"medium_large":["https:\/\/e-kalastus.b-cdn.net\/wp-content\/uploads\/2024\/07\/Imax-oceanic-thermo-suit-64567-size-l-2-768x768.jpg",768,768,true],"large":["https:\/\/e-kalastus.b-cdn.net\/wp-content\/uploads\/2024\/07\/Imax-oceanic-thermo-suit-64567-size-l-2-800x800.jpg",800,800,true],"1536x1536":["https:\/\/e-kalastus.b-cdn.net\/wp-content\/uploads\/2024\/07\/Imax-oceanic-thermo-suit-64567-size-l-2.jpg",395,606,false],"2048x2048":["https:\/\/e-kalastus.b-cdn.net\/wp-content\/uploads\/2024\/07\/Imax-oceanic-thermo-suit-64567-size-l-2.jpg",395,606,false],"woocommerce_thumbnail":["https:\/\/e-kalastus.b-cdn.net\/wp-content\/uploads\/2024\/07\/Imax-oceanic-thermo-suit-64567-size-l-2-768x768.jpg",324,324,true],"woocommerce_single":["https:\/\/e-kalastus.b-cdn.net\/wp-content\/uploads\/2024\/07\/Imax-oceanic-thermo-suit-64567-size-l-2.jpg",395,606,false],"woocommerce_gallery_thumbnail":["https:\/\/e-kalastus.b-cdn.net\/wp-content\/uploads\/2024\/07\/Imax-oceanic-thermo-suit-64567-size-l-2-100x100.jpg",100,100,true]},"uagb_author_info":{"display_name":"adam.mrozek","author_link":"https:\/\/e-kalastus.ee\/author\/"},"uagb_comment_info":0,"uagb_excerpt":"Kalastades halbades ilmastikuoludes hoiab Imax ocean thermo suit kost\u00fc\u00fcm sind alati kuivana ja soojana! Jope: Kangas 100% pol\u00fcester PVC kattega 100% veekindel 8000mm TPU-membraan Mikrofliisvooder 100% pol\u00fcester 160gsm pol\u00fc-t\u00e4idisega polster Eemaldatav kapuuts Lukkudega taskud on vooderdatud sooja fliisiga Helkurid taskutel Sisetasku Reguleeritav mansett P\u00fcksid: Elastsed, reguleeritavad traksid Kaks lukuga taskut Ees kahesuunaline t\u00f5mblukk Pikkade t\u00f5mblukkudega&hellip;","_links":{"self":[{"href":"https:\/\/e-kalastus.ee\/wp-json\/wp\/v2\/product\/25716","targetHints":{"allow":["GET"]}}],"collection":[{"href":"https:\/\/e-kalastus.ee\/wp-json\/wp\/v2\/product"}],"about":[{"href":"https:\/\/e-kalastus.ee\/wp-json\/wp\/v2\/types\/product"}],"wp:featuredmedia":[{"embeddable":true,"href":"https:\/\/e-kalastus.ee\/wp-json\/wp\/v2\/media\/67425"}],"wp:attachment":[{"href":"https:\/\/e-kalastus.ee\/wp-json\/wp\/v2\/media?parent=25716"}],"wp:term":[{"taxonomy":"product_brand","embeddable":true,"href":"https:\/\/e-kalastus.ee\/wp-json\/wp\/v2\/product_brand?post=25716"},{"taxonomy":"product_cat","embeddable":true,"href":"https:\/\/e-kalastus.ee\/wp-json\/wp\/v2\/product_cat?post=25716"},{"taxonomy":"product_tag","embeddable":true,"href":"https:\/\/e-kalastus.ee\/wp-json\/wp\/v2\/product_tag?post=25716"}],"curies":[{"name":"wp","href":"https:\/\/api.w.org\/{rel}","templated":true}]}}