{"id":25498,"date":"2023-11-02T10:34:17","date_gmt":"2023-11-02T08:34:17","guid":{"rendered":"https:\/\/e-kalastus.ee\/toode\/poiklant-kasitoo-long-slim-8cm-30g-lsl3-ilma-konksuta\/"},"modified":"2026-03-30T14:54:14","modified_gmt":"2026-03-30T11:54:14","slug":"poiklant-kasitoo-long-slim-8cm-30g-lsl3-ilma-konksuta","status":"publish","type":"product","link":"https:\/\/e-kalastus.ee\/toode\/poiklant-kasitoo-long-slim-8cm-30g-lsl3-ilma-konksuta\/","title":{"rendered":"P\u00f5iklant k\u00e4sit\u00f6\u00f6 Slim 80mm 30g #LSL3 (ilma konksuta)"},"content":{"rendered":"\n    <div class=\"xs_social_share_widget xs_share_url after_content \t\tmain_content  wslu-style-1 wslu-share-box-shaped wslu-fill-colored wslu-none wslu-share-horizontal wslu-theme-font-no wslu-main_content\">\n\n\t\t\n        <ul>\n\t\t\t        <\/ul>\n    <\/div> \n","protected":false},"excerpt":{"rendered":"","protected":false},"featured_media":131081,"template":"","meta":{"_uag_custom_page_level_css":""},"product_brand":[1525],"product_cat":[1468],"product_tag":[],"class_list":{"0":"post-25498","1":"product","2":"type-product","3":"status-publish","4":"has-post-thumbnail","6":"product_brand-handmade","7":"product_cat-muud-poiklandid","8":"pa_brand-handmade","10":"first","11":"instock","12":"taxable","13":"shipping-taxable","14":"purchasable","15":"product-type-simple"},"uagb_featured_image_src":{"full":["https:\/\/e-kalastus.b-cdn.net\/wp-content\/uploads\/2026\/01\/IMG-0818-8.jpg",1000,258,false],"thumbnail":["https:\/\/e-kalastus.b-cdn.net\/wp-content\/uploads\/2026\/01\/IMG-0818-8-150x150.jpg",150,150,true],"medium":["https:\/\/e-kalastus.b-cdn.net\/wp-content\/uploads\/2026\/01\/IMG-0818-8-300x77.jpg",300,77,true],"medium_large":["https:\/\/e-kalastus.b-cdn.net\/wp-content\/uploads\/2026\/01\/IMG-0818-8-768x198.jpg",768,198,true],"large":["https:\/\/e-kalastus.b-cdn.net\/wp-content\/uploads\/2026\/01\/IMG-0818-8-800x206.jpg",800,206,true],"1536x1536":["https:\/\/e-kalastus.b-cdn.net\/wp-content\/uploads\/2026\/01\/IMG-0818-8.jpg",1000,258,false],"2048x2048":["https:\/\/e-kalastus.b-cdn.net\/wp-content\/uploads\/2026\/01\/IMG-0818-8.jpg",1000,258,false],"woocommerce_thumbnail":["https:\/\/e-kalastus.b-cdn.net\/wp-content\/uploads\/2026\/01\/IMG-0818-8-324x258.jpg",324,258,true],"woocommerce_single":["https:\/\/e-kalastus.b-cdn.net\/wp-content\/uploads\/2026\/01\/IMG-0818-8-416x107.jpg",416,107,true],"woocommerce_gallery_thumbnail":["https:\/\/e-kalastus.b-cdn.net\/wp-content\/uploads\/2026\/01\/IMG-0818-8-100x100.jpg",100,100,true]},"uagb_author_info":{"display_name":"adam.mrozek","author_link":"https:\/\/e-kalastus.ee\/author\/"},"uagb_comment_info":0,"uagb_excerpt":null,"_links":{"self":[{"href":"https:\/\/e-kalastus.ee\/wp-json\/wp\/v2\/product\/25498","targetHints":{"allow":["GET"]}}],"collection":[{"href":"https:\/\/e-kalastus.ee\/wp-json\/wp\/v2\/product"}],"about":[{"href":"https:\/\/e-kalastus.ee\/wp-json\/wp\/v2\/types\/product"}],"wp:featuredmedia":[{"embeddable":true,"href":"https:\/\/e-kalastus.ee\/wp-json\/wp\/v2\/media\/131081"}],"wp:attachment":[{"href":"https:\/\/e-kalastus.ee\/wp-json\/wp\/v2\/media?parent=25498"}],"wp:term":[{"taxonomy":"product_brand","embeddable":true,"href":"https:\/\/e-kalastus.ee\/wp-json\/wp\/v2\/product_brand?post=25498"},{"taxonomy":"product_cat","embeddable":true,"href":"https:\/\/e-kalastus.ee\/wp-json\/wp\/v2\/product_cat?post=25498"},{"taxonomy":"product_tag","embeddable":true,"href":"https:\/\/e-kalastus.ee\/wp-json\/wp\/v2\/product_tag?post=25498"}],"curies":[{"name":"wp","href":"https:\/\/api.w.org\/{rel}","templated":true}]}}