{"id":24045,"date":"2023-10-25T20:15:21","date_gmt":"2023-10-25T17:15:21","guid":{"rendered":"https:\/\/e-kalastus.ee\/toode\/pustlant-ecopro-shprot-7cm-11g-bus\/"},"modified":"2026-03-30T14:39:32","modified_gmt":"2026-03-30T11:39:32","slug":"pustlant-ecopro-shprot-7cm-11g-bus","status":"publish","type":"product","link":"https:\/\/e-kalastus.ee\/fi\/tuotteet\/pystyuistin-ecopro-shprot-70mm-11g-bus\/","title":{"rendered":"Pystyuistin EcoPro Shprot 70mm 11g #BUS"},"content":{"rendered":"<p><\/p>\n<p><strong>\u201cEco Pro Shprot\u201d -viehe<\/strong> on toinen hieno sarja talvisia pystyuistimia, joita valmistetaan Ven\u00e4j\u00e4ll\u00e4 kotimaisen Eco Pro -br\u00e4ndin alla.<br \/>\nSarjaan kuuluu 41 eri mallia, jotka vaihtelevat painon (5\u201315 g), koon ja v\u00e4ris\u00e4vyjen suhteen. Viehe on pitkulainen, py\u00f6re\u00e4hk\u00f6 ja muistuttaa ulkon\u00e4\u00f6lt\u00e4\u00e4n pient\u00e4 kalaa. Sarjaan kuuluu kolmikoukku, jonka vartessa on huomiota her\u00e4tt\u00e4v\u00e4 pieni kirkas pisara.<\/p>\n<p>Liikkuessaan viehe ottaa vaakasuunnan. Vajotessaan se liikkuu &#8221;kuusenmuotoisesti&#8221; kallellen hieman sivuille. Shprot-sarjan vieheet ovat osoittautuneet erinomaisiksi ahvenen ja kuhaan kalastukseen.<\/p>\n<p><\/p>\n\n    <div class=\"xs_social_share_widget xs_share_url after_content \t\tmain_content  wslu-style-1 wslu-share-box-shaped wslu-fill-colored wslu-none wslu-share-horizontal wslu-theme-font-no wslu-main_content\">\n\n\t\t\n        <ul>\n\t\t\t        <\/ul>\n    <\/div>","protected":false},"excerpt":{"rendered":"<p>Eco Pro Shprot on talvinen pystyuistin, joka j\u00e4ljittelee pient\u00e4 kalaa ja liikkuu vedess\u00e4 luonnollisella ja houkuttelevalla pelill\u00e4\u00e4n. Erityisen hyvin soveltuu ahvenen ja kuhaan kalastukseen.<\/p>\n","protected":false},"featured_media":68217,"template":"","meta":{"_uag_custom_page_level_css":""},"product_brand":[1539],"product_cat":[1470],"product_tag":[],"class_list":{"0":"post-24045","1":"product","2":"type-product","3":"status-publish","4":"has-post-thumbnail","6":"product_brand-ecopro","7":"product_cat-ecopro-p","8":"pa_brand-ecopro","10":"first","11":"instock","12":"taxable","13":"shipping-taxable","14":"purchasable","15":"product-type-simple"},"uagb_featured_image_src":{"full":["https:\/\/e-kalastus.b-cdn.net\/wp-content\/uploads\/2024\/07\/ecopro-shprot-50mm-5g-bus.jpg",458,458,false],"thumbnail":["https:\/\/e-kalastus.b-cdn.net\/wp-content\/uploads\/2024\/07\/ecopro-shprot-50mm-5g-bus-150x150.jpg",150,150,true],"medium":["https:\/\/e-kalastus.b-cdn.net\/wp-content\/uploads\/2024\/07\/ecopro-shprot-50mm-5g-bus-300x300.jpg",300,300,true],"medium_large":["https:\/\/e-kalastus.b-cdn.net\/wp-content\/uploads\/2024\/07\/ecopro-shprot-50mm-5g-bus-768x768.jpg",768,768,true],"large":["https:\/\/e-kalastus.b-cdn.net\/wp-content\/uploads\/2024\/07\/ecopro-shprot-50mm-5g-bus-800x800.jpg",800,800,true],"1536x1536":["https:\/\/e-kalastus.b-cdn.net\/wp-content\/uploads\/2024\/07\/ecopro-shprot-50mm-5g-bus.jpg",458,458,false],"2048x2048":["https:\/\/e-kalastus.b-cdn.net\/wp-content\/uploads\/2024\/07\/ecopro-shprot-50mm-5g-bus.jpg",458,458,false],"woocommerce_thumbnail":["https:\/\/e-kalastus.b-cdn.net\/wp-content\/uploads\/2024\/07\/ecopro-shprot-50mm-5g-bus-768x768.jpg",324,324,true],"woocommerce_single":["https:\/\/e-kalastus.b-cdn.net\/wp-content\/uploads\/2024\/07\/ecopro-shprot-50mm-5g-bus-768x768.jpg",416,416,true],"woocommerce_gallery_thumbnail":["https:\/\/e-kalastus.b-cdn.net\/wp-content\/uploads\/2024\/07\/ecopro-shprot-50mm-5g-bus-100x100.jpg",100,100,true]},"uagb_author_info":{"display_name":"adam.mrozek","author_link":"https:\/\/e-kalastus.ee\/fi\/author\/"},"uagb_comment_info":0,"uagb_excerpt":"Eco Pro Shprot on talvinen pystyuistin, joka j\u00e4ljittelee pient\u00e4 kalaa ja liikkuu vedess\u00e4 luonnollisella ja houkuttelevalla pelill\u00e4\u00e4n. Erityisen hyvin soveltuu ahvenen ja kuhaan kalastukseen.","_links":{"self":[{"href":"https:\/\/e-kalastus.ee\/fi\/wp-json\/wp\/v2\/product\/24045","targetHints":{"allow":["GET"]}}],"collection":[{"href":"https:\/\/e-kalastus.ee\/fi\/wp-json\/wp\/v2\/product"}],"about":[{"href":"https:\/\/e-kalastus.ee\/fi\/wp-json\/wp\/v2\/types\/product"}],"wp:featuredmedia":[{"embeddable":true,"href":"https:\/\/e-kalastus.ee\/fi\/wp-json\/wp\/v2\/media\/68217"}],"wp:attachment":[{"href":"https:\/\/e-kalastus.ee\/fi\/wp-json\/wp\/v2\/media?parent=24045"}],"wp:term":[{"taxonomy":"product_brand","embeddable":true,"href":"https:\/\/e-kalastus.ee\/fi\/wp-json\/wp\/v2\/product_brand?post=24045"},{"taxonomy":"product_cat","embeddable":true,"href":"https:\/\/e-kalastus.ee\/fi\/wp-json\/wp\/v2\/product_cat?post=24045"},{"taxonomy":"product_tag","embeddable":true,"href":"https:\/\/e-kalastus.ee\/fi\/wp-json\/wp\/v2\/product_tag?post=24045"}],"curies":[{"name":"wp","href":"https:\/\/api.w.org\/{rel}","templated":true}]}}