{"id":22639,"date":"2023-10-10T13:15:56","date_gmt":"2023-10-10T10:15:56","guid":{"rendered":"https:\/\/e-kalastus.ee\/toode\/feeder-golden-catch-stelios-active-36m-test-90g\/"},"modified":"2026-04-16T15:52:53","modified_gmt":"2026-04-16T12:52:53","slug":"feeder-golden-catch-stelios-active-36m-test-90g","status":"publish","type":"product","link":"https:\/\/e-kalastus.ee\/toode\/feeder-golden-catch-stelios-active-36m-test-90g\/","title":{"rendered":"Golden Catch Stelios Active 3,6m test 90g"},"content":{"rendered":"<p>Tehnilised omadused:<br data-end=\"344\" data-start=\"341\" \/><br \/>\n\u2013 Tootja: Golden Catch<br data-end=\"369\" data-is-only-node=\"\" data-start=\"366\" \/><br \/>\n\u2013 T\u00fc\u00fcp: feeder\u00f5ng<br data-end=\"389\" data-start=\"386\" \/><br \/>\n\u2013 Konstruktsioon: mitmeosaline<br data-end=\"422\" data-start=\"419\" \/><br \/>\n\u2013 Materjal: s\u00fcsinik (grafiit)<br data-end=\"454\" data-start=\"451\" \/><br \/>\n\u2013 R\u00f5ngad: Sea Guide, SiC sisuga<br data-end=\"488\" data-start=\"485\" \/><br \/>\n\u2013 K\u00e4epide: EVA ja kork<br data-end=\"513\" data-start=\"510\" \/><br \/>\n\u2013 Sobib p\u00fc\u00fcgiks: karp, s\u00e4rg, latikas, nurg, koger, linask, m\u00f5\u00f5kkala, roos\u00e4rg, amuur<\/p>\n\n    <div class=\"xs_social_share_widget xs_share_url after_content \t\tmain_content  wslu-style-1 wslu-share-box-shaped wslu-fill-colored wslu-none wslu-share-horizontal wslu-theme-font-no wslu-main_content\">\n\n\t\t\n        <ul>\n\t\t\t        <\/ul>\n    <\/div>","protected":false},"excerpt":{"rendered":"<p>Golden Catch Stelios Feeder on feeder\u00f5ngede seeria, mis on loodud kalastajatele, kes hindavad nii mugavust kui ka esteetikat. Need ridvad pakuvad nauditavat p\u00fc\u00fcgitunnet ja head kontrolli erinevate kalade v\u00e4sitamisel.<\/p>\n<p>Active-seeria universaalsed, kiire toimega ridvad sobivad p\u00fc\u00fcgiks erinevates tingimustes.<\/p>\n","protected":false},"featured_media":77533,"template":"","meta":{"_uag_custom_page_level_css":""},"product_brand":[1561],"product_cat":[1491],"product_tag":[],"class_list":{"0":"post-22639","1":"product","2":"type-product","3":"status-publish","4":"has-post-thumbnail","6":"product_brand-golden-catch","7":"product_cat-golden-catch-feederridvad","8":"product_shipping_class-suur","9":"pa_brand-golden-catch","10":"pa_pikkus-3-m","11":"pa_test-70-90g","13":"first","14":"instock","15":"sale","16":"taxable","17":"shipping-taxable","18":"purchasable","19":"product-type-simple"},"uagb_featured_image_src":{"full":["https:\/\/e-kalastus.b-cdn.net\/wp-content\/uploads\/2025\/02\/image-31639.png",800,800,false],"thumbnail":["https:\/\/e-kalastus.b-cdn.net\/wp-content\/uploads\/2025\/02\/image-31639-150x150.png.jpg",150,150,true],"medium":["https:\/\/e-kalastus.b-cdn.net\/wp-content\/uploads\/2025\/02\/image-31639-300x300.png.jpg",300,300,true],"medium_large":["https:\/\/e-kalastus.b-cdn.net\/wp-content\/uploads\/2025\/02\/image-31639-768x768.png.jpg",768,768,true],"large":["https:\/\/e-kalastus.b-cdn.net\/wp-content\/uploads\/2025\/02\/image-31639-800x800.png.jpg",800,800,true],"1536x1536":["https:\/\/e-kalastus.b-cdn.net\/wp-content\/uploads\/2025\/02\/image-31639.png",800,800,false],"2048x2048":["https:\/\/e-kalastus.b-cdn.net\/wp-content\/uploads\/2025\/02\/image-31639.png",800,800,false],"woocommerce_thumbnail":["https:\/\/e-kalastus.b-cdn.net\/wp-content\/uploads\/2025\/02\/image-31639-768x768.png.jpg",324,324,true],"woocommerce_single":["https:\/\/e-kalastus.b-cdn.net\/wp-content\/uploads\/2025\/02\/image-31639-768x768.png.jpg",416,416,true],"woocommerce_gallery_thumbnail":["https:\/\/e-kalastus.b-cdn.net\/wp-content\/uploads\/2025\/02\/image-31639-100x100.png.jpg",100,100,true]},"uagb_author_info":{"display_name":"adam.mrozek","author_link":"https:\/\/e-kalastus.ee\/author\/"},"uagb_comment_info":0,"uagb_excerpt":"Golden Catch Stelios Feeder on feeder\u00f5ngede seeria, mis on loodud kalastajatele, kes hindavad nii mugavust kui ka esteetikat. Need ridvad pakuvad nauditavat p\u00fc\u00fcgitunnet ja head kontrolli erinevate kalade v\u00e4sitamisel. Active-seeria universaalsed, kiire toimega ridvad sobivad p\u00fc\u00fcgiks erinevates tingimustes.","_links":{"self":[{"href":"https:\/\/e-kalastus.ee\/wp-json\/wp\/v2\/product\/22639","targetHints":{"allow":["GET"]}}],"collection":[{"href":"https:\/\/e-kalastus.ee\/wp-json\/wp\/v2\/product"}],"about":[{"href":"https:\/\/e-kalastus.ee\/wp-json\/wp\/v2\/types\/product"}],"wp:featuredmedia":[{"embeddable":true,"href":"https:\/\/e-kalastus.ee\/wp-json\/wp\/v2\/media\/77533"}],"wp:attachment":[{"href":"https:\/\/e-kalastus.ee\/wp-json\/wp\/v2\/media?parent=22639"}],"wp:term":[{"taxonomy":"product_brand","embeddable":true,"href":"https:\/\/e-kalastus.ee\/wp-json\/wp\/v2\/product_brand?post=22639"},{"taxonomy":"product_cat","embeddable":true,"href":"https:\/\/e-kalastus.ee\/wp-json\/wp\/v2\/product_cat?post=22639"},{"taxonomy":"product_tag","embeddable":true,"href":"https:\/\/e-kalastus.ee\/wp-json\/wp\/v2\/product_tag?post=22639"}],"curies":[{"name":"wp","href":"https:\/\/api.w.org\/{rel}","templated":true}]}}