{"id":22616,"date":"2023-10-10T12:30:25","date_gmt":"2023-10-10T09:30:25","guid":{"rendered":"https:\/\/e-kalastus.ee\/toode\/feeder-golden-catch-sintez-36m-test-120g\/"},"modified":"2026-04-16T16:34:32","modified_gmt":"2026-04-16T13:34:32","slug":"feeder-golden-catch-sintez-36m-test-120g","status":"publish","type":"product","link":"https:\/\/e-kalastus.ee\/toode\/feeder-golden-catch-sintez-36m-test-120g\/","title":{"rendered":"Golden Catch Sintez 3,6m test 120g"},"content":{"rendered":"\n    <div class=\"xs_social_share_widget xs_share_url after_content \t\tmain_content  wslu-style-1 wslu-share-box-shaped wslu-fill-colored wslu-none wslu-share-horizontal wslu-theme-font-no wslu-main_content\">\n\n\t\t\n        <ul>\n\t\t\t        <\/ul>\n    <\/div> \n","protected":false},"excerpt":{"rendered":"<p>Golden Catch Sintez Feeder on k\u00f5rgekvaliteediline feeder\u00f5ng, mis on valmistatud tippklassi k\u00f5rge mooduliga s\u00fcsinikust (36T ja 40T), tagades hea tasakaalu, tundlikkuse, kerguse ja tugevuse.<\/p>\n<p>Sea Guide\u2019i kerged SiC-r\u00f5ngad ja vastupidav rullipesa ei koorma toorikut ning v\u00f5imaldavad kasutada ka suuremaid rulle.<\/p>\n<p>Sintez sobib nii harrastajatele kui ka kogenud kalastajatele p\u00fc\u00fcgiks erinevates tingimustes \u2013 j\u00e4rvedest kuni keskmise ja tugeva vooluga j\u00f5gedeni.<\/p>\n","protected":false},"featured_media":62103,"template":"","meta":{"_uag_custom_page_level_css":""},"product_brand":[1561],"product_cat":[1491],"product_tag":[],"class_list":{"0":"post-22616","1":"product","2":"type-product","3":"status-publish","4":"has-post-thumbnail","6":"product_brand-golden-catch","7":"product_cat-golden-catch-feederridvad","8":"product_shipping_class-suur","9":"pa_brand-golden-catch","10":"pa_pikkus-3-m","11":"pa_test-100-120g","13":"first","14":"instock","15":"sale","16":"taxable","17":"shipping-taxable","18":"purchasable","19":"product-type-simple"},"uagb_featured_image_src":{"full":["https:\/\/e-kalastus.b-cdn.net\/wp-content\/uploads\/2024\/05\/feeder-golden-catch-sintez-1-800x800-1.jpg",800,800,false],"thumbnail":["https:\/\/e-kalastus.b-cdn.net\/wp-content\/uploads\/2024\/05\/feeder-golden-catch-sintez-1-800x800-1-150x150.jpg",150,150,true],"medium":["https:\/\/e-kalastus.b-cdn.net\/wp-content\/uploads\/2024\/05\/feeder-golden-catch-sintez-1-800x800-1-300x300.jpg",300,300,true],"medium_large":["https:\/\/e-kalastus.b-cdn.net\/wp-content\/uploads\/2024\/05\/feeder-golden-catch-sintez-1-800x800-1-768x768.jpg",768,768,true],"large":["https:\/\/e-kalastus.b-cdn.net\/wp-content\/uploads\/2024\/05\/feeder-golden-catch-sintez-1-800x800-1-800x800.jpg",800,800,true],"1536x1536":["https:\/\/e-kalastus.b-cdn.net\/wp-content\/uploads\/2024\/05\/feeder-golden-catch-sintez-1-800x800-1.jpg",800,800,false],"2048x2048":["https:\/\/e-kalastus.b-cdn.net\/wp-content\/uploads\/2024\/05\/feeder-golden-catch-sintez-1-800x800-1.jpg",800,800,false],"woocommerce_thumbnail":["https:\/\/e-kalastus.b-cdn.net\/wp-content\/uploads\/2024\/05\/feeder-golden-catch-sintez-1-800x800-1-768x768.jpg",324,324,true],"woocommerce_single":["https:\/\/e-kalastus.b-cdn.net\/wp-content\/uploads\/2024\/05\/feeder-golden-catch-sintez-1-800x800-1-768x768.jpg",416,416,true],"woocommerce_gallery_thumbnail":["https:\/\/e-kalastus.b-cdn.net\/wp-content\/uploads\/2024\/05\/feeder-golden-catch-sintez-1-800x800-1-100x100.jpg",100,100,true]},"uagb_author_info":{"display_name":"adam.mrozek","author_link":"https:\/\/e-kalastus.ee\/author\/"},"uagb_comment_info":0,"uagb_excerpt":"Golden Catch Sintez Feeder on k\u00f5rgekvaliteediline feeder\u00f5ng, mis on valmistatud tippklassi k\u00f5rge mooduliga s\u00fcsinikust (36T ja 40T), tagades hea tasakaalu, tundlikkuse, kerguse ja tugevuse. Sea Guide\u2019i kerged SiC-r\u00f5ngad ja vastupidav rullipesa ei koorma toorikut ning v\u00f5imaldavad kasutada ka suuremaid rulle. Sintez sobib nii harrastajatele kui ka kogenud kalastajatele p\u00fc\u00fcgiks erinevates tingimustes \u2013 j\u00e4rvedest kuni keskmise&hellip;","_links":{"self":[{"href":"https:\/\/e-kalastus.ee\/wp-json\/wp\/v2\/product\/22616","targetHints":{"allow":["GET"]}}],"collection":[{"href":"https:\/\/e-kalastus.ee\/wp-json\/wp\/v2\/product"}],"about":[{"href":"https:\/\/e-kalastus.ee\/wp-json\/wp\/v2\/types\/product"}],"wp:featuredmedia":[{"embeddable":true,"href":"https:\/\/e-kalastus.ee\/wp-json\/wp\/v2\/media\/62103"}],"wp:attachment":[{"href":"https:\/\/e-kalastus.ee\/wp-json\/wp\/v2\/media?parent=22616"}],"wp:term":[{"taxonomy":"product_brand","embeddable":true,"href":"https:\/\/e-kalastus.ee\/wp-json\/wp\/v2\/product_brand?post=22616"},{"taxonomy":"product_cat","embeddable":true,"href":"https:\/\/e-kalastus.ee\/wp-json\/wp\/v2\/product_cat?post=22616"},{"taxonomy":"product_tag","embeddable":true,"href":"https:\/\/e-kalastus.ee\/wp-json\/wp\/v2\/product_tag?post=22616"}],"curies":[{"name":"wp","href":"https:\/\/api.w.org\/{rel}","templated":true}]}}