{"id":2229,"date":"2023-08-14T13:42:20","date_gmt":"2023-08-14T10:42:20","guid":{"rendered":"https:\/\/e-kalastus.ee\/toode\/silikoon-narval-complex-shad-10-color-007-10cm-4tk\/"},"modified":"2026-03-30T14:34:32","modified_gmt":"2026-03-30T11:34:32","slug":"silikoon-narval-complex-shad-10-color-007-10cm-4tk","status":"publish","type":"product","link":"https:\/\/e-kalastus.ee\/toode\/silikoon-narval-complex-shad-10-color-007-10cm-4tk\/","title":{"rendered":"Narval Complex Shad 10cm 4tk #007 Purple Spring"},"content":{"rendered":"<p><\/p>\n<p dir=\"ltr\" style=\"line-height:1.38;margin-top:12pt;margin-bottom:12pt\"><span id=\"docs-internal-guid-ca5b4a4b-7fff-551d-256c-e305d699ad5b\"><span style=\"font-size: 11pt;font-family: Arial, sans-serif;background-color: transparent;vertical-align: baseline\">COMPLEX SHAD \u2013 shad-t\u00fc\u00fcpi peibutus, mille keha on jaotatud kolmnurkseteks segmentideks. Kolm sektsiooni v\u00f5imaldavad landil aktiivselt t\u00f6\u00f6tada, lisaks saab vastavalt p\u00fc\u00fcgioludele muuta selle suurust, v\u00e4hendades segmentide arvu, kuid kaotamata peibutise algset m\u00e4ngu. Rihveldatud keha tekitab vees lisavibratsioone, mis on r\u00f6\u00f6vkalade p\u00fc\u00fcdmisel eriti oluline.<\/span><\/span><\/p>\n<p dir=\"ltr\" style=\"line-height:1.38;margin-top:12pt;margin-bottom:12pt\"><span id=\"docs-internal-guid-ca5b4a4b-7fff-551d-256c-e305d699ad5b\"><span style=\"font-size: 11pt;font-family: Arial, sans-serif;background-color: transparent;vertical-align: baseline\">Peibutus on end suurep\u00e4raselt t\u00f5estanud igat t\u00fc\u00fcpi veekogudes.<\/span><\/span><\/p>\n<p dir=\"ltr\" style=\"line-height:1.38;margin-top:12pt;margin-bottom:12pt\"><span id=\"docs-internal-guid-ca5b4a4b-7fff-551d-256c-e305d699ad5b\"><span style=\"font-size: 11pt;font-family: Arial, sans-serif;background-color: transparent;vertical-align: baseline\">Peibutise pikkus \u2013 10 cm<\/span><br \/>\n<span style=\"font-size: 11pt;font-family: Arial, sans-serif;background-color: transparent;vertical-align: baseline\">Peibutise kaal \u2013 8 g<\/span><br \/>\n<span style=\"font-size: 11pt;font-family: Arial, sans-serif;background-color: transparent;vertical-align: baseline\">Pakendis \u2013 4 tk<\/span><\/span><\/p>\n<div>&nbsp;<\/div>\n<p><\/p>\n\n    <div class=\"xs_social_share_widget xs_share_url after_content \t\tmain_content  wslu-style-1 wslu-share-box-shaped wslu-fill-colored wslu-none wslu-share-horizontal wslu-theme-font-no wslu-main_content\">\n\n\t\t\n        <ul>\n\t\t\t        <\/ul>\n    <\/div>","protected":false},"excerpt":{"rendered":"<p>COMPLEX SHAD on 10 cm pikkune ja 8 g kaaluv segmentkehale shad, mille suurust saab muuta ilma m\u00e4ngu kaotamata ning mis t\u00f6\u00f6tab t\u00f5husalt k\u00f5ikides veekogudes.<\/p>\n","protected":false},"featured_media":66704,"template":"","meta":{"_uag_custom_page_level_css":""},"product_brand":[1153],"product_cat":[1368],"product_tag":[],"class_list":{"0":"post-2229","1":"product","2":"type-product","3":"status-publish","4":"has-post-thumbnail","6":"product_brand-narval","7":"product_cat-complex-shad","8":"pa_brand-narval","9":"pa_pikkus-10-15-2cm","11":"first","12":"instock","13":"taxable","14":"shipping-taxable","15":"purchasable","16":"product-type-simple"},"uagb_featured_image_src":{"full":["https:\/\/e-kalastus.b-cdn.net\/wp-content\/uploads\/2024\/07\/Unknown-1-168.jpg",224,224,false],"thumbnail":["https:\/\/e-kalastus.b-cdn.net\/wp-content\/uploads\/2024\/07\/Unknown-1-168-150x150.jpg",150,150,true],"medium":["https:\/\/e-kalastus.b-cdn.net\/wp-content\/uploads\/2024\/07\/Unknown-1-168-300x300.jpg",300,300,true],"medium_large":["https:\/\/e-kalastus.b-cdn.net\/wp-content\/uploads\/2024\/07\/Unknown-1-168-768x768.jpg",768,768,true],"large":["https:\/\/e-kalastus.b-cdn.net\/wp-content\/uploads\/2024\/07\/Unknown-1-168-800x800.jpg",800,800,true],"1536x1536":["https:\/\/e-kalastus.b-cdn.net\/wp-content\/uploads\/2024\/07\/Unknown-1-168.jpg",224,224,false],"2048x2048":["https:\/\/e-kalastus.b-cdn.net\/wp-content\/uploads\/2024\/07\/Unknown-1-168.jpg",224,224,false],"woocommerce_thumbnail":["https:\/\/e-kalastus.b-cdn.net\/wp-content\/uploads\/2024\/07\/Unknown-1-168-768x768.jpg",324,324,true],"woocommerce_single":["https:\/\/e-kalastus.b-cdn.net\/wp-content\/uploads\/2024\/07\/Unknown-1-168-768x768.jpg",416,416,true],"woocommerce_gallery_thumbnail":["https:\/\/e-kalastus.b-cdn.net\/wp-content\/uploads\/2024\/07\/Unknown-1-168-100x100.jpg",100,100,true]},"uagb_author_info":{"display_name":"adam.mrozek","author_link":"https:\/\/e-kalastus.ee\/author\/"},"uagb_comment_info":0,"uagb_excerpt":"COMPLEX SHAD on 10 cm pikkune ja 8 g kaaluv segmentkehale shad, mille suurust saab muuta ilma m\u00e4ngu kaotamata ning mis t\u00f6\u00f6tab t\u00f5husalt k\u00f5ikides veekogudes.","_links":{"self":[{"href":"https:\/\/e-kalastus.ee\/wp-json\/wp\/v2\/product\/2229","targetHints":{"allow":["GET"]}}],"collection":[{"href":"https:\/\/e-kalastus.ee\/wp-json\/wp\/v2\/product"}],"about":[{"href":"https:\/\/e-kalastus.ee\/wp-json\/wp\/v2\/types\/product"}],"wp:featuredmedia":[{"embeddable":true,"href":"https:\/\/e-kalastus.ee\/wp-json\/wp\/v2\/media\/66704"}],"wp:attachment":[{"href":"https:\/\/e-kalastus.ee\/wp-json\/wp\/v2\/media?parent=2229"}],"wp:term":[{"taxonomy":"product_brand","embeddable":true,"href":"https:\/\/e-kalastus.ee\/wp-json\/wp\/v2\/product_brand?post=2229"},{"taxonomy":"product_cat","embeddable":true,"href":"https:\/\/e-kalastus.ee\/wp-json\/wp\/v2\/product_cat?post=2229"},{"taxonomy":"product_tag","embeddable":true,"href":"https:\/\/e-kalastus.ee\/wp-json\/wp\/v2\/product_tag?post=2229"}],"curies":[{"name":"wp","href":"https:\/\/api.w.org\/{rel}","templated":true}]}}