{"id":21896,"date":"2023-10-02T09:39:18","date_gmt":"2023-10-02T06:39:18","guid":{"rendered":"https:\/\/e-kalastus.ee\/toode\/kombe-daiwa-two-piece-suits-l-ujuv-2-osaline\/"},"modified":"2026-03-30T14:27:40","modified_gmt":"2026-03-30T11:27:40","slug":"kombe-daiwa-two-piece-suits-l-ujuv-2-osaline","status":"publish","type":"product","link":"https:\/\/e-kalastus.ee\/toode\/kombe-daiwa-two-piece-suits-l-ujuv-2-osaline\/","title":{"rendered":"Kombe Team Daiwa Two Piece Floating Suits ujuv  (2-osaline) SIZE L"},"content":{"rendered":"\n    <div class=\"xs_social_share_widget xs_share_url after_content \t\tmain_content  wslu-style-1 wslu-share-box-shaped wslu-fill-colored wslu-none wslu-share-horizontal wslu-theme-font-no wslu-main_content\">\n\n\t\t\n        <ul>\n\t\t\t        <\/ul>\n    <\/div> \n","protected":false},"excerpt":{"rendered":"<p>\u200bKoost\u00f6\u00f6s Inglismaa juhtiva merep\u00e4\u00e4stjate kombinesoonide ja riiete tootjaga oleme disaininud 2 \u00fclikonda, mis vastavad Norra ja Islandi kalap\u00fc\u00fcgistandardite k\u00f5rgetele kvaliteedi- ja ohutusn\u00f5uetele, samuti ekstreemsetes talveoludes kalap\u00fc\u00fcgiks. TEAM DAIWA talve\u00fclikond on saadaval \u00fches t\u00fckis \u00fclikonnana v\u00f5i kaheosalise \u00fclikonnana (jope + p\u00fcksid). M\u00f5lemad variandid on v\u00e4ga mugavad. V\u00e4lismaterjalina on 210D Nylon \u00fchtaegu pehme ja vastupidav ega piira liikumist kuidagi. TEAM DAIWA talve\u00fclikonnad on t\u00e4ielikult tuule- ja veekindlad (veekindel 10 000). T\u00e4nu spetsiaalsele Tasloni kiule tagavad need t\u00e4iusliku isolatsiooni ja t\u00e4ieliku mugavuse isegi v\u00e4ga madalatel temperatuuridel. K\u00f5ik taskud on vee- v\u00f5i lumekindlad. TEAM DAIWA talve\u00fclikonnad vastavad k\u00f5igile seda t\u00fc\u00fcpi r\u00f5ivaste Euroopa standarditele. Nendega on kaasas kandekott. \u00dclikonna materjal: 100% nailon, isolatsioon: 100% pol\u00fcester, kandekott: 100% pol\u00fcester<\/p>\n<p>Kaheosaline \u00fclikond<\/p>\n<p>* V\u00e4ga kerge ja painduv materjal<br \/>\n* Vastupidav ja kergesti puhastatav<br \/>\n* Polar-fliisist krae termilise mugavuse tagamiseks<br \/>\n* Kapuuts tugevdatud kummipaelaga<br \/>\n* Varrukatel neopreenist n\u00f6\u00f6rid<br \/>\n* K\u00fc\u00fcnarnuki tugevdus<br \/>\n* P\u00f5lvede tugevdamine<br \/>\n* Helkurkile \u00f5lgadel, varrukatel ja p\u00fckstel<br \/>\n* Taskutes fliisvooder k\u00e4te soojendamiseks<br \/>\n* Kvaliteetsed YKK t\u00f5mblukud<br \/>\n* H\u00e4daabi vile<br \/>\n* Transpordipakend<\/p>\n","protected":false},"featured_media":71571,"template":"","meta":{"_uag_custom_page_level_css":""},"product_brand":[1557],"product_cat":[1218],"product_tag":[],"class_list":{"0":"post-21896","1":"product","2":"type-product","3":"status-publish","4":"has-post-thumbnail","6":"product_brand-daiwa","7":"product_cat-kostuumid","8":"pa_brand-daiwa","10":"first","11":"instock","12":"sale","13":"taxable","14":"shipping-taxable","15":"purchasable","16":"product-type-simple"},"uagb_featured_image_src":{"full":["https:\/\/e-kalastus.b-cdn.net\/wp-content\/uploads\/2024\/07\/Team-daiwa-two-piece-suits-flotation-18510-150-size-xl.jpg",395,606,false],"thumbnail":["https:\/\/e-kalastus.b-cdn.net\/wp-content\/uploads\/2024\/07\/Team-daiwa-two-piece-suits-flotation-18510-150-size-xl-150x150.jpg",150,150,true],"medium":["https:\/\/e-kalastus.b-cdn.net\/wp-content\/uploads\/2024\/07\/Team-daiwa-two-piece-suits-flotation-18510-150-size-xl-300x300.jpg",300,300,true],"medium_large":["https:\/\/e-kalastus.b-cdn.net\/wp-content\/uploads\/2024\/07\/Team-daiwa-two-piece-suits-flotation-18510-150-size-xl-768x768.jpg",768,768,true],"large":["https:\/\/e-kalastus.b-cdn.net\/wp-content\/uploads\/2024\/07\/Team-daiwa-two-piece-suits-flotation-18510-150-size-xl-800x800.jpg",800,800,true],"1536x1536":["https:\/\/e-kalastus.b-cdn.net\/wp-content\/uploads\/2024\/07\/Team-daiwa-two-piece-suits-flotation-18510-150-size-xl.jpg",395,606,false],"2048x2048":["https:\/\/e-kalastus.b-cdn.net\/wp-content\/uploads\/2024\/07\/Team-daiwa-two-piece-suits-flotation-18510-150-size-xl.jpg",395,606,false],"woocommerce_thumbnail":["https:\/\/e-kalastus.b-cdn.net\/wp-content\/uploads\/2024\/07\/Team-daiwa-two-piece-suits-flotation-18510-150-size-xl-768x768.jpg",324,324,true],"woocommerce_single":["https:\/\/e-kalastus.b-cdn.net\/wp-content\/uploads\/2024\/07\/Team-daiwa-two-piece-suits-flotation-18510-150-size-xl.jpg",395,606,false],"woocommerce_gallery_thumbnail":["https:\/\/e-kalastus.b-cdn.net\/wp-content\/uploads\/2024\/07\/Team-daiwa-two-piece-suits-flotation-18510-150-size-xl-100x100.jpg",100,100,true]},"uagb_author_info":{"display_name":"adam.mrozek","author_link":"https:\/\/e-kalastus.ee\/author\/"},"uagb_comment_info":0,"uagb_excerpt":"\u200bKoost\u00f6\u00f6s Inglismaa juhtiva merep\u00e4\u00e4stjate kombinesoonide ja riiete tootjaga oleme disaininud 2 \u00fclikonda, mis vastavad Norra ja Islandi kalap\u00fc\u00fcgistandardite k\u00f5rgetele kvaliteedi- ja ohutusn\u00f5uetele, samuti ekstreemsetes talveoludes kalap\u00fc\u00fcgiks. TEAM DAIWA talve\u00fclikond on saadaval \u00fches t\u00fckis \u00fclikonnana v\u00f5i kaheosalise \u00fclikonnana (jope + p\u00fcksid). M\u00f5lemad variandid on v\u00e4ga mugavad. V\u00e4lismaterjalina on 210D Nylon \u00fchtaegu pehme ja vastupidav ega piira&hellip;","_links":{"self":[{"href":"https:\/\/e-kalastus.ee\/wp-json\/wp\/v2\/product\/21896","targetHints":{"allow":["GET"]}}],"collection":[{"href":"https:\/\/e-kalastus.ee\/wp-json\/wp\/v2\/product"}],"about":[{"href":"https:\/\/e-kalastus.ee\/wp-json\/wp\/v2\/types\/product"}],"wp:featuredmedia":[{"embeddable":true,"href":"https:\/\/e-kalastus.ee\/wp-json\/wp\/v2\/media\/71571"}],"wp:attachment":[{"href":"https:\/\/e-kalastus.ee\/wp-json\/wp\/v2\/media?parent=21896"}],"wp:term":[{"taxonomy":"product_brand","embeddable":true,"href":"https:\/\/e-kalastus.ee\/wp-json\/wp\/v2\/product_brand?post=21896"},{"taxonomy":"product_cat","embeddable":true,"href":"https:\/\/e-kalastus.ee\/wp-json\/wp\/v2\/product_cat?post=21896"},{"taxonomy":"product_tag","embeddable":true,"href":"https:\/\/e-kalastus.ee\/wp-json\/wp\/v2\/product_tag?post=21896"}],"curies":[{"name":"wp","href":"https:\/\/api.w.org\/{rel}","templated":true}]}}