{"id":21763,"date":"2023-09-30T13:45:21","date_gmt":"2023-09-30T10:45:21","guid":{"rendered":"https:\/\/e-kalastus.ee\/toode\/kostuum-remington-alabama-proffesional-green-forest-4xl\/"},"modified":"2026-04-10T14:36:08","modified_gmt":"2026-04-10T11:36:08","slug":"kostuum-remington-alabama-proffesional-green-forest-4xl","status":"publish","type":"product","link":"https:\/\/e-kalastus.ee\/toode\/kostuum-remington-alabama-proffesional-green-forest-4xl\/","title":{"rendered":"Kost\u00fc\u00fcm Remington Alabama Profesional Green Forest Camo SIZE 4XL"},"content":{"rendered":"\n    <div class=\"xs_social_share_widget xs_share_url after_content \t\tmain_content  wslu-style-1 wslu-share-box-shaped wslu-fill-colored wslu-none wslu-share-horizontal wslu-theme-font-no wslu-main_content\">\n\n\t\t\n        <ul>\n\t\t\t        <\/ul>\n    <\/div> \n","protected":false},"excerpt":{"rendered":"<p>Remington Alabama professionaalne roheline metsa\u00fclikond on valmistatud kergest ja hingavast materjalist. V\u00f5ib kasutada iseseisva tootena suvel ning isolatsioonikihina poolhooajal ja talvel. Peamised erinevused Alabama Professional \u00fclikonna ja Alabama Summer sarja \u00fclikonna vahel on kapuutsi olemasolu, mansetid jope varrukatel ja lukud k\u00f5ikidel v\u00e4listaskutel. Kost\u00fc\u00fcmi loomisel kasutati kaasaegset vett ja mustust t\u00f5rjuvat kangat\u00f6\u00f6tlustehnoloogiat.<\/p>\n<p>Alabama Professional Green Forest jahi\u00fclikond iistu t\u00e4ielikult kehaga, v\u00f5imaldades seel\u00e4bi loomulikku \u00f5huringlust ja s\u00e4ilitades \u00fchtlasi v\u00f5imaluse piiramatuks liikumiseks. Unikaalne kamuflaa\u017eiv\u00e4rv loob jahipidamisel suurep\u00e4rase kamuflaa\u017ei.<\/p>\n","protected":false},"featured_media":69641,"template":"","meta":{"_uag_custom_page_level_css":""},"product_brand":[1654],"product_cat":[1218],"product_tag":[],"class_list":{"0":"post-21763","1":"product","2":"type-product","3":"status-publish","4":"has-post-thumbnail","6":"product_brand-remington","7":"product_cat-kostuumid","8":"pa_brand-remington","10":"first","11":"instock","12":"sale","13":"taxable","14":"shipping-taxable","15":"purchasable","16":"product-type-simple"},"uagb_featured_image_src":{"full":["https:\/\/e-kalastus.b-cdn.net\/wp-content\/uploads\/2024\/07\/Remington-Alabama-Professional-Green-Forest-2.jpg",1000,1000,false],"thumbnail":["https:\/\/e-kalastus.b-cdn.net\/wp-content\/uploads\/2024\/07\/Remington-Alabama-Professional-Green-Forest-2-150x150.jpg",150,150,true],"medium":["https:\/\/e-kalastus.b-cdn.net\/wp-content\/uploads\/2024\/07\/Remington-Alabama-Professional-Green-Forest-2-300x300.jpg",300,300,true],"medium_large":["https:\/\/e-kalastus.b-cdn.net\/wp-content\/uploads\/2024\/07\/Remington-Alabama-Professional-Green-Forest-2-768x768.jpg",768,768,true],"large":["https:\/\/e-kalastus.b-cdn.net\/wp-content\/uploads\/2024\/07\/Remington-Alabama-Professional-Green-Forest-2-800x800.jpg",800,800,true],"1536x1536":["https:\/\/e-kalastus.b-cdn.net\/wp-content\/uploads\/2024\/07\/Remington-Alabama-Professional-Green-Forest-2.jpg",1000,1000,false],"2048x2048":["https:\/\/e-kalastus.b-cdn.net\/wp-content\/uploads\/2024\/07\/Remington-Alabama-Professional-Green-Forest-2.jpg",1000,1000,false],"woocommerce_thumbnail":["https:\/\/e-kalastus.b-cdn.net\/wp-content\/uploads\/2024\/07\/Remington-Alabama-Professional-Green-Forest-2-768x768.jpg",324,324,true],"woocommerce_single":["https:\/\/e-kalastus.b-cdn.net\/wp-content\/uploads\/2024\/07\/Remington-Alabama-Professional-Green-Forest-2-768x768.jpg",416,416,true],"woocommerce_gallery_thumbnail":["https:\/\/e-kalastus.b-cdn.net\/wp-content\/uploads\/2024\/07\/Remington-Alabama-Professional-Green-Forest-2-100x100.jpg",100,100,true]},"uagb_author_info":{"display_name":"adam.mrozek","author_link":"https:\/\/e-kalastus.ee\/author\/"},"uagb_comment_info":0,"uagb_excerpt":"Remington Alabama professionaalne roheline metsa\u00fclikond on valmistatud kergest ja hingavast materjalist. V\u00f5ib kasutada iseseisva tootena suvel ning isolatsioonikihina poolhooajal ja talvel. Peamised erinevused Alabama Professional \u00fclikonna ja Alabama Summer sarja \u00fclikonna vahel on kapuutsi olemasolu, mansetid jope varrukatel ja lukud k\u00f5ikidel v\u00e4listaskutel. Kost\u00fc\u00fcmi loomisel kasutati kaasaegset vett ja mustust t\u00f5rjuvat kangat\u00f6\u00f6tlustehnoloogiat. Alabama Professional Green Forest&hellip;","_links":{"self":[{"href":"https:\/\/e-kalastus.ee\/wp-json\/wp\/v2\/product\/21763","targetHints":{"allow":["GET"]}}],"collection":[{"href":"https:\/\/e-kalastus.ee\/wp-json\/wp\/v2\/product"}],"about":[{"href":"https:\/\/e-kalastus.ee\/wp-json\/wp\/v2\/types\/product"}],"wp:featuredmedia":[{"embeddable":true,"href":"https:\/\/e-kalastus.ee\/wp-json\/wp\/v2\/media\/69641"}],"wp:attachment":[{"href":"https:\/\/e-kalastus.ee\/wp-json\/wp\/v2\/media?parent=21763"}],"wp:term":[{"taxonomy":"product_brand","embeddable":true,"href":"https:\/\/e-kalastus.ee\/wp-json\/wp\/v2\/product_brand?post=21763"},{"taxonomy":"product_cat","embeddable":true,"href":"https:\/\/e-kalastus.ee\/wp-json\/wp\/v2\/product_cat?post=21763"},{"taxonomy":"product_tag","embeddable":true,"href":"https:\/\/e-kalastus.ee\/wp-json\/wp\/v2\/product_tag?post=21763"}],"curies":[{"name":"wp","href":"https:\/\/api.w.org\/{rel}","templated":true}]}}