{"id":21760,"date":"2023-09-30T13:45:19","date_gmt":"2023-09-30T10:45:19","guid":{"rendered":"https:\/\/e-kalastus.ee\/toode\/kostuum-remington-alabama-proffesional-dark-olive-2xl\/"},"modified":"2026-03-30T15:19:04","modified_gmt":"2026-03-30T12:19:04","slug":"kostuum-remington-alabama-proffesional-dark-olive-2xl","status":"publish","type":"product","link":"https:\/\/e-kalastus.ee\/toode\/kostuum-remington-alabama-proffesional-dark-olive-2xl\/","title":{"rendered":"Kost\u00fc\u00fcm Remington Alabama Profesional Dark Olive SIZE 2XL"},"content":{"rendered":"\n    <div class=\"xs_social_share_widget xs_share_url after_content \t\tmain_content  wslu-style-1 wslu-share-box-shaped wslu-fill-colored wslu-none wslu-share-horizontal wslu-theme-font-no wslu-main_content\">\n\n\t\t\n        <ul>\n\t\t\t        <\/ul>\n    <\/div> \n","protected":false},"excerpt":{"rendered":"<p>Mitmek\u00fclgne riietus soojemateks ilmadeks.<\/p>\n<p>Remingtoni professionaalsed Alabama sarjad on kerged ja paindlikud. Hea riietus kalap\u00fc\u00fcgiks, varas\u00fcgiseseks jahiks, aktiivseks liikumiseks v\u00f5i lihtsalt vabaaja riietuseks. T\u00f6\u00f6tab k\u00fclmal ajal ka aluspesuna. Kost\u00fc\u00fcmi juurde kuuluvad p\u00fcksid ja jope. V\u00e4rvus on tume oliiv.<\/p>\n<p>Jope varrukatel ja all\u00e4\u00e4res elastsed k\u00e4tised.<br \/>\nJopel on 2 lukuga esitaskut.<br \/>\nKapuuts<br \/>\nP\u00fckstel on n\u00f6\u00f6r ja veniv lint.<br \/>\nLisaks h\u00f5lbustavad selga panemist t\u00f5mblukk ja n\u00f6\u00f6p v\u00f6\u00f6kohas.<br \/>\nS\u00e4\u00e4rtes elastsed mansetid.<br \/>\nP\u00fckstel on 2 lukuga esitaskut.<br \/>\nPehme sisevooder, mis tundub naha vastu meeldivalt.<br \/>\nT\u00f5rjub vett ja mustust.<br \/>\nValmistatud kergest ja hingavast materjalist.<br \/>\n95 pol\u00fcester 5 spandex.<\/p>\n","protected":false},"featured_media":70953,"template":"","meta":{"_uag_custom_page_level_css":""},"product_brand":[1654],"product_cat":[1218],"product_tag":[],"class_list":{"0":"post-21760","1":"product","2":"type-product","3":"status-publish","4":"has-post-thumbnail","6":"product_brand-remington","7":"product_cat-kostuumid","8":"pa_brand-remington","10":"first","11":"instock","12":"sale","13":"taxable","14":"shipping-taxable","15":"purchasable","16":"product-type-simple"},"uagb_featured_image_src":{"full":["https:\/\/e-kalastus.b-cdn.net\/wp-content\/uploads\/2024\/07\/6721152591-2.jpg",668,1000,false],"thumbnail":["https:\/\/e-kalastus.b-cdn.net\/wp-content\/uploads\/2024\/07\/6721152591-2-150x150.jpg",150,150,true],"medium":["https:\/\/e-kalastus.b-cdn.net\/wp-content\/uploads\/2024\/07\/6721152591-2-300x300.jpg",300,300,true],"medium_large":["https:\/\/e-kalastus.b-cdn.net\/wp-content\/uploads\/2024\/07\/6721152591-2-768x768.jpg",768,768,true],"large":["https:\/\/e-kalastus.b-cdn.net\/wp-content\/uploads\/2024\/07\/6721152591-2-800x800.jpg",800,800,true],"1536x1536":["https:\/\/e-kalastus.b-cdn.net\/wp-content\/uploads\/2024\/07\/6721152591-2.jpg",668,1000,false],"2048x2048":["https:\/\/e-kalastus.b-cdn.net\/wp-content\/uploads\/2024\/07\/6721152591-2.jpg",668,1000,false],"woocommerce_thumbnail":["https:\/\/e-kalastus.b-cdn.net\/wp-content\/uploads\/2024\/07\/6721152591-2-768x768.jpg",324,324,true],"woocommerce_single":["https:\/\/e-kalastus.b-cdn.net\/wp-content\/uploads\/2024\/07\/6721152591-2.jpg",416,623,false],"woocommerce_gallery_thumbnail":["https:\/\/e-kalastus.b-cdn.net\/wp-content\/uploads\/2024\/07\/6721152591-2-100x100.jpg",100,100,true]},"uagb_author_info":{"display_name":"adam.mrozek","author_link":"https:\/\/e-kalastus.ee\/author\/"},"uagb_comment_info":0,"uagb_excerpt":"Mitmek\u00fclgne riietus soojemateks ilmadeks. Remingtoni professionaalsed Alabama sarjad on kerged ja paindlikud. Hea riietus kalap\u00fc\u00fcgiks, varas\u00fcgiseseks jahiks, aktiivseks liikumiseks v\u00f5i lihtsalt vabaaja riietuseks. T\u00f6\u00f6tab k\u00fclmal ajal ka aluspesuna. Kost\u00fc\u00fcmi juurde kuuluvad p\u00fcksid ja jope. V\u00e4rvus on tume oliiv. Jope varrukatel ja all\u00e4\u00e4res elastsed k\u00e4tised. Jopel on 2 lukuga esitaskut. Kapuuts P\u00fckstel on n\u00f6\u00f6r ja veniv&hellip;","_links":{"self":[{"href":"https:\/\/e-kalastus.ee\/wp-json\/wp\/v2\/product\/21760","targetHints":{"allow":["GET"]}}],"collection":[{"href":"https:\/\/e-kalastus.ee\/wp-json\/wp\/v2\/product"}],"about":[{"href":"https:\/\/e-kalastus.ee\/wp-json\/wp\/v2\/types\/product"}],"wp:featuredmedia":[{"embeddable":true,"href":"https:\/\/e-kalastus.ee\/wp-json\/wp\/v2\/media\/70953"}],"wp:attachment":[{"href":"https:\/\/e-kalastus.ee\/wp-json\/wp\/v2\/media?parent=21760"}],"wp:term":[{"taxonomy":"product_brand","embeddable":true,"href":"https:\/\/e-kalastus.ee\/wp-json\/wp\/v2\/product_brand?post=21760"},{"taxonomy":"product_cat","embeddable":true,"href":"https:\/\/e-kalastus.ee\/wp-json\/wp\/v2\/product_cat?post=21760"},{"taxonomy":"product_tag","embeddable":true,"href":"https:\/\/e-kalastus.ee\/wp-json\/wp\/v2\/product_tag?post=21760"}],"curies":[{"name":"wp","href":"https:\/\/api.w.org\/{rel}","templated":true}]}}