{"id":21498,"date":"2023-09-29T11:00:41","date_gmt":"2023-09-29T08:00:41","guid":{"rendered":"https:\/\/e-kalastus.ee\/toode\/silikoon-westin-shadteez-16cm-offical-roach-1tk\/"},"modified":"2026-03-30T14:38:01","modified_gmt":"2026-03-30T11:38:01","slug":"silikoon-westin-shadteez-16cm-offical-roach-1tk","status":"publish","type":"product","link":"https:\/\/e-kalastus.ee\/toode\/silikoon-westin-shadteez-16cm-offical-roach-1tk\/","title":{"rendered":"Westin Shadteez 16cm 1tk #Offical Roach"},"content":{"rendered":"\n    <div class=\"xs_social_share_widget xs_share_url after_content \t\tmain_content  wslu-style-1 wslu-share-box-shaped wslu-fill-colored wslu-none wslu-share-horizontal wslu-theme-font-no wslu-main_content\">\n\n\t\t\n        <ul>\n\t\t\t        <\/ul>\n    <\/div> \n","protected":false},"excerpt":{"rendered":"<p>ShadTeez on \u00fclimalt realistlik lant, mis \u00fchendab elutruu m\u00e4ngu ja detailse viimistluse, et meelitada ligi ka k\u00f5ige ettevaatlikumad r\u00f6\u00f6vkalad.<\/p>\n","protected":false},"featured_media":68583,"template":"","meta":{"_uag_custom_page_level_css":""},"product_brand":[763],"product_cat":[1419],"product_tag":[],"class_list":{"0":"post-21498","1":"product","2":"type-product","3":"status-publish","4":"has-post-thumbnail","6":"product_brand-westin","7":"product_cat-shadteez","8":"pa_brand-westin","9":"pa_pikkus-16-25cm","11":"first","12":"instock","13":"taxable","14":"shipping-taxable","15":"purchasable","16":"product-type-simple"},"uagb_featured_image_src":{"full":["https:\/\/e-kalastus.b-cdn.net\/wp-content\/uploads\/2024\/07\/p021-155-x1-default.jpg",1000,750,false],"thumbnail":["https:\/\/e-kalastus.b-cdn.net\/wp-content\/uploads\/2024\/07\/p021-155-x1-default-150x150.jpg",150,150,true],"medium":["https:\/\/e-kalastus.b-cdn.net\/wp-content\/uploads\/2024\/07\/p021-155-x1-default-300x300.jpg",300,300,true],"medium_large":["https:\/\/e-kalastus.b-cdn.net\/wp-content\/uploads\/2024\/07\/p021-155-x1-default-768x768.jpg",768,768,true],"large":["https:\/\/e-kalastus.b-cdn.net\/wp-content\/uploads\/2024\/07\/p021-155-x1-default-800x800.jpg",800,800,true],"1536x1536":["https:\/\/e-kalastus.b-cdn.net\/wp-content\/uploads\/2024\/07\/p021-155-x1-default.jpg",1000,750,false],"2048x2048":["https:\/\/e-kalastus.b-cdn.net\/wp-content\/uploads\/2024\/07\/p021-155-x1-default.jpg",1000,750,false],"woocommerce_thumbnail":["https:\/\/e-kalastus.b-cdn.net\/wp-content\/uploads\/2024\/07\/p021-155-x1-default-768x768.jpg",324,324,true],"woocommerce_single":["https:\/\/e-kalastus.b-cdn.net\/wp-content\/uploads\/2024\/07\/p021-155-x1-default.jpg",416,312,false],"woocommerce_gallery_thumbnail":["https:\/\/e-kalastus.b-cdn.net\/wp-content\/uploads\/2024\/07\/p021-155-x1-default-100x100.jpg",100,100,true]},"uagb_author_info":{"display_name":"adam.mrozek","author_link":"https:\/\/e-kalastus.ee\/author\/"},"uagb_comment_info":0,"uagb_excerpt":"ShadTeez on \u00fclimalt realistlik lant, mis \u00fchendab elutruu m\u00e4ngu ja detailse viimistluse, et meelitada ligi ka k\u00f5ige ettevaatlikumad r\u00f6\u00f6vkalad.","_links":{"self":[{"href":"https:\/\/e-kalastus.ee\/wp-json\/wp\/v2\/product\/21498","targetHints":{"allow":["GET"]}}],"collection":[{"href":"https:\/\/e-kalastus.ee\/wp-json\/wp\/v2\/product"}],"about":[{"href":"https:\/\/e-kalastus.ee\/wp-json\/wp\/v2\/types\/product"}],"wp:featuredmedia":[{"embeddable":true,"href":"https:\/\/e-kalastus.ee\/wp-json\/wp\/v2\/media\/68583"}],"wp:attachment":[{"href":"https:\/\/e-kalastus.ee\/wp-json\/wp\/v2\/media?parent=21498"}],"wp:term":[{"taxonomy":"product_brand","embeddable":true,"href":"https:\/\/e-kalastus.ee\/wp-json\/wp\/v2\/product_brand?post=21498"},{"taxonomy":"product_cat","embeddable":true,"href":"https:\/\/e-kalastus.ee\/wp-json\/wp\/v2\/product_cat?post=21498"},{"taxonomy":"product_tag","embeddable":true,"href":"https:\/\/e-kalastus.ee\/wp-json\/wp\/v2\/product_tag?post=21498"}],"curies":[{"name":"wp","href":"https:\/\/api.w.org\/{rel}","templated":true}]}}