{"id":21441,"date":"2023-09-29T08:55:13","date_gmt":"2023-09-29T05:55:13","guid":{"rendered":"https:\/\/e-kalastus.ee\/toode\/silikoon-westin-bullteez-curltail-14cm-offical-roach-1tk\/"},"modified":"2026-04-03T13:05:32","modified_gmt":"2026-04-03T10:05:32","slug":"silikoon-westin-bullteez-curltail-14cm-offical-roach-1tk","status":"publish","type":"product","link":"https:\/\/e-kalastus.ee\/toode\/silikoon-westin-bullteez-curltail-14cm-offical-roach-1tk\/","title":{"rendered":"Westin Bullteez Curltail 14cm 1tk #Offical Roach"},"content":{"rendered":"<p><\/p>\n<p dir=\"ltr\" style=\"line-height:1.7999999999999998;margin-top:0pt;margin-bottom:11pt\"><span id=\"docs-internal-guid-5f49ef67-7fff-460d-c710-5dc028b7e594\"><span style=\"font-size: 10.5pt;font-family: Arial, sans-serif;background-color: transparent;vertical-align: baseline\">Bullteez Curltaili nimi \u00fctleb k\u00f5ik. Bullteezi ja Curly kombinatsioon. See s\u00f6\u00f6t on suurep\u00e4rane t\u00e4iendus tuntud suurele kalamagnetile Bullteez Shadtail. See lant meelitab oma veerevate ja lehvivate lokkidega ka k\u00f5ige raskemini r\u00fcndama. V\u00f5tke Bullteez Curltail v\u00e4ga aeglaselt s\u00fcgavas vees v\u00f5i kiirendage seda ja p\u00fc\u00fcdke kiiresti \u00fcle madala umbrohu. See on suurep\u00e4rane valik r\u00f6\u00f6vloomadele nagu haug, ahven ja tuur. Bullteez Curltaili saab h\u00f5lpsalt p\u00fc\u00fcda madalatel platvormidel v\u00f5i tavalise jigipeaga otse s\u00fcgavusse. Umbrohuvabaks tarnimiseks koos nihkekonksuga oleme Bullteez Curltaili varustanud tuulutusavadega k\u00f5hul ja seljal. Suurep\u00e4rane \u00fcmmarguste struktuuride ja l\u00e4bi umbrohu p\u00fc\u00fcgiks!<\/span><\/span><\/p>\n<p dir=\"ltr\" style=\"line-height:1.7999999999999998;margin-top:11pt;margin-bottom:11pt\"><span id=\"docs-internal-guid-5f49ef67-7fff-460d-c710-5dc028b7e594\"><span style=\"font-size: 10.5pt;font-family: Arial, sans-serif;background-color: transparent;vertical-align: baseline\">Funktsioonid:<\/span><\/span><\/p>\n<p dir=\"ltr\" style=\"line-height:1.7999999999999998;margin-top:11pt;margin-bottom:11pt\"><span id=\"docs-internal-guid-5f49ef67-7fff-460d-c710-5dc028b7e594\"><span style=\"font-size: 10.5pt;font-family: Arial, sans-serif;background-color: transparent;vertical-align: baseline\">Toksiliste ftalaatide vaba<\/span><\/span><\/p>\n<p dir=\"ltr\" style=\"line-height:1.7999999999999998;margin-top:11pt;margin-bottom:11pt\"><span id=\"docs-internal-guid-5f49ef67-7fff-460d-c710-5dc028b7e594\"><span style=\"font-size: 10.5pt;font-family: Arial, sans-serif;background-color: transparent;vertical-align: baseline\">Realistlikud silmad<\/span><\/span><\/p>\n<p dir=\"ltr\" style=\"line-height:1.7999999999999998;margin-top:11pt;margin-bottom:11pt\"><span id=\"docs-internal-guid-5f49ef67-7fff-460d-c710-5dc028b7e594\"><span style=\"font-size: 10.5pt;font-family: Arial, sans-serif;background-color: transparent;vertical-align: baseline\">Curtail liigub \u00e4\u00e4rmiselt aeglaselt<\/span><\/span><\/p>\n<p dir=\"ltr\" style=\"line-height:1.7999999999999998;margin-top:11pt;margin-bottom:11pt\"><span id=\"docs-internal-guid-5f49ef67-7fff-460d-c710-5dc028b7e594\"><span style=\"font-size: 10.5pt;font-family: Arial, sans-serif;background-color: transparent;vertical-align: baseline\">K\u00f5hupiirkonna keerdumine<\/span><\/span><\/p>\n<p dir=\"ltr\" style=\"line-height:1.7999999999999998;margin-top:11pt;margin-bottom:11pt\"><span id=\"docs-internal-guid-5f49ef67-7fff-460d-c710-5dc028b7e594\"><span style=\"font-size: 10.5pt;font-family: Arial, sans-serif;background-color: transparent;vertical-align: baseline\">Selja ja k\u00f5hu v\u00e4ljal\u00f5iked nihutatud taglase jaoks<\/span><\/span><\/p>\n<p dir=\"ltr\" style=\"line-height:1.7999999999999998;margin-top:11pt;margin-bottom:11pt\"><span id=\"docs-internal-guid-5f49ef67-7fff-460d-c710-5dc028b7e594\"><span style=\"font-size: 10.5pt;font-family: Arial, sans-serif;background-color: transparent;vertical-align: baseline\">Pikkus 14 cm<\/span><\/span><\/p>\n<p dir=\"ltr\" style=\"line-height:1.7999999999999998;margin-top:11pt;margin-bottom:11pt\"><span id=\"docs-internal-guid-5f49ef67-7fff-460d-c710-5dc028b7e594\"><span style=\"font-size: 10.5pt;font-family: Arial, sans-serif;background-color: transparent;vertical-align: baseline\">Kaal 15g<\/span><\/span><\/p>\n<div>&nbsp;<\/div>\n<p><\/p>\n\n    <div class=\"xs_social_share_widget xs_share_url after_content \t\tmain_content  wslu-style-1 wslu-share-box-shaped wslu-fill-colored wslu-none wslu-share-horizontal wslu-theme-font-no wslu-main_content\">\n\n\t\t\n        <ul>\n\t\t\t        <\/ul>\n    <\/div>","protected":false},"excerpt":{"rendered":"<p>Bullteez Curltail on elutruu lant, mis \u00fchendab Bullteezi j\u00f5u ja lokksaba m\u00e4ngulisuse, pakkudes v\u00f5rratut liikumist ja t\u00f5husust suurte r\u00f6\u00f6vkalade, nagu haug, ahven ja tuur, p\u00fc\u00fcgiks.<\/p>\n","protected":false},"featured_media":118616,"template":"","meta":{"_uag_custom_page_level_css":""},"product_brand":[763],"product_cat":[1416],"product_tag":[],"class_list":{"0":"post-21441","1":"product","2":"type-product","3":"status-publish","4":"has-post-thumbnail","6":"product_brand-westin","7":"product_cat-bullteez-curltail","8":"pa_brand-westin","9":"pa_pikkus-10-15-2cm","11":"first","12":"instock","13":"taxable","14":"shipping-taxable","15":"purchasable","16":"product-type-simple"},"uagb_featured_image_src":{"full":["https:\/\/e-kalastus.b-cdn.net\/wp-content\/uploads\/2025\/08\/2fbcfed6-9698-460f-abc8-b450dd5d9c38-p081-155-xxx-default-3.jpg",1000,750,false],"thumbnail":["https:\/\/e-kalastus.b-cdn.net\/wp-content\/uploads\/2025\/08\/2fbcfed6-9698-460f-abc8-b450dd5d9c38-p081-155-xxx-default-3-150x150.jpg",150,150,true],"medium":["https:\/\/e-kalastus.b-cdn.net\/wp-content\/uploads\/2025\/08\/2fbcfed6-9698-460f-abc8-b450dd5d9c38-p081-155-xxx-default-3-300x225.jpg",300,225,true],"medium_large":["https:\/\/e-kalastus.b-cdn.net\/wp-content\/uploads\/2025\/08\/2fbcfed6-9698-460f-abc8-b450dd5d9c38-p081-155-xxx-default-3-768x576.jpg",768,576,true],"large":["https:\/\/e-kalastus.b-cdn.net\/wp-content\/uploads\/2025\/08\/2fbcfed6-9698-460f-abc8-b450dd5d9c38-p081-155-xxx-default-3-800x600.jpg",800,600,true],"1536x1536":["https:\/\/e-kalastus.b-cdn.net\/wp-content\/uploads\/2025\/08\/2fbcfed6-9698-460f-abc8-b450dd5d9c38-p081-155-xxx-default-3.jpg",1000,750,false],"2048x2048":["https:\/\/e-kalastus.b-cdn.net\/wp-content\/uploads\/2025\/08\/2fbcfed6-9698-460f-abc8-b450dd5d9c38-p081-155-xxx-default-3.jpg",1000,750,false],"woocommerce_thumbnail":["https:\/\/e-kalastus.b-cdn.net\/wp-content\/uploads\/2025\/08\/2fbcfed6-9698-460f-abc8-b450dd5d9c38-p081-155-xxx-default-3-324x324.jpg",324,324,true],"woocommerce_single":["https:\/\/e-kalastus.b-cdn.net\/wp-content\/uploads\/2025\/08\/2fbcfed6-9698-460f-abc8-b450dd5d9c38-p081-155-xxx-default-3-768x576.jpg",416,312,true],"woocommerce_gallery_thumbnail":["https:\/\/e-kalastus.b-cdn.net\/wp-content\/uploads\/2025\/08\/2fbcfed6-9698-460f-abc8-b450dd5d9c38-p081-155-xxx-default-3-100x100.jpg",100,100,true]},"uagb_author_info":{"display_name":"adam.mrozek","author_link":"https:\/\/e-kalastus.ee\/author\/"},"uagb_comment_info":0,"uagb_excerpt":"Bullteez Curltail on elutruu lant, mis \u00fchendab Bullteezi j\u00f5u ja lokksaba m\u00e4ngulisuse, pakkudes v\u00f5rratut liikumist ja t\u00f5husust suurte r\u00f6\u00f6vkalade, nagu haug, ahven ja tuur, p\u00fc\u00fcgiks.","_links":{"self":[{"href":"https:\/\/e-kalastus.ee\/wp-json\/wp\/v2\/product\/21441","targetHints":{"allow":["GET"]}}],"collection":[{"href":"https:\/\/e-kalastus.ee\/wp-json\/wp\/v2\/product"}],"about":[{"href":"https:\/\/e-kalastus.ee\/wp-json\/wp\/v2\/types\/product"}],"wp:featuredmedia":[{"embeddable":true,"href":"https:\/\/e-kalastus.ee\/wp-json\/wp\/v2\/media\/118616"}],"wp:attachment":[{"href":"https:\/\/e-kalastus.ee\/wp-json\/wp\/v2\/media?parent=21441"}],"wp:term":[{"taxonomy":"product_brand","embeddable":true,"href":"https:\/\/e-kalastus.ee\/wp-json\/wp\/v2\/product_brand?post=21441"},{"taxonomy":"product_cat","embeddable":true,"href":"https:\/\/e-kalastus.ee\/wp-json\/wp\/v2\/product_cat?post=21441"},{"taxonomy":"product_tag","embeddable":true,"href":"https:\/\/e-kalastus.ee\/wp-json\/wp\/v2\/product_tag?post=21441"}],"curies":[{"name":"wp","href":"https:\/\/api.w.org\/{rel}","templated":true}]}}